{"id":99,"date":"2020-03-02T10:00:00","date_gmt":"2020-03-02T09:00:00","guid":{"rendered":"https:\/\/lamaktaba.fr\/index.php\/produit\/guide-de-pelerin-tout-savoir-sur-le-pelerinage-hajj-et-la-omra-dr-nabil-alliouane\/"},"modified":"2025-04-01T12:43:22","modified_gmt":"2025-04-01T10:43:22","slug":"guide-de-pelerin-tout-savoir-sur-le-pelerinage-hajj-et-la-omra-dr-nabil-alliouane","status":"publish","type":"product","link":"https:\/\/lamaktaba.fr\/index.php\/produit\/guide-de-pelerin-tout-savoir-sur-le-pelerinage-hajj-et-la-omra-dr-nabil-alliouane","title":{"rendered":"Tout savoir sur le Hajj &#038; la Omra, Edition Tawbah"},"content":{"rendered":"<p>Le Guide du p\u00e8lerin pour tout savoir sur le p\u00e8lerinage (Hajj) et la &lsquo;Umra, conseils pratiques, et astuces;R\u00e9el guide pratique, exposant de mani\u00e8re simple et claire les rites, les r\u00e8gles, les interdits, les permissions, les d\u00e9rogations, tout en donnant \u00e9galement acc\u00e8s aux sagesses et origines des rites, et montrant les choses telles qu&rsquo;elles sont \u00e0 l&rsquo;heure actuelle, afin que le p\u00e8lerin puisse pleinement tirer profit de son p\u00e8lerinage;A chaque \u00e9tape, une description pratique des conditions dans lesquelles se d\u00e9roulent actuellement les rites, avec des conseils pratiques.<\/p>\n","protected":false},"excerpt":{"rendered":"<p>Le Guide du p\u00e8lerin pour tout savoir sur le p\u00e8lerinage (Hajj) et la &lsquo;Umra, conseils pratiques, et astuces;R\u00e9el guide pratique, exposant de mani\u00e8re simple et claire les rites, les r\u00e8gles, les interdits, les permissions, les d\u00e9rogations, tout en donnant \u00e9galement acc\u00e8s aux sagesses et origines des rites, et montrant les choses telles qu&rsquo;elles sont \u00e0 l&rsquo;heure actuelle, afin que le p\u00e8lerin puisse pleinement tirer profit de son p\u00e8lerinage;A chaque \u00e9tape, une description pratique des conditions dans lesquelles se d\u00e9roulent actuellement les rites, avec des conseils pratiques.<\/p>\n","protected":false},"featured_media":37255,"comment_status":"open","ping_status":"closed","template":"","meta":[],"product_brand":[],"product_cat":[15],"product_tag":[],"class_list":{"0":"post-99","1":"product","2":"type-product","3":"status-publish","4":"has-post-thumbnail","6":"product_cat-non-classe","7":"pa_annee-446","8":"pa_auteur-compilation-et-traduction-dr-nabil-alliouane","9":"pa_editeur-bdouin-editions","10":"pa_format-12-4-cm-x-17-4-cm","11":"pa_langue-francais","12":"pa_nombre-de-pages-827","13":"pa_reliure-cartonnee","15":"first","16":"outofstock","17":"shipping-taxable","18":"purchasable","19":"product-type-simple"},"_links":{"self":[{"href":"https:\/\/lamaktaba.fr\/index.php\/wp-json\/wp\/v2\/product\/99","targetHints":{"allow":["GET"]}}],"collection":[{"href":"https:\/\/lamaktaba.fr\/index.php\/wp-json\/wp\/v2\/product"}],"about":[{"href":"https:\/\/lamaktaba.fr\/index.php\/wp-json\/wp\/v2\/types\/product"}],"replies":[{"embeddable":true,"href":"https:\/\/lamaktaba.fr\/index.php\/wp-json\/wp\/v2\/comments?post=99"}],"wp:featuredmedia":[{"embeddable":true,"href":"https:\/\/lamaktaba.fr\/index.php\/wp-json\/wp\/v2\/media\/37255"}],"wp:attachment":[{"href":"https:\/\/lamaktaba.fr\/index.php\/wp-json\/wp\/v2\/media?parent=99"}],"wp:term":[{"taxonomy":"product_brand","embeddable":true,"href":"https:\/\/lamaktaba.fr\/index.php\/wp-json\/wp\/v2\/product_brand?post=99"},{"taxonomy":"product_cat","embeddable":true,"href":"https:\/\/lamaktaba.fr\/index.php\/wp-json\/wp\/v2\/product_cat?post=99"},{"taxonomy":"product_tag","embeddable":true,"href":"https:\/\/lamaktaba.fr\/index.php\/wp-json\/wp\/v2\/product_tag?post=99"}],"curies":[{"name":"wp","href":"https:\/\/api.w.org\/{rel}","templated":true}]}}