{"id":91,"date":"2020-02-03T10:00:00","date_gmt":"2020-02-03T09:00:00","guid":{"rendered":"https:\/\/lamaktaba.fr\/index.php\/produit\/roqya-pour-bebe-berceuse-en-cd-audio-cd-audio-compact-disc\/"},"modified":"2025-04-01T12:43:35","modified_gmt":"2025-04-01T10:43:35","slug":"roqya-pour-bebe-berceuse-en-cd-audio-cd-audio-compact-disc","status":"publish","type":"product","link":"https:\/\/lamaktaba.fr\/index.php\/produit\/roqya-pour-bebe-berceuse-en-cd-audio-cd-audio-compact-disc","title":{"rendered":"CD Roqya pour bebe"},"content":{"rendered":"<p>Titre: CD Roqya pour bebe;Auteur: famille musulmane;Edition: PIXELGRAF;Support: Cd;Theme: Biblioth\u00e8que de la famille;Description: L&rsquo;\u00e9quipe de \u00ab\u00a0famille musulmane\u00a0\u00bb vous pr\u00e9sente: \u00ab\u00a0roqya pour b\u00e9b\u00e9\u00a0\u00bb, sous forme de berceuse, montrant une sc\u00e8ne de la vie quotidienne d&rsquo;une m\u00e8re et d&rsquo;un p\u00e8re lors du coucher de leur jeune enfant. Comme le faisait souvent notre cher proph\u00e8te Mohammed (saws), \u00e0 ses petits-fils: Hassan et Houssein, ces invocations et cette douce r\u00e9citation vous aideront \u00e0 endormir votre enfant et le prot\u00e8geront de tous les maux pouvant l&rsquo;atteindre.<\/p>\n","protected":false},"excerpt":{"rendered":"<p>Titre: CD Roqya pour bebe;Auteur: famille musulmane;Edition: PIXELGRAF;Support: Cd;Theme: Biblioth\u00e8que de la famille;Description: L&rsquo;\u00e9quipe de \u00ab\u00a0famille musulmane\u00a0\u00bb vous pr\u00e9sente: \u00ab\u00a0roqya pour b\u00e9b\u00e9\u00a0\u00bb, sous forme de berceuse, montrant une sc\u00e8ne de la vie quotidienne d&rsquo;une m\u00e8re et d&rsquo;un p\u00e8re lors du coucher de leur jeune enfant. Comme le faisait souvent notre cher proph\u00e8te Mohammed (saws), \u00e0 ses petits-fils: Hassan et Houssein, ces invocations et cette douce r\u00e9citation vous aideront \u00e0 endormir votre enfant et le prot\u00e8geront de tous les maux pouvant l&rsquo;atteindre.<\/p>\n","protected":false},"featured_media":37058,"comment_status":"open","ping_status":"closed","template":"","meta":[],"product_brand":[],"product_cat":[15],"product_tag":[],"class_list":{"0":"post-91","1":"product","2":"type-product","3":"status-publish","4":"has-post-thumbnail","6":"product_cat-non-classe","7":"pa_editeur-pixelgraf-editions-2","9":"first","10":"outofstock","11":"shipping-taxable","12":"purchasable","13":"product-type-simple"},"_links":{"self":[{"href":"https:\/\/lamaktaba.fr\/index.php\/wp-json\/wp\/v2\/product\/91","targetHints":{"allow":["GET"]}}],"collection":[{"href":"https:\/\/lamaktaba.fr\/index.php\/wp-json\/wp\/v2\/product"}],"about":[{"href":"https:\/\/lamaktaba.fr\/index.php\/wp-json\/wp\/v2\/types\/product"}],"replies":[{"embeddable":true,"href":"https:\/\/lamaktaba.fr\/index.php\/wp-json\/wp\/v2\/comments?post=91"}],"wp:featuredmedia":[{"embeddable":true,"href":"https:\/\/lamaktaba.fr\/index.php\/wp-json\/wp\/v2\/media\/37058"}],"wp:attachment":[{"href":"https:\/\/lamaktaba.fr\/index.php\/wp-json\/wp\/v2\/media?parent=91"}],"wp:term":[{"taxonomy":"product_brand","embeddable":true,"href":"https:\/\/lamaktaba.fr\/index.php\/wp-json\/wp\/v2\/product_brand?post=91"},{"taxonomy":"product_cat","embeddable":true,"href":"https:\/\/lamaktaba.fr\/index.php\/wp-json\/wp\/v2\/product_cat?post=91"},{"taxonomy":"product_tag","embeddable":true,"href":"https:\/\/lamaktaba.fr\/index.php\/wp-json\/wp\/v2\/product_tag?post=91"}],"curies":[{"name":"wp","href":"https:\/\/api.w.org\/{rel}","templated":true}]}}