{"id":89,"date":"2020-02-03T10:00:00","date_gmt":"2020-02-03T09:00:00","guid":{"rendered":"https:\/\/lamaktaba.fr\/index.php\/produit\/%d8%ad%d8%b5%d9%86-%d8%a7%d9%84%d9%85%d8%b3%d9%84%d9%85-%d9%85%d9%86-%d8%a3%d8%b0%d9%83%d8%a7%d8%b1-%d8%a7%d9%84%d9%83%d8%aa%d8%a7%d8%a8-%d9%88-%d8%a7%d9%84%d8%b3%d9%86%d8%a9-%d9%83%d8%a8%d9%8a-3\/"},"modified":"2025-04-01T12:46:11","modified_gmt":"2025-04-01T10:46:11","slug":"d8add8b5d986-d8a7d984d985d8b3d984d985-d985d986-d8a3d8b0d983d8a7d8b1-d8a7d984d983d8aad8a7d8a8-d988-d8a7d984d8b3d986d8a9-d983d8a8d98a-3","status":"publish","type":"product","link":"https:\/\/lamaktaba.fr\/index.php\/produit\/d8add8b5d986-d8a7d984d985d8b3d984d985-d985d986-d8a3d8b0d983d8a7d8b1-d8a7d984d983d8aad8a7d8a8-d988-d8a7d984d8b3d986d8a9-d983d8a8d98a-3","title":{"rendered":"\u062d\u0635\u0646 \u0627\u0644\u0645\u0633\u0644\u0645 \u0645\u0646 \u0623\u0630\u0643\u0627\u0631 \u0627\u0644\u0643\u062a\u0627\u0628 \u0648 \u0627\u0644\u0633\u0646\u0629 (\u0643\u0628\u064a\u0631) \u0644\u0644\u0634\u064a\u062e \u0627\u0644\u0642\u062d\u0637\u0627\u0646\u064a &#8211; (FORMAT GRAND) La Citadelle du musulman &#8211; version arabe"},"content":{"rendered":"<p>\u062d\u0635\u0646 \u0627\u0644\u0645\u0633\u0644\u0645 \u0645\u0646 \u0623\u0630\u0643\u0627\u0631 \u0627\u0644\u0643\u062a\u0627\u0628 \u0648 \u0627\u0644\u0633\u0646\u0629 \u060c \u0637\u0628\u0639\u0629 \u0645\u0632\u064a\u062f\u0629 \u0648 \u0645\u0636\u0628\u0648\u0637\u0629 \u0628\u0627\u0644\u0634\u0643\u0644,\u062d\u062c\u0645 \u0643\u0628\u064a\u0631 \u060c\u0643\u062a\u0627\u0628 \u0645\u0646 \u062a\u0627\u0644\u064a\u0641 \u0633\u0639\u064a\u062f \u0628\u0646 \u0639\u0644\u064a \u0628\u0646 \u0648\u0647\u0641 \u0627\u0644\u0642\u062d\u0637\u0627\u0646\u064a<br \/>\u0645\u062e\u062a\u0635\u0631 \u0645\u0646 \u0643\u062a\u0627\u0628 \u00ab\u00a0\u0627\u0644\u0630\u0643\u0631 \u0648\u0627\u0644\u062f\u0639\u0627\u0621 \u0648 \u0627\u0644\u0639\u0644\u0627\u062c \u0628\u0627\u0644\u0631\u0642\u0649 \u0645\u0646 \u0627\u0644\u0643\u062a\u0627\u0628 \u0648 \u0627\u0644\u0633\u0646\u0629\u060c \u0627\u062e\u062a\u0635\u0631 \u0641\u064a\u0647 \u0627\u0644\u0643\u0627\u062a\u0628 \u0642\u0633\u0645 \u0627\u0644\u0623\u0630\u0643\u0627\u0631 \u0644\u064a\u0643\u0648\u0646 \u062e\u0641\u064a\u0641 \u0627\u0644\u062d\u0645\u0644 \u0641\u064a \u0627\u0644\u0623\u0633\u0641\u0627\u0631.\u0648 \u0642\u062f \u0627\u0642\u062a\u0635\u0631 \u0627\u0644\u0643\u0627\u062a\u0628 \u0639\u0644\u0649 \u0645\u062a\u0646 \u0627\u0644\u0630\u0643\u0631 \u0648 \u0625\u0643\u062a\u0641\u0649 \u0641\u064a \u062a\u062e\u0631\u064a\u062c\u0647 \u0628\u0630\u0643\u0631 \u0645\u0635\u062f\u0631 \u0623\u0648 \u0645\u0635\u062f\u0631\u064a\u0646 \u0645\u0645\u0627 \u0648\u062c\u062f \u0641\u064a \u0627\u0644\u0623\u0635\u0644\u060c \u0648 \u0645\u0646 \u0623\u0631\u0627\u062f \u0645\u0639\u0631\u0641\u0629 \u0627\u0644\u0635\u062d\u0627\u0628\u064a \u0623\u0648 \u0632\u064a\u0627\u062f\u0629 \u0641\u064a \u0627\u0644\u062a\u062e\u0631\u064a\u062c \u0641\u0639\u0644\u064a\u0647 \u0628\u0627\u0644\u0631\u062c\u0648\u0639 \u0625\u0644\u0649 \u0627\u0644\u0623\u0635\u0644<br \/>Hisn Al Muslim Min Adhkar Al Kitaab Wa Sunnah (La citadelle du musulman. Invocations selon le coran et la Sunnah) par Sa&rsquo;eed Al Qahtani -Version Arabe &#8211; Livre Grand Format &#8211; Texte enti\u00e8rement vocalis\u00e9<br \/>Ce livre est un condens\u00e9 de l&rsquo;ouvrage intitul\u00e9: \u00ab Le rappel, l&rsquo;invocation et la pratique de l&rsquo;exorcisme \u00e0 la lumi\u00e8re du coran et de la sunna). L&rsquo;auteur a r\u00e9sum\u00e9 la partie du livre consacr\u00e9e aux formules de rappel afin d&rsquo;obtenir au final un produit qui soit ais\u00e9ment utilisable en temps de voyage. Pour ce faire,il s&rsquo;est content\u00e9 du simple texte des hadiths dans lesquels figurent les dites formules, en se limitant \u00e0 chaque fois \u00e0 une ou deux sources parmi celles qui sont cit\u00e9s dans l&rsquo;ouvrage original. Il appartient donc au lecteur qui d\u00e9sire conna\u00eetre le nom de compagnons rapporteur, ou avoir plus d&rsquo;informations quand aux sources des hadiths,de s&rsquo;y r\u00e9f\u00e9rer<br \/>Somaire du livre<br \/>Le m\u00e9rite des rappels<br \/>Des invocations \u00e0 r\u00e9citer lorsqu&rsquo;on se r\u00e9veille<br \/>L&rsquo;invocation \u00e0 r\u00e9citer Lorsqu&rsquo;on s&rsquo;habille<br \/>L&rsquo;invocation \u00e0 dire lorsque l&rsquo;on met un v\u00eatement neuf<br \/>Les invocations qu&rsquo;on dit \u00e0 celui qui met un v\u00eatement neuf<br \/>Avant de se d\u00e9shabiller<br \/>En entrant aux toilettes<br \/>En sortant des toilettes<br \/>Ce que l&rsquo;on dit avant les ablutions<br \/>Ce que l&rsquo;on dit apr\u00e8s les ablutions<br \/>En entrant\/sortant de la maison<br \/>En allant \u00e0 la mosqu\u00e9e<br \/>En entrant \u00e0 la mosqu\u00e9e<br \/>En sortant de la mosqu\u00e9e<br \/>De l&rsquo;appel \u00e0 la pri\u00e8re<br \/>De l&rsquo;ouverture de la pri\u00e8re<br \/>De l&rsquo;inclinaison<br \/>En se redressant de l&rsquo;inclinaison<br \/>De la prosternation<br \/>Entre les deux prosternations<br \/>De la prosternation de la r\u00e9citation du Coran<br \/>L&rsquo;attestation de foi<br \/>La pri\u00e8re sur le Proph\u00e8te (saws) apr\u00e8s l&rsquo;attestation de foi<br \/>Apr\u00e8s le dernier Tachahhud juste avant les salutations<br \/>Apr\u00e8s la pri\u00e8re<br \/>De la pri\u00e8re dite de consultation (al-Istikh\u00e2ra)<br \/>Du matin et du soir<br \/>Du sommeil<br \/>Lorsque l&rsquo;on change de c\u00f4t\u00e9 en dormant<br \/>Lorsque l&rsquo;on se r\u00e9veille en sursaut ou que l&rsquo;on se sent mal<br \/>Ce que l&rsquo;on doit faire apr\u00e8s un songe ou un cauchemar<br \/>Du Qun\u00fbt dans la pri\u00e8re du Witr<br \/>Apr\u00e8s la pri\u00e8re du Witr<br \/>En cas de soucis et de tristesse<br \/>En cas d&rsquo;affliction<br \/>En rencontrant l&rsquo;ennemi ou des autorit\u00e9s<br \/>De celui qui craint l&rsquo;injustice du gouverneur<br \/>Contre l&rsquo;ennemi<br \/>De celui qui craint un groupe de gens<br \/>De celui qui rencontre des doutes dans sa croyance<br \/>Pour se d\u00e9livrer d&rsquo;une dette<br \/>Contre la tentation dans la pri\u00e8re et au cours de la r\u00e9citation du Coran<br \/>Lorsque l&rsquo;on rencontre une difficult\u00e9<br \/>Lorsque l&rsquo;on a commis un p\u00e9ch\u00e9<br \/>Ce qui chasse le diable et ses tentations<br \/>Lorsqu&rsquo;il arrive une chose d\u00e9sagr\u00e9able ou que l&rsquo;on est d\u00e9pass\u00e9 par les \u00e9v\u00e9nements<br \/>Les f\u00e9licitations \u00e0 l&rsquo;occasion d&rsquo;une naissance<br \/>Pour demander la protection d&rsquo;Allah sur les enfants<br \/>Ce que l&rsquo;on dit en visitant un malade<br \/>Le m\u00e9rite de rendre visite \u00e0 un malade<br \/>Du malade qui perd espoir de vivre<br \/>Faire prononcer au mourant la profession de foi (ach-Chah\u00e2da)<br \/>De celui qui est atteint par un malheur<br \/>Apr\u00e8s avoir ferm\u00e9 les yeux du mort<br \/>Pour le mort pendant l&rsquo;office fun\u00e9raire<br \/>Pour l&rsquo;enfant mort lors de la pri\u00e8re sur lui<br \/>Les condol\u00e9ances<br \/>En pla\u00e7ant le mort dans sa tombe<br \/>Apr\u00e8s l&rsquo;inhumation du mort<br \/>En visitant le cimeti\u00e8re<br \/>Lorsque le vent souffle<br \/>Lorsque le tonnerre gronde<br \/>Parmi les invocations de demande de pluie<br \/>Lorsque la pluie tombe<br \/>Apr\u00e8s la pluie<br \/>Lorsque l&rsquo;on a peur de la pluie<br \/>En voyant la nouvelle lune<br \/>Au moment de rompre le je\u00fbne<br \/>En commen\u00e7ant le repas<br \/>A la fin du repas<br \/>De l&rsquo;invit\u00e9 en faveur de l&rsquo;h\u00f4te<br \/>En faveur de celui qui donne \u00e0 boire<br \/>Du je\u00fbneur en faveur de celui qui lui fait rompre<br \/>Du je\u00fbneur lorsqu&rsquo;on lui pr\u00e9sente \u00e0 manger et qu&rsquo;il ne rompt pas son je\u00fbne<br \/>Ce que doit dire le je\u00fbneur lorsqu&rsquo;il se fait injurier<br \/>Ce que l&rsquo;on dit lorsque l&rsquo;on voit les premiers fruits<br \/>De l&rsquo;\u00e9ternuement<br \/>Ce que l&rsquo;on dit au m\u00e9cr\u00e9ant lorsqu&rsquo;il loue Allah apr\u00e8s avoir \u00e9ternu\u00e9<br \/>En faveur du nouveau mari\u00e9<br \/>De celui qui se marie ou ach\u00e8te une monture<br \/>Avant les rapports sexuels<br \/>Dans les moments de col\u00e8re<br \/>Lorsque l&rsquo;on voit une personne \u00e9prouv\u00e9e<br \/>Ce qui est dit dans une assembl\u00e9e<br \/>L&rsquo;expiation du verbiage dans une assembl\u00e9e<br \/>En faveur de celui qui dit &lsquo;qu&rsquo;Allah te pardonne<br \/>En faveur de celui qui rend un service<br \/>Les choses par lesquelles Allah pr\u00e9serve de l&rsquo;Ant\u00e9christ<br \/>En faveur de celui qui dit &lsquo;je t&rsquo;aime en Allah<br \/>En faveur de celui qui propose le don de ses biens<br \/>De celui qui s&rsquo;acquitte de ses dettes en faveur de celui qui lui a accord\u00e9<br \/>Lorsque l&rsquo;on craint le polyth\u00e9isme (ach-Chirk)<br \/>En faveur de celui qui dit &lsquo;qu&rsquo;Allah te b\u00e9nisse<br \/>Du mauvais pr\u00e9sage<br \/>En enfourchant une monture ou en empruntant un moyen de transport<br \/>Du voyage<br \/>En entrant dans une ville ou un village<br \/>En entrant au march\u00e9<br \/>Lorsque la monture tr\u00e9buche<br \/>Du voyageur au r\u00e9sident<br \/>Du r\u00e9sident au voyageur<br \/>Proclamer la grandeur et la gloire d&rsquo;Allah au cours du voyage<br \/>Du voyageur aux derni\u00e8res heures de la nuit<br \/>Lorsque l&rsquo;on campe en plein air<br \/>Du retour du voyage<br \/>Que dire lorsque l&rsquo;on re\u00e7oit une bonne ou une mauvaise nouvelle<br \/>Le m\u00e9rite de la pri\u00e8re sur le Proph\u00e8te (saws)<br \/>Le m\u00e9rite de saluer<br \/>La mani\u00e8re de rendre le salut au m\u00e9cr\u00e9ant<br \/>En entendant le chant du coq et le braiment de l&rsquo;\u00e2ne<br \/>En entendant les aboiements des chiens la nuit<br \/>En faveur de ceux que l&rsquo;on a insult\u00e9s<br \/>Ce que l&rsquo;on doit dire lorsqu&rsquo;on vante les m\u00e9rites de quelqu&rsquo;un<br \/>Ce que doit dire celui qui re\u00e7oit des \u00e9loges<br \/>La Talbiya pour celui qui effectue le Haj et la &lsquo;Omra<br \/>Le Takb\u00eer en passant devant la pierre noire<br \/>Entre le coin &lsquo;y\u00e9m\u00e9nite&rsquo; et la pierre noire<br \/>En montant As-Saf\u00e2 et Al-Marwa et l&rsquo;invocation \u00e0 y dire<br \/>Du jour de &lsquo;Arafat<br \/>Le rappel \u00e0 Muzdalifa<br \/>Dire: &lsquo;Allah est le plus Grand&rsquo; en lapidant les st\u00e8les<br \/>Lors de l&rsquo;\u00e9tonnement et de l&rsquo;admiration<br \/>Lorsque l&rsquo;on re\u00e7oit une bonne nouvelle<br \/>Que doit dire celui qui ressent une douleur dans son corps<br \/>Contre le mauvais oeil<br \/>En cas de frayeur<br \/>En \u00e9gorgeant une b\u00eate<br \/>Pour \u00e9carter la ruse et le complot des diables rebelles<br \/>La demande d&rsquo;absolution et le repentir<br \/>Les m\u00e9rites de dire &lsquo;gloire \u00e0 Allah, louange \u00e0 Allah, il n&rsquo;y a de divinit\u00e9 qu&rsquo;Allah, Allah est le plus Grand<br \/>La mani\u00e8re dont le Proph\u00e8te (saws) glorifiait Allah (at-Tasb\u00eeh)<br \/>Parmi les r\u00e8gles g\u00e9n\u00e9rales et b\u00e9n\u00e9fiques<\/p>\n","protected":false},"excerpt":{"rendered":"<p>\u062d\u0635\u0646 \u0627\u0644\u0645\u0633\u0644\u0645 \u0645\u0646 \u0623\u0630\u0643\u0627\u0631 \u0627\u0644\u0643\u062a\u0627\u0628 \u0648 \u0627\u0644\u0633\u0646\u0629 \u060c \u0637\u0628\u0639\u0629 \u0645\u0632\u064a\u062f\u0629 \u0648 \u0645\u0636\u0628\u0648\u0637\u0629 \u0628\u0627\u0644\u0634\u0643\u0644,\u062d\u062c\u0645 \u0643\u0628\u064a\u0631 \u060c\u0643\u062a\u0627\u0628 \u0645\u0646 \u062a\u0627\u0644\u064a\u0641 \u0633\u0639\u064a\u062f \u0628\u0646 \u0639\u0644\u064a \u0628\u0646 \u0648\u0647\u0641 \u0627\u0644\u0642\u062d\u0637\u0627\u0646\u064a\u0645\u062e\u062a\u0635\u0631 \u0645\u0646 \u0643\u062a\u0627\u0628 \u00ab\u00a0\u0627\u0644\u0630\u0643\u0631 \u0648\u0627\u0644\u062f\u0639\u0627\u0621 \u0648 \u0627\u0644\u0639\u0644\u0627\u062c \u0628\u0627\u0644\u0631\u0642\u0649 \u0645\u0646 \u0627\u0644\u0643\u062a\u0627\u0628 \u0648 \u0627\u0644\u0633\u0646\u0629\u060c \u0627\u062e\u062a\u0635\u0631 \u0641\u064a\u0647 \u0627\u0644\u0643\u0627\u062a\u0628 \u0642\u0633\u0645 \u0627\u0644\u0623\u0630\u0643\u0627\u0631 \u0644\u064a\u0643\u0648\u0646 \u062e\u0641\u064a\u0641 \u0627\u0644\u062d\u0645\u0644 \u0641\u064a \u0627\u0644\u0623\u0633\u0641\u0627\u0631.\u0648 \u0642\u062f \u0627\u0642\u062a\u0635\u0631 \u0627\u0644\u0643\u0627\u062a\u0628 \u0639\u0644\u0649 \u0645\u062a\u0646 \u0627\u0644\u0630\u0643\u0631 \u0648 \u0625\u0643\u062a\u0641\u0649 \u0641\u064a \u062a\u062e\u0631\u064a\u062c\u0647 \u0628\u0630\u0643\u0631 [&hellip;]<\/p>\n","protected":false},"featured_media":4602,"comment_status":"open","ping_status":"closed","template":"","meta":[],"product_brand":[],"product_cat":[15],"product_tag":[],"class_list":{"0":"post-89","1":"product","2":"type-product","3":"status-publish","4":"has-post-thumbnail","6":"product_cat-non-classe","7":"pa_editeur-assia","9":"first","10":"instock","11":"shipping-taxable","12":"purchasable","13":"product-type-simple"},"_links":{"self":[{"href":"https:\/\/lamaktaba.fr\/index.php\/wp-json\/wp\/v2\/product\/89","targetHints":{"allow":["GET"]}}],"collection":[{"href":"https:\/\/lamaktaba.fr\/index.php\/wp-json\/wp\/v2\/product"}],"about":[{"href":"https:\/\/lamaktaba.fr\/index.php\/wp-json\/wp\/v2\/types\/product"}],"replies":[{"embeddable":true,"href":"https:\/\/lamaktaba.fr\/index.php\/wp-json\/wp\/v2\/comments?post=89"}],"wp:featuredmedia":[{"embeddable":true,"href":"https:\/\/lamaktaba.fr\/index.php\/wp-json\/wp\/v2\/media\/4602"}],"wp:attachment":[{"href":"https:\/\/lamaktaba.fr\/index.php\/wp-json\/wp\/v2\/media?parent=89"}],"wp:term":[{"taxonomy":"product_brand","embeddable":true,"href":"https:\/\/lamaktaba.fr\/index.php\/wp-json\/wp\/v2\/product_brand?post=89"},{"taxonomy":"product_cat","embeddable":true,"href":"https:\/\/lamaktaba.fr\/index.php\/wp-json\/wp\/v2\/product_cat?post=89"},{"taxonomy":"product_tag","embeddable":true,"href":"https:\/\/lamaktaba.fr\/index.php\/wp-json\/wp\/v2\/product_tag?post=89"}],"curies":[{"name":"wp","href":"https:\/\/api.w.org\/{rel}","templated":true}]}}