{"id":84,"date":"2020-02-03T10:00:00","date_gmt":"2020-02-03T09:00:00","guid":{"rendered":"https:\/\/lamaktaba.fr\/index.php\/produit\/les-secrets-du-mariage-le-foyer-bienheureux-cheykh-outhman-al-houwaymidi-savant-de-la-zeytouna\/"},"modified":"2025-04-01T12:44:23","modified_gmt":"2025-04-01T10:44:23","slug":"les-secrets-du-mariage-le-foyer-bienheureux-cheykh-outhman-al-houwaymidi-savant-de-la-zeytouna","status":"publish","type":"product","link":"https:\/\/lamaktaba.fr\/index.php\/produit\/les-secrets-du-mariage-le-foyer-bienheureux-cheykh-outhman-al-houwaymidi-savant-de-la-zeytouna","title":{"rendered":"Les Secrets Du Mariage &#8211; Le foyer bienheureux &#8211; Cheykh &lsquo;Outhm\u00e2n Al Houwaymid\u00ee (Savant de la Zeytouna)"},"content":{"rendered":"<p>Ce livre est un abr\u00e9g\u00e9, mais exhaustif, sur les secrets du mariage et ses finalit\u00e9s \u00e0 la lumi\u00e8re du Saint Coran et la Sounna du Proph\u00e8te.<br \/>Il expose la sagesse divine \u00e0 travers la l\u00e9gif\u00e9ration du mariage.<br \/>Il explique les droits et les devoirs des \u00e9poux pour une vie de couple stable et sereine.<br \/>Il traite des diff\u00e9rentes question qui interpellent le couple musulman depuis sa formation, jusqu&rsquo;\u00e0, malheureusement sa dissolution.<br \/>Vous trouverez dans cet ouvrage des r\u00e9ponses \u00e0 vos questions les plus couramment pos\u00e9es&#8230;<\/p>\n","protected":false},"excerpt":{"rendered":"<p>Ce livre est un abr\u00e9g\u00e9, mais exhaustif, sur les secrets du mariage et ses finalit\u00e9s \u00e0 la lumi\u00e8re du Saint Coran et la Sounna du Proph\u00e8te.Il expose la sagesse divine \u00e0 travers la l\u00e9gif\u00e9ration du mariage.Il explique les droits et les devoirs des \u00e9poux pour une vie de couple stable et sereine.Il traite des diff\u00e9rentes [&hellip;]<\/p>\n","protected":false},"featured_media":4581,"comment_status":"open","ping_status":"closed","template":"","meta":[],"product_brand":[],"product_cat":[15],"product_tag":[],"class_list":{"0":"post-84","1":"product","2":"type-product","3":"status-publish","4":"has-post-thumbnail","6":"product_cat-non-classe","7":"pa_editeur-almadina","9":"first","10":"outofstock","11":"shipping-taxable","12":"purchasable","13":"product-type-simple"},"_links":{"self":[{"href":"https:\/\/lamaktaba.fr\/index.php\/wp-json\/wp\/v2\/product\/84","targetHints":{"allow":["GET"]}}],"collection":[{"href":"https:\/\/lamaktaba.fr\/index.php\/wp-json\/wp\/v2\/product"}],"about":[{"href":"https:\/\/lamaktaba.fr\/index.php\/wp-json\/wp\/v2\/types\/product"}],"replies":[{"embeddable":true,"href":"https:\/\/lamaktaba.fr\/index.php\/wp-json\/wp\/v2\/comments?post=84"}],"wp:featuredmedia":[{"embeddable":true,"href":"https:\/\/lamaktaba.fr\/index.php\/wp-json\/wp\/v2\/media\/4581"}],"wp:attachment":[{"href":"https:\/\/lamaktaba.fr\/index.php\/wp-json\/wp\/v2\/media?parent=84"}],"wp:term":[{"taxonomy":"product_brand","embeddable":true,"href":"https:\/\/lamaktaba.fr\/index.php\/wp-json\/wp\/v2\/product_brand?post=84"},{"taxonomy":"product_cat","embeddable":true,"href":"https:\/\/lamaktaba.fr\/index.php\/wp-json\/wp\/v2\/product_cat?post=84"},{"taxonomy":"product_tag","embeddable":true,"href":"https:\/\/lamaktaba.fr\/index.php\/wp-json\/wp\/v2\/product_tag?post=84"}],"curies":[{"name":"wp","href":"https:\/\/api.w.org\/{rel}","templated":true}]}}