{"id":81,"date":"2020-03-02T10:00:00","date_gmt":"2020-03-02T09:00:00","guid":{"rendered":"https:\/\/lamaktaba.fr\/index.php\/produit\/soyez-la-femme-la-plus-heureuse-au-monde-%d8%a3%d8%b3%d8%b9%d8%af-%d8%a7%d9%85%d8%b1%d8%a3%d8%a9-%d9%81%d9%8a-%d8%a7%d9%84%d8%b9%d8%a7%d9%84%d9%85-dr-aid-al-qarni\/"},"modified":"2025-04-01T12:45:09","modified_gmt":"2025-04-01T10:45:09","slug":"soyez-la-femme-la-plus-heureuse-au-monde-d8a3d8b3d8b9d8af-d8a7d985d8b1d8a3d8a9-d981d98a-d8a7d984d8b9d8a7d984d985-dr-aid-al-qarni","status":"publish","type":"product","link":"https:\/\/lamaktaba.fr\/index.php\/produit\/soyez-la-femme-la-plus-heureuse-au-monde-d8a3d8b3d8b9d8af-d8a7d985d8b1d8a3d8a9-d981d98a-d8a7d984d8b9d8a7d984d985-dr-aid-al-qarni","title":{"rendered":"Soyez La femme la plus heureuse au monde &#8211; \u0623\u0633\u0639\u062f \u0627\u0645\u0631\u0623\u0629 \u0641\u064a \u0627\u0644\u0639\u0627\u0644\u0645 &#8211; Dr. &lsquo;A\u00efd Al-Qarni"},"content":{"rendered":"<p>La femme la plus heureuse au monde\u00a0\u00bb par Dr. &lsquo;A\u00efd Al-Qarni.<br \/>Ch\u00e8re lectrice, ce livre t&rsquo;es destin\u00e9: il contient des Versets sans \u00e9quivoques, des Hadiths v\u00e9ridiques, LA parole tranchante, des histoires suggestives, des vers \u00e9mouvants, des id\u00e9es pertinentes, l&rsquo;exp\u00e9rience instructive. Lis le bien afin de venir \u00e0 bout du chagrin,des soucis, des cauchemars, de la peur et du stress. Passe en revue ce recueil afin qu&rsquo;il t&rsquo;aide \u00e0 assainir l&rsquo;amas des illusions et le tas d&rsquo;obsessions,afin d&rsquo;atteindre les berges de la qui\u00e9tude, le jardin du bonheur, les demeures de la Foi, les prairies de la joie et le paradis de la r\u00e9jouissance &#8211; puisse Allah, par Sa g\u00e9n\u00e9rosit\u00e9, te rendre heureuse ici-bas et dans l&rsquo;Au-del\u00e0, car Il est certes Donateur et Glorieux.<br \/>Ce livre appelle la femme \u00e0 vivre joyeusement sa religion, \u00e0 \u00eatre heureuse de la Faveur d&rsquo;Allah,de consid\u00e9rer les bienfaits dont elle est combl\u00e9e comme \u00e9tant de bon augure. C&rsquo;est un sourire d&rsquo;espoir, une brise d&rsquo;esp\u00e9rance et l&rsquo;av\u00e8nement de la bonne nouvelle \u00e0 l&rsquo;adresse de toute femme qui supporte difficilement les vicissitudes de la vie. Elle est appel\u00e9e \u00e0 patienter et \u00e0 attendre la facilit\u00e9 apr\u00e8s l&rsquo;\u00e9preuve. Il s&rsquo;adresse \u00e0 sa raison, son c\u0153ur, son \u00e2me,pour lui dire: ne d\u00e9sesp\u00e8re pas, sois optimiste: Allah est certes avec toi, Allah te suffira, Allah r\u00e9pondra \u00e0 tes demandes. En effet, Allah te prot\u00e8ge et te soutient&#8230;<br \/>Nous vous recommandons \u00e9galement le livre suivant: Pour une vie heureuse &#8211; Rem\u00e8des contre la tristesse et l&rsquo;angoisse<\/p>\n","protected":false},"excerpt":{"rendered":"<p>La femme la plus heureuse au monde\u00a0\u00bb par Dr. &lsquo;A\u00efd Al-Qarni.Ch\u00e8re lectrice, ce livre t&rsquo;es destin\u00e9: il contient des Versets sans \u00e9quivoques, des Hadiths v\u00e9ridiques, LA parole tranchante, des histoires suggestives, des vers \u00e9mouvants, des id\u00e9es pertinentes, l&rsquo;exp\u00e9rience instructive. Lis le bien afin de venir \u00e0 bout du chagrin,des soucis, des cauchemars, de la peur [&hellip;]<\/p>\n","protected":false},"featured_media":0,"comment_status":"open","ping_status":"closed","template":"","meta":[],"product_brand":[],"product_cat":[1906],"product_tag":[],"class_list":{"0":"post-81","1":"product","2":"type-product","3":"status-publish","5":"product_cat-femmes-livres","6":"pa_editeur-almadina","8":"first","9":"instock","10":"shipping-taxable","11":"purchasable","12":"product-type-simple"},"_links":{"self":[{"href":"https:\/\/lamaktaba.fr\/index.php\/wp-json\/wp\/v2\/product\/81","targetHints":{"allow":["GET"]}}],"collection":[{"href":"https:\/\/lamaktaba.fr\/index.php\/wp-json\/wp\/v2\/product"}],"about":[{"href":"https:\/\/lamaktaba.fr\/index.php\/wp-json\/wp\/v2\/types\/product"}],"replies":[{"embeddable":true,"href":"https:\/\/lamaktaba.fr\/index.php\/wp-json\/wp\/v2\/comments?post=81"}],"wp:attachment":[{"href":"https:\/\/lamaktaba.fr\/index.php\/wp-json\/wp\/v2\/media?parent=81"}],"wp:term":[{"taxonomy":"product_brand","embeddable":true,"href":"https:\/\/lamaktaba.fr\/index.php\/wp-json\/wp\/v2\/product_brand?post=81"},{"taxonomy":"product_cat","embeddable":true,"href":"https:\/\/lamaktaba.fr\/index.php\/wp-json\/wp\/v2\/product_cat?post=81"},{"taxonomy":"product_tag","embeddable":true,"href":"https:\/\/lamaktaba.fr\/index.php\/wp-json\/wp\/v2\/product_tag?post=81"}],"curies":[{"name":"wp","href":"https:\/\/api.w.org\/{rel}","templated":true}]}}