{"id":80,"date":"2020-03-02T10:00:00","date_gmt":"2020-03-02T09:00:00","guid":{"rendered":"https:\/\/lamaktaba.fr\/index.php\/produit\/les-quatres-ecoles-sunnites-malikite-hanafite-chafiite-et-hanbalite-linteret-de-leurs-divergences-limam-as-suyuti\/"},"modified":"2025-04-01T12:43:46","modified_gmt":"2025-04-01T10:43:46","slug":"les-quatres-ecoles-sunnites-malikite-hanafite-chafiite-et-hanbalite-linteret-de-leurs-divergences-limam-as-suyuti","status":"publish","type":"product","link":"https:\/\/lamaktaba.fr\/index.php\/produit\/les-quatres-ecoles-sunnites-malikite-hanafite-chafiite-et-hanbalite-linteret-de-leurs-divergences-limam-as-suyuti","title":{"rendered":"Les quatre \u00e9coles sunnites (Malikite, Hanafite, Chafi&rsquo;ite et Hanbalite): L&rsquo;int\u00e9r\u00eat de leurs divergences, de As-Suy\u00fbt\u00ee"},"content":{"rendered":"<p>Les quatre \u00e9coles sunnites (Malikite, Hanafite, Chafi&rsquo;\u00eete et Hanbalite): L&rsquo;int\u00e9r\u00eat de leurs divergences, de l&rsquo;imam As-Suy\u00fbt\u00ee, Traduction du livre: \u00ab J az\u00eel l-maw\u00e2hib fi-khtil\u00e2f l-madh\u00e2hib \u00bb (\u062c\u0632\u064a\u0644 \u0627\u0644\u0645\u0648\u0627\u0647\u0628 \u0641\u064a \u0627\u062e\u062a\u0644\u0627\u0641 \u0627\u0644\u0645\u0630\u0627\u0647\u0628), Introduction et notes: Ali Hamoneau;Le Calife Abbasside Haroun Al-Rachid dit au fondateur de l&rsquo;\u00e9cole malikite Malik Ibn Anas (94\/179 H.);\u00d4 Abu Abdallah ! Veux-tu que nous recopions tes livres et que nous les r\u00e9pandions dans toutes les contr\u00e9es de l&rsquo;Islam pour obliger la communaut\u00e9 musulmane \u00e0 les suivre? \u00ab\u00a0, Malik r\u00e9pondit: \u00ab\u00a0\u00d4 prince des Croyants ! Les divergences des savants sont une mis\u00e9ricorde de la part de Dieu pour cette communaut\u00e9. Chacun suit ce qu&rsquo;il estime \u00eatre fond\u00e9. Chacun d\u00e9sire Dieu.;La religion musulmane est certes une. Sa pratique est \u00e9galement uniforme selon ses Us\u00fbl (fondements), mais elle varie un peu avec les fur\u00fb&rsquo; (ramifications). La Sunna du Proph\u00e8te (saws) est \u00e9galement une, mais, loin d&rsquo;\u00eatre \u00e9troite comme un fil d&rsquo;araign\u00e9e, elle est au contraire une large route \u00e0 plusieurs voies, toutes fond\u00e9es et authentiques.;Certains contemporains cherchent \u00e0 gommer violemment les autres \u00e9coles de fiqh (droit et jurisprudence) ou de &lsquo;aq\u00eeda (doctrine de la foi) sous pr\u00e9texte que la Sunna est une, mais en r\u00e9alit\u00e9 ils sont en train de fonder une cinqui\u00e8me \u00ab\u00a0\u00e9cole\u00a0\u00bb, afflig\u00e9e d&rsquo;une vision tr\u00e8s r\u00e9ductrice de l&rsquo;Islam, et qui pr\u00e9tend r\u00e9voquer les \u00e9coles sunnites traditionnelles (anciennes et orthodoxes) qui les ont pr\u00e9c\u00e9d\u00e9.;L&rsquo;imam As-Suy\u00fbt\u00ee, dans ce petit livret, explique la l\u00e9gitimit\u00e9 de la diff\u00e9rence et de la divergence entre les \u00e9coles sunnites.;Marque -IQRA Editions R\u00e9f\u00e9rence 9782916316772;Fiche technique AUTEUR: &#8211; L&rsquo;imam As-Suy\u00fbt\u00ee LANGUE: &#8211; Fran\u00e7ais ANNEE: &#8211; 2018 SUPPORT: &#8211; Livre THEME: &#8211; \u00c9coles sunnites, Jurisprudence \u00c9DITIONS: &#8211; IQRA Condition: &#8211; Neuf Nombre de Pages: &#8211; 70 FORMAT (CM): 11 x 17.5 cm Poids (kg): &#8211; 80 g EAN13: &#8211; 9782916316772 RELIURE: &#8211; Souple.Traduction: &#8211; Mohamed al Fateh;R\u00e9f\u00e9rences sp\u00e9cifiques;Donnez votre avis;Aucun commentaire pour le moment<\/p>\n","protected":false},"excerpt":{"rendered":"<p>Les quatre \u00e9coles sunnites (Malikite, Hanafite, Chafi&rsquo;\u00eete et Hanbalite): L&rsquo;int\u00e9r\u00eat de leurs divergences, de l&rsquo;imam As-Suy\u00fbt\u00ee, Traduction du livre: \u00ab J az\u00eel l-maw\u00e2hib fi-khtil\u00e2f l-madh\u00e2hib \u00bb (\u062c\u0632\u064a\u0644 \u0627\u0644\u0645\u0648\u0627\u0647\u0628 \u0641\u064a \u0627\u062e\u062a\u0644\u0627\u0641 \u0627\u0644\u0645\u0630\u0627\u0647\u0628), Introduction et notes: Ali Hamoneau;Le Calife Abbasside Haroun Al-Rachid dit au fondateur de l&rsquo;\u00e9cole malikite Malik Ibn Anas (94\/179 H.);\u00d4 Abu Abdallah ! Veux-tu que nous recopions tes livres et que nous les r\u00e9pandions dans toutes les contr\u00e9es de l&rsquo;Islam pour obliger la communaut\u00e9 musulmane \u00e0 les suivre? \u00ab\u00a0, Malik r\u00e9pondit: \u00ab\u00a0\u00d4 prince des Croyants ! Les divergences des savants sont une mis\u00e9ricorde de la part de Dieu pour cette communaut\u00e9. Chacun suit ce qu&rsquo;il estime \u00eatre fond\u00e9. Chacun d\u00e9sire Dieu.;La religion musulmane est certes une. Sa pratique est \u00e9galement uniforme selon ses Us\u00fbl (fondements), mais elle varie un peu avec les fur\u00fb&rsquo; (ramifications). La Sunna du Proph\u00e8te (saws) est \u00e9galement une, mais, loin d&rsquo;\u00eatre \u00e9troite comme un fil d&rsquo;araign\u00e9e, elle est au contraire une large route \u00e0 plusieurs voies, toutes fond\u00e9es et authentiques.;Certains contemporains cherchent \u00e0 gommer violemment les autres \u00e9coles de fiqh (droit et jurisprudence) ou de &lsquo;aq\u00eeda (doctrine de la foi) sous pr\u00e9texte que la Sunna est une, mais en r\u00e9alit\u00e9 ils sont en train de fonder une cinqui\u00e8me \u00ab\u00a0\u00e9cole\u00a0\u00bb, afflig\u00e9e d&rsquo;une vision tr\u00e8s r\u00e9ductrice de l&rsquo;Islam, et qui pr\u00e9tend r\u00e9voquer les \u00e9coles sunnites traditionnelles (anciennes et orthodoxes) qui les ont pr\u00e9c\u00e9d\u00e9.;L&rsquo;imam As-Suy\u00fbt\u00ee, dans ce petit livret, explique la l\u00e9gitimit\u00e9 de la diff\u00e9rence et de la divergence entre les \u00e9coles sunnites.;Marque -IQRA Editions R\u00e9f\u00e9rence 9782916316772;Fiche technique AUTEUR: &#8211; L&rsquo;imam As-Suy\u00fbt\u00ee LANGUE: &#8211; Fran\u00e7ais ANNEE: &#8211; 2018 SUPPORT: &#8211; Livre THEME: &#8211; \u00c9coles sunnites, Jurisprudence \u00c9DITIONS: &#8211; IQRA Condition: &#8211; Neuf Nombre de Pages: &#8211; 70 FORMAT (CM): 11 x 17.5 cm Poids (kg): &#8211; 80 g EAN13: &#8211; 9782916316772 RELIURE: &#8211; Souple.Traduction: &#8211; Mohamed al Fateh;R\u00e9f\u00e9rences sp\u00e9cifiques;Donnez votre avis;Aucun commentaire pour le moment<\/p>\n","protected":false},"featured_media":37877,"comment_status":"open","ping_status":"closed","template":"","meta":[],"product_brand":[],"product_cat":[1899],"product_tag":[],"class_list":{"0":"post-80","1":"product","2":"type-product","3":"status-publish","4":"has-post-thumbnail","6":"product_cat-jurisprudence","7":"pa_annee-487","8":"pa_auteur-limam-as-suyuti","9":"pa_editeur-iqra-editions-2","10":"pa_format-11-x-17-5-cm","11":"pa_langue-francais","12":"pa_nombre-de-pages-1309","13":"pa_reliure-souple","15":"first","16":"outofstock","17":"shipping-taxable","18":"purchasable","19":"product-type-simple"},"_links":{"self":[{"href":"https:\/\/lamaktaba.fr\/index.php\/wp-json\/wp\/v2\/product\/80","targetHints":{"allow":["GET"]}}],"collection":[{"href":"https:\/\/lamaktaba.fr\/index.php\/wp-json\/wp\/v2\/product"}],"about":[{"href":"https:\/\/lamaktaba.fr\/index.php\/wp-json\/wp\/v2\/types\/product"}],"replies":[{"embeddable":true,"href":"https:\/\/lamaktaba.fr\/index.php\/wp-json\/wp\/v2\/comments?post=80"}],"wp:featuredmedia":[{"embeddable":true,"href":"https:\/\/lamaktaba.fr\/index.php\/wp-json\/wp\/v2\/media\/37877"}],"wp:attachment":[{"href":"https:\/\/lamaktaba.fr\/index.php\/wp-json\/wp\/v2\/media?parent=80"}],"wp:term":[{"taxonomy":"product_brand","embeddable":true,"href":"https:\/\/lamaktaba.fr\/index.php\/wp-json\/wp\/v2\/product_brand?post=80"},{"taxonomy":"product_cat","embeddable":true,"href":"https:\/\/lamaktaba.fr\/index.php\/wp-json\/wp\/v2\/product_cat?post=80"},{"taxonomy":"product_tag","embeddable":true,"href":"https:\/\/lamaktaba.fr\/index.php\/wp-json\/wp\/v2\/product_tag?post=80"}],"curies":[{"name":"wp","href":"https:\/\/api.w.org\/{rel}","templated":true}]}}