{"id":79,"date":"2020-03-02T10:00:00","date_gmt":"2020-03-02T09:00:00","guid":{"rendered":"https:\/\/lamaktaba.fr\/index.php\/produit\/chants-ma-belle-foi-cd-en-francais-version-avec-music-cd-audio-compact-disc\/"},"modified":"2025-04-01T12:45:37","modified_gmt":"2025-04-01T10:45:37","slug":"chants-ma-belle-foi-cd-en-francais-version-avec-music-cd-audio-compact-disc","status":"publish","type":"product","link":"https:\/\/lamaktaba.fr\/index.php\/produit\/chants-ma-belle-foi-cd-en-francais-version-avec-music-cd-audio-compact-disc","title":{"rendered":"Chants \u00ab\u00a0Ma belle foi\u00a0\u00bb (CD en fran\u00e7ais) Version avec music &#8211; CD audio (Compact Disc)"},"content":{"rendered":"<p>Ma belle foi en CD, contient<br \/>\n1- Dieu est l&rsquo;unique<br \/>\n2- Les anges<br \/>\n3- Les livres sacr\u00e9s<br \/>\n4- Les Messagers d&rsquo;ALLAH<br \/>\n5- Au Paradis<br \/>\n6- Le destin<br \/>\nMod\u00e8le choisi<br \/>\nPour commander plusieurs fois ce produit ou choisir des variantes de taille ou de couleur, veuillez modifier la quantit\u00e9 command\u00e9e et indiquer le d\u00e9tail de votre choix dans le champ commentaire lors de la validation de votre commande (une fois que vous passerez \u00e0 la proc\u00e9dure de paiement vous aurez un champ Commentaire o\u00f9 vous pourrez indiquer vos choix).<\/p>\n","protected":false},"excerpt":{"rendered":"<p>Ma belle foi en CD, contient 1- Dieu est l&rsquo;unique 2- Les anges 3- Les livres sacr\u00e9s 4- Les Messagers d&rsquo;ALLAH 5- Au Paradis 6- Le destin Mod\u00e8le choisi Pour commander plusieurs fois ce produit ou choisir des variantes de taille ou de couleur, veuillez modifier la quantit\u00e9 command\u00e9e et indiquer le d\u00e9tail de votre [&hellip;]<\/p>\n","protected":false},"featured_media":39625,"comment_status":"open","ping_status":"closed","template":"","meta":[],"product_brand":[],"product_cat":[15],"product_tag":[],"class_list":{"0":"post-79","1":"product","2":"type-product","3":"status-publish","4":"has-post-thumbnail","6":"product_cat-non-classe","7":"pa_editeur-almadina","9":"first","10":"outofstock","11":"shipping-taxable","12":"purchasable","13":"product-type-simple"},"_links":{"self":[{"href":"https:\/\/lamaktaba.fr\/index.php\/wp-json\/wp\/v2\/product\/79","targetHints":{"allow":["GET"]}}],"collection":[{"href":"https:\/\/lamaktaba.fr\/index.php\/wp-json\/wp\/v2\/product"}],"about":[{"href":"https:\/\/lamaktaba.fr\/index.php\/wp-json\/wp\/v2\/types\/product"}],"replies":[{"embeddable":true,"href":"https:\/\/lamaktaba.fr\/index.php\/wp-json\/wp\/v2\/comments?post=79"}],"wp:featuredmedia":[{"embeddable":true,"href":"https:\/\/lamaktaba.fr\/index.php\/wp-json\/wp\/v2\/media\/39625"}],"wp:attachment":[{"href":"https:\/\/lamaktaba.fr\/index.php\/wp-json\/wp\/v2\/media?parent=79"}],"wp:term":[{"taxonomy":"product_brand","embeddable":true,"href":"https:\/\/lamaktaba.fr\/index.php\/wp-json\/wp\/v2\/product_brand?post=79"},{"taxonomy":"product_cat","embeddable":true,"href":"https:\/\/lamaktaba.fr\/index.php\/wp-json\/wp\/v2\/product_cat?post=79"},{"taxonomy":"product_tag","embeddable":true,"href":"https:\/\/lamaktaba.fr\/index.php\/wp-json\/wp\/v2\/product_tag?post=79"}],"curies":[{"name":"wp","href":"https:\/\/api.w.org\/{rel}","templated":true}]}}