{"id":78,"date":"2020-02-03T10:00:00","date_gmt":"2020-02-03T09:00:00","guid":{"rendered":"https:\/\/lamaktaba.fr\/index.php\/produit\/40-hadiths-40-histoires-couverture-souple-amina-rekad\/"},"modified":"2025-04-01T12:43:07","modified_gmt":"2025-04-01T10:43:07","slug":"40-hadiths-40-histoires-couverture-souple-amina-rekad","status":"publish","type":"product","link":"https:\/\/lamaktaba.fr\/index.php\/produit\/40-hadiths-40-histoires-couverture-souple-amina-rekad","title":{"rendered":"40 Hadiths&#8230; 40 Histoires (Couverture souple) &#8211; Amina Rekad"},"content":{"rendered":"<p>Ce livre d\u2019histoires s\u2019adresse aux enfants de plus de 8 ans. Son but est double. D\u2019abord, il constitue un livre de lecture qui pr\u00e9sente des histoires tant\u00f4t amusantes, tant\u00f4t tristes, avec des personnages diff\u00e9rents pour chacune d\u2019elles. Le vocabulaire est simple et quelques mots sont expliqu\u00e9s en notes pour permettre \u00e0 l\u2019enfant de lire seul.<br \/>\nAu-del\u00e0 de son aspect r\u00e9cr\u00e9atif, ce livre se veut aussi instructif. En effet, chaque histoire est illustr\u00e9e par un hadith, parole du Proph\u00e8te Muhammad (B\u00e9n\u00e9diction et Salut d\u2019Allah sur lui), qui est une source in\u00e9puisable de bons conseils. Les r\u00e9f\u00e9rences &#8211; principalement choisies des livres: \u00abLe jardin des vertueux\u00bb (Riy\u00e2d As-S\u00e2lih\u00een) de l\u2019im\u00e2m An-Nawaw\u00ee et le sommaire de Sah\u00eeh Al-Bukh\u00e2r\u00ee &#8211; en sont donn\u00e9es en notes.<br \/>\nLa religion musulmane s\u2019appuie en premier sur le Coran, qui est la Parole de Dieu, puis sur les hadiths, paroles du Proph\u00e8te (SAW) qui expliquent toutes choses concernant la foi, la vie du musulman, son comportement au quotidien, ce qu\u2019il doit faire ou non, etc.<br \/>\nAu terme de ce livre, l\u2019enfant aura d\u00e9couvert plus de quarante paroles, toutes profitables, dont il pourra, \u00e0 son tour, se rappeler (in ch\u00e2\u2019 All\u00e2h) au gr\u00e9 des circonstances de sa jeunesse.<br \/>\nTable des mati\u00e8res<br \/>\nPR\u00c9SENTATION&#8230; 3<br \/>\nPR\u00c9AMBULE&#8230;5<br \/>\nAmine et sa maman&#8230;8<br \/>\nLa petite aveugle&#8230;10<br \/>\nLe bon exemple&#8230;12<br \/>\nLe repas&#8230;14<br \/>\nLe coiffeur&#8230;16<br \/>\nLes s\u0153urs orphelines&#8230;18<br \/>\nIm\u00e8ne et la vieille dame&#8230;20<br \/>\nLa peur de Karim&#8230;22<br \/>\nUne histoire vraie&#8230;23<br \/>\nLes m\u00e9disantes&#8230;24<br \/>\nDans le bus&#8230;26<br \/>\nLes \u00abgros mots\u00bb&#8230;28<br \/>\nLes hasan\u00e2t&#8230;30<br \/>\nSalim au coll\u00e8ge&#8230; 32<br \/>\nLe vieux monsieur&#8230; 34<br \/>\nLa devinette&#8230; 36<br \/>\nAssia ne veut pas se brosser les dents&#8230; 38<br \/>\nLa multiplication&#8230; 40<br \/>\nLes cauchemars&#8230; 42<br \/>\nApprendre le Livre&#8230; 44<br \/>\nC\u2019est grave de mentir&#8230; 46<br \/>\nLa punition&#8230; 48<br \/>\nLa mort d\u2019un parent&#8230; 50<br \/>\nLes ablutions&#8230; 52<br \/>\nL\u2019\u00e9ternuement&#8230; 54<br \/>\nLa visite du malade&#8230; 56<br \/>\n\u00c0 la cantine&#8230; 58<br \/>\nLa mamie&#8230; 60<br \/>\nLa cigale et la fourmi&#8230; 62<br \/>\nLes degr\u00e9s&#8230; 64<br \/>\nLa nuit&#8230; 66<br \/>\nLa salle de pri\u00e8re&#8230; 68<br \/>\nL\u2019aum\u00f4ne&#8230; 70<br \/>\nLa maladie&#8230; 72<br \/>\nLes copains de la rue&#8230; 74<br \/>\nL\u2019A\u00efd Al-Fitr&#8230; 76<br \/>\n\u00c0 la mosqu\u00e9e&#8230; 78<br \/>\nLe gaspillage&#8230; 80<br \/>\nLe vendeur de musc&#8230; 82<br \/>\nUne \u00e9trange habitude&#8230; 84<br \/>\nChaque histoire est illustr\u00e9e par une tr\u00e8s jolie illustration et le hadith est \u00e9galement cit\u00e9 en langue arabe vocalis\u00e9e avec sa source authentique.<br \/>\nCe livre existe \u00e9galement en version de luxe (Couverture cartonn\u00e9e avec \u00e9ponge)<\/p>\n","protected":false},"excerpt":{"rendered":"<p>Ce livre d\u2019histoires s\u2019adresse aux enfants de plus de 8 ans. Son but est double. D\u2019abord, il constitue un livre de lecture qui pr\u00e9sente des histoires tant\u00f4t amusantes, tant\u00f4t tristes, avec des personnages diff\u00e9rents pour chacune d\u2019elles. Le vocabulaire est simple et quelques mots sont expliqu\u00e9s en notes pour permettre \u00e0 l\u2019enfant de lire seul. [&hellip;]<\/p>\n","protected":false},"featured_media":4562,"comment_status":"open","ping_status":"closed","template":"","meta":[],"product_brand":[],"product_cat":[1909,1902],"product_tag":[],"class_list":{"0":"post-78","1":"product","2":"type-product","3":"status-publish","4":"has-post-thumbnail","6":"product_cat-enfants","7":"product_cat-hadiths","8":"pa_editeur-almadina","10":"first","11":"outofstock","12":"shipping-taxable","13":"purchasable","14":"product-type-simple"},"_links":{"self":[{"href":"https:\/\/lamaktaba.fr\/index.php\/wp-json\/wp\/v2\/product\/78","targetHints":{"allow":["GET"]}}],"collection":[{"href":"https:\/\/lamaktaba.fr\/index.php\/wp-json\/wp\/v2\/product"}],"about":[{"href":"https:\/\/lamaktaba.fr\/index.php\/wp-json\/wp\/v2\/types\/product"}],"replies":[{"embeddable":true,"href":"https:\/\/lamaktaba.fr\/index.php\/wp-json\/wp\/v2\/comments?post=78"}],"wp:featuredmedia":[{"embeddable":true,"href":"https:\/\/lamaktaba.fr\/index.php\/wp-json\/wp\/v2\/media\/4562"}],"wp:attachment":[{"href":"https:\/\/lamaktaba.fr\/index.php\/wp-json\/wp\/v2\/media?parent=78"}],"wp:term":[{"taxonomy":"product_brand","embeddable":true,"href":"https:\/\/lamaktaba.fr\/index.php\/wp-json\/wp\/v2\/product_brand?post=78"},{"taxonomy":"product_cat","embeddable":true,"href":"https:\/\/lamaktaba.fr\/index.php\/wp-json\/wp\/v2\/product_cat?post=78"},{"taxonomy":"product_tag","embeddable":true,"href":"https:\/\/lamaktaba.fr\/index.php\/wp-json\/wp\/v2\/product_tag?post=78"}],"curies":[{"name":"wp","href":"https:\/\/api.w.org\/{rel}","templated":true}]}}