{"id":74,"date":"2020-03-02T10:00:00","date_gmt":"2020-03-02T09:00:00","guid":{"rendered":"https:\/\/lamaktaba.fr\/index.php\/produit\/maladies-faussement-attribuees-aux-djinns-et-au-mauvais-oeil-abdurrahim-arrifai\/"},"modified":"2025-04-01T12:45:19","modified_gmt":"2025-04-01T10:45:19","slug":"maladies-faussement-attribuees-aux-djinns-et-au-mauvais-oeil-abdurrahim-arrifai","status":"publish","type":"product","link":"https:\/\/lamaktaba.fr\/index.php\/produit\/maladies-faussement-attribuees-aux-djinns-et-au-mauvais-oeil-abdurrahim-arrifai","title":{"rendered":"Maladies faussement attribu\u00e9es aux djinns et au mauvais \u0153il, de &lsquo;Abd Ar-Rah\u00eem Arrif\u00e2&rsquo;\u00ee"},"content":{"rendered":"<p>Maladies faussement attribu\u00e9es aux djinns et au mauvais \u0153il;Ecrit par: &lsquo;Abd Ar-Rah\u00eem b. &lsquo; At\u00eeqi-ll\u00e2hi Ar-Rif\u00e2&rsquo;\u00ee;Ouevre pr\u00e9sent\u00e9e par ses \u00e9mincences: Le shaykh S\u00e2lih b. Sa&rsquo;d Al-Luhayd\u00e2n Et le shaykh Wah\u00eed &lsquo;Abd As-Sal\u00e2m B\u00e2l\u00ee;Traduit par: Mohammad Karimi;Rien ne me r\u00e9ussit, cela est s\u00fbrement d\u00fb au mauvais \u0153il. Je suis victime de divagations, j&rsquo;ai des troubles de sommeil, je fais des cauchemars, je me sens \u00e0 l&rsquo;\u00e9troit, ce sont s\u00fbrement des sympt\u00f4mes de sorcellerie. Je suis en proie \u00e0 des suggestions obsessionnelles-wasw\u00e2s-, c&rsquo;est surement satan qui les insuffle \u00e0 mon c\u0153ur. Je m&rsquo;\u00e9vanouis et je fais des crises de convulsions, je suis s\u00fbrement poss\u00e9d\u00e9 par un d\u00e9mon.;Oui il est possible qu&rsquo;un homme soit poss\u00e9d\u00e9 par un djinn ! Oui la sorcellerie \u00e0 un effet r\u00e9el ! Oui le mauvais \u0153il est une v\u00e9rit\u00e9 !;Mais n&rsquo;avons-nous pas fait de ces choses un bouc \u00e9missaire sur lequel nous faisons retomber la plupart de nos probl\u00e8mes? Notre vrai probl\u00e8me n&rsquo;est-il pas un manque de foi et de bonne volont\u00e9?;Les sympt\u00f4mes que nous pr\u00e9sentons ne sont-ils pas plut\u00f4t des sympt\u00f4mes de troubles psychiques ou de maladies psychosomatiques?;A force de fr\u00e9quenter des praticiens de la ruqya, de regarder des \u00e9missions et de lire des livres sur la ruqya, n&rsquo;est-il pas possible que nous ayons int\u00e9gr\u00e9 dans notre subconscient l&rsquo;id\u00e9e que tout mal dont nous souffrons est d\u00fb \u00e0 la sorcellerie, au mauvais \u0153il ou \u00e0 la possession? Cela n&rsquo;a-t-il pas pr\u00e9dispos\u00e9 psychologiquement certains d&rsquo;entre nous \u00e0 des crises de convulsions et \u00e0 des \u00e9vanouissements sans parler de ceux qui les simulent pour obtenir certains avantages (de la compassion, de l&rsquo;amour, la r\u00e9solution de leurs probl\u00e8mes, faire pression)?;Fort d&rsquo;une langue exp\u00e9rience dans le domaine de la ruqya et de recherches en psychologie, le professeur &lsquo;Abd Ur-Rah\u00eem Ar-Rif\u00e2&rsquo;\u00ee, a pris l&rsquo;in\u00e9dite initiative de traiter, dans ce livre, de ce sujet dont le besoin se fait terriblement sentir aujourd&rsquo;hui. Il a voulu conseiller la ruqya et la psychoth\u00e9rapie dans le but de faire sortir le souffrant du pr\u00e9cipice de la maladie, des t\u00e9n\u00e8bres, de l&rsquo;illusion, ou des vagues houleuses de la d\u00e9tresse et de la tristesse, vers la lumi\u00e8re de la sant\u00e9 et de la s\u00e9curit\u00e9.<\/p>\n","protected":false},"excerpt":{"rendered":"<p>Maladies faussement attribu\u00e9es aux djinns et au mauvais \u0153il;Ecrit par: &lsquo;Abd Ar-Rah\u00eem b. &lsquo; At\u00eeqi-ll\u00e2hi Ar-Rif\u00e2&rsquo;\u00ee;Ouevre pr\u00e9sent\u00e9e par ses \u00e9mincences: Le shaykh S\u00e2lih b. Sa&rsquo;d Al-Luhayd\u00e2n Et le shaykh Wah\u00eed &lsquo;Abd As-Sal\u00e2m B\u00e2l\u00ee;Traduit par: Mohammad Karimi;Rien ne me r\u00e9ussit, cela est s\u00fbrement d\u00fb au mauvais \u0153il. Je suis victime de divagations, j&rsquo;ai des troubles de sommeil, je fais des cauchemars, je me sens \u00e0 l&rsquo;\u00e9troit, ce sont s\u00fbrement des sympt\u00f4mes de sorcellerie. Je suis en proie \u00e0 des suggestions obsessionnelles-wasw\u00e2s-, c&rsquo;est surement satan qui les insuffle \u00e0 mon c\u0153ur. Je m&rsquo;\u00e9vanouis et je fais des crises de convulsions, je suis s\u00fbrement poss\u00e9d\u00e9 par un d\u00e9mon.;Oui il est possible qu&rsquo;un homme soit poss\u00e9d\u00e9 par un djinn ! Oui la sorcellerie \u00e0 un effet r\u00e9el ! Oui le mauvais \u0153il est une v\u00e9rit\u00e9 !;Mais n&rsquo;avons-nous pas fait de ces choses un bouc \u00e9missaire sur lequel nous faisons retomber la plupart de nos probl\u00e8mes? Notre vrai probl\u00e8me n&rsquo;est-il pas un manque de foi et de bonne volont\u00e9?;Les sympt\u00f4mes que nous pr\u00e9sentons ne sont-ils pas plut\u00f4t des sympt\u00f4mes de troubles psychiques ou de maladies psychosomatiques?;A force de fr\u00e9quenter des praticiens de la ruqya, de regarder des \u00e9missions et de lire des livres sur la ruqya, n&rsquo;est-il pas possible que nous ayons int\u00e9gr\u00e9 dans notre subconscient l&rsquo;id\u00e9e que tout mal dont nous souffrons est d\u00fb \u00e0 la sorcellerie, au mauvais \u0153il ou \u00e0 la possession? Cela n&rsquo;a-t-il pas pr\u00e9dispos\u00e9 psychologiquement certains d&rsquo;entre nous \u00e0 des crises de convulsions et \u00e0 des \u00e9vanouissements sans parler de ceux qui les simulent pour obtenir certains avantages (de la compassion, de l&rsquo;amour, la r\u00e9solution de leurs probl\u00e8mes, faire pression)?;Fort d&rsquo;une langue exp\u00e9rience dans le domaine de la ruqya et de recherches en psychologie, le professeur &lsquo;Abd Ur-Rah\u00eem Ar-Rif\u00e2&rsquo;\u00ee, a pris l&rsquo;in\u00e9dite initiative de traiter, dans ce livre, de ce sujet dont le besoin se fait terriblement sentir aujourd&rsquo;hui. Il a voulu conseiller la ruqya et la psychoth\u00e9rapie dans le but de faire sortir le souffrant du pr\u00e9cipice de la maladie, des t\u00e9n\u00e8bres, de l&rsquo;illusion, ou des vagues houleuses de la d\u00e9tresse et de la tristesse, vers la lumi\u00e8re de la sant\u00e9 et de la s\u00e9curit\u00e9.<\/p>\n","protected":false},"featured_media":37041,"comment_status":"open","ping_status":"closed","template":"","meta":[],"product_brand":[],"product_cat":[1936],"product_tag":[],"class_list":{"0":"post-74","1":"product","2":"type-product","3":"status-publish","4":"has-post-thumbnail","6":"product_cat-roqya-et-sante","7":"pa_annee-419","8":"pa_auteur-abd-ar-rahim-b-atiqi-llahi-ar-rifai","9":"pa_editeur-almadina-editions","10":"pa_format-14-5-x-21-5-cm","11":"pa_langue-francais","12":"pa_nombre-de-pages-445","13":"pa_reliure-souple","15":"first","16":"outofstock","17":"shipping-taxable","18":"purchasable","19":"product-type-simple"},"_links":{"self":[{"href":"https:\/\/lamaktaba.fr\/index.php\/wp-json\/wp\/v2\/product\/74","targetHints":{"allow":["GET"]}}],"collection":[{"href":"https:\/\/lamaktaba.fr\/index.php\/wp-json\/wp\/v2\/product"}],"about":[{"href":"https:\/\/lamaktaba.fr\/index.php\/wp-json\/wp\/v2\/types\/product"}],"replies":[{"embeddable":true,"href":"https:\/\/lamaktaba.fr\/index.php\/wp-json\/wp\/v2\/comments?post=74"}],"wp:featuredmedia":[{"embeddable":true,"href":"https:\/\/lamaktaba.fr\/index.php\/wp-json\/wp\/v2\/media\/37041"}],"wp:attachment":[{"href":"https:\/\/lamaktaba.fr\/index.php\/wp-json\/wp\/v2\/media?parent=74"}],"wp:term":[{"taxonomy":"product_brand","embeddable":true,"href":"https:\/\/lamaktaba.fr\/index.php\/wp-json\/wp\/v2\/product_brand?post=74"},{"taxonomy":"product_cat","embeddable":true,"href":"https:\/\/lamaktaba.fr\/index.php\/wp-json\/wp\/v2\/product_cat?post=74"},{"taxonomy":"product_tag","embeddable":true,"href":"https:\/\/lamaktaba.fr\/index.php\/wp-json\/wp\/v2\/product_tag?post=74"}],"curies":[{"name":"wp","href":"https:\/\/api.w.org\/{rel}","templated":true}]}}