{"id":73,"date":"2020-03-02T10:00:00","date_gmt":"2020-03-02T09:00:00","guid":{"rendered":"https:\/\/lamaktaba.fr\/index.php\/produit\/il-etait-une-fois-un-homme-une-femme-tome1-myriam-lakhdar-bounamcha\/"},"modified":"2025-04-01T12:44:14","modified_gmt":"2025-04-01T10:44:14","slug":"il-etait-une-fois-un-homme-une-femme-tome1-myriam-lakhdar-bounamcha","status":"publish","type":"product","link":"https:\/\/lamaktaba.fr\/index.php\/produit\/il-etait-une-fois-un-homme-une-femme-tome1-myriam-lakhdar-bounamcha","title":{"rendered":"Il \u00e9tait une fois\u2026 un Homme, une Femme\u2026 Tome1"},"content":{"rendered":"<p>Titre: Il \u00e9tait une fois\u2026 un Homme, une Femme\u2026 Tome1;Auteur: Myriam Lakhdar &#8211; Bounamcha;Edition: HEDILINA;Support: Livre;Theme: Biblioth\u00e8que de la famille;Description: IL ETAIT UNE FOIS \u2026 UN HOMME ET UNE FEMME\u2026 GENCOD: 9782952892308 Au cours de notre vie, nous allons \u00eatre confront\u00e9s \u00e0 des le\u00e7ons qui seront autant d&rsquo;\u00e9tapes oblig\u00e9es sur la voie menant \u00e0 la sagesse et \u00e0 la f\u00e9licit\u00e9. Elles toucheront les points faibles de notre nature et nous inviteront \u00e0 les corriger. Ce premier volume est telle une rose des vents pour les randonneurs, soucieux de cheminer vers Dieu: pour les hommes et les femmes, souhaitant ne plus se perdre dans le labyrinthe de leur vie \u00e0 deux<\/p>\n","protected":false},"excerpt":{"rendered":"<p>Titre: Il \u00e9tait une fois\u2026 un Homme, une Femme\u2026 Tome1;Auteur: Myriam Lakhdar &#8211; Bounamcha;Edition: HEDILINA;Support: Livre;Theme: Biblioth\u00e8que de la famille;Description: IL ETAIT UNE FOIS \u2026 UN HOMME ET UNE FEMME\u2026 GENCOD: 9782952892308 Au cours de notre vie, nous allons \u00eatre confront\u00e9s \u00e0 des le\u00e7ons qui seront autant d&rsquo;\u00e9tapes oblig\u00e9es sur la voie menant \u00e0 la sagesse et \u00e0 la f\u00e9licit\u00e9. Elles toucheront les points faibles de notre nature et nous inviteront \u00e0 les corriger. Ce premier volume est telle une rose des vents pour les randonneurs, soucieux de cheminer vers Dieu: pour les hommes et les femmes, souhaitant ne plus se perdre dans le labyrinthe de leur vie \u00e0 deux<\/p>\n","protected":false},"featured_media":36884,"comment_status":"open","ping_status":"closed","template":"","meta":[],"product_brand":[],"product_cat":[1920],"product_tag":[],"class_list":{"0":"post-73","1":"product","2":"type-product","3":"status-publish","4":"has-post-thumbnail","6":"product_cat-mariage-et-famille","7":"pa_editeur-hedilina-editions-2","9":"first","10":"instock","11":"shipping-taxable","12":"purchasable","13":"product-type-simple"},"_links":{"self":[{"href":"https:\/\/lamaktaba.fr\/index.php\/wp-json\/wp\/v2\/product\/73","targetHints":{"allow":["GET"]}}],"collection":[{"href":"https:\/\/lamaktaba.fr\/index.php\/wp-json\/wp\/v2\/product"}],"about":[{"href":"https:\/\/lamaktaba.fr\/index.php\/wp-json\/wp\/v2\/types\/product"}],"replies":[{"embeddable":true,"href":"https:\/\/lamaktaba.fr\/index.php\/wp-json\/wp\/v2\/comments?post=73"}],"wp:featuredmedia":[{"embeddable":true,"href":"https:\/\/lamaktaba.fr\/index.php\/wp-json\/wp\/v2\/media\/36884"}],"wp:attachment":[{"href":"https:\/\/lamaktaba.fr\/index.php\/wp-json\/wp\/v2\/media?parent=73"}],"wp:term":[{"taxonomy":"product_brand","embeddable":true,"href":"https:\/\/lamaktaba.fr\/index.php\/wp-json\/wp\/v2\/product_brand?post=73"},{"taxonomy":"product_cat","embeddable":true,"href":"https:\/\/lamaktaba.fr\/index.php\/wp-json\/wp\/v2\/product_cat?post=73"},{"taxonomy":"product_tag","embeddable":true,"href":"https:\/\/lamaktaba.fr\/index.php\/wp-json\/wp\/v2\/product_tag?post=73"}],"curies":[{"name":"wp","href":"https:\/\/api.w.org\/{rel}","templated":true}]}}