{"id":71,"date":"2020-03-02T10:00:00","date_gmt":"2020-03-02T09:00:00","guid":{"rendered":"https:\/\/lamaktaba.fr\/index.php\/produit\/10-pretextes-pour-ne-pas-porter-le-hijab-huwayda-ismail\/"},"modified":"2025-04-01T12:45:07","modified_gmt":"2025-04-01T10:45:07","slug":"10-pretextes-pour-ne-pas-porter-le-hijab-huwayda-ismail","status":"publish","type":"product","link":"https:\/\/lamaktaba.fr\/index.php\/produit\/10-pretextes-pour-ne-pas-porter-le-hijab-huwayda-ismail","title":{"rendered":"10 pr\u00e9textes pour ne pas porter le hijab &#8211; Huwayda Isma\u00eel"},"content":{"rendered":"<p>Certaines soeurs n&rsquo;ont pas compris le sens profond du Hij\u00e2b, pas plus que sa sagesse, elles le portent sur la t\u00eate sans le porter dans la t\u00eate. Elles se sont ainsi fait du tort \u00e0 elles-m\u00eame et en fait \u00e0 leurs coreligionnaires. D&rsquo;autres soeurs, elles, pr\u00e9f\u00e8rent se voiler la face &#8211; sens figur\u00e9 et non au sens propre &#8211; en invoquant des pr\u00e9textes aussi fallacieux les uns que les autres.<br \/>Mais toi, qu&rsquo;est-ce qui t&#8217;emp\u00eache de porter le Hij\u00e2b? Ensemble, levons le voile &#8211; pour mieux le m\u00e8tre ou le remettre ensuite &#8211; sur dix mauvaises raisons de ne pas porter le Hij\u00e2b.<\/p>\n","protected":false},"excerpt":{"rendered":"<p>Certaines soeurs n&rsquo;ont pas compris le sens profond du Hij\u00e2b, pas plus que sa sagesse, elles le portent sur la t\u00eate sans le porter dans la t\u00eate. Elles se sont ainsi fait du tort \u00e0 elles-m\u00eame et en fait \u00e0 leurs coreligionnaires. D&rsquo;autres soeurs, elles, pr\u00e9f\u00e8rent se voiler la face &#8211; sens figur\u00e9 et non [&hellip;]<\/p>\n","protected":false},"featured_media":0,"comment_status":"open","ping_status":"closed","template":"","meta":[],"product_brand":[],"product_cat":[1921,1906,1922,1899],"product_tag":[],"class_list":{"0":"post-71","1":"product","2":"type-product","3":"status-publish","5":"product_cat-exhortation","6":"product_cat-femmes-livres","7":"product_cat-femmes-mariage-et-famille","8":"product_cat-jurisprudence","9":"pa_editeur-almadina","11":"first","12":"instock","13":"shipping-taxable","14":"purchasable","15":"product-type-simple"},"_links":{"self":[{"href":"https:\/\/lamaktaba.fr\/index.php\/wp-json\/wp\/v2\/product\/71","targetHints":{"allow":["GET"]}}],"collection":[{"href":"https:\/\/lamaktaba.fr\/index.php\/wp-json\/wp\/v2\/product"}],"about":[{"href":"https:\/\/lamaktaba.fr\/index.php\/wp-json\/wp\/v2\/types\/product"}],"replies":[{"embeddable":true,"href":"https:\/\/lamaktaba.fr\/index.php\/wp-json\/wp\/v2\/comments?post=71"}],"wp:attachment":[{"href":"https:\/\/lamaktaba.fr\/index.php\/wp-json\/wp\/v2\/media?parent=71"}],"wp:term":[{"taxonomy":"product_brand","embeddable":true,"href":"https:\/\/lamaktaba.fr\/index.php\/wp-json\/wp\/v2\/product_brand?post=71"},{"taxonomy":"product_cat","embeddable":true,"href":"https:\/\/lamaktaba.fr\/index.php\/wp-json\/wp\/v2\/product_cat?post=71"},{"taxonomy":"product_tag","embeddable":true,"href":"https:\/\/lamaktaba.fr\/index.php\/wp-json\/wp\/v2\/product_tag?post=71"}],"curies":[{"name":"wp","href":"https:\/\/api.w.org\/{rel}","templated":true}]}}