{"id":70,"date":"2020-03-02T10:00:00","date_gmt":"2020-03-02T09:00:00","guid":{"rendered":"https:\/\/lamaktaba.fr\/index.php\/produit\/guide-al-hajj-et-al-umra-invocations-muhammed-al-jabiri\/"},"modified":"2025-04-01T12:43:17","modified_gmt":"2025-04-01T10:43:17","slug":"guide-al-hajj-et-al-umra-invocations-muhammed-al-jabiri","status":"publish","type":"product","link":"https:\/\/lamaktaba.fr\/index.php\/produit\/guide-al-hajj-et-al-umra-invocations-muhammed-al-jabiri","title":{"rendered":"Guide Al-Hajj et Al Umra Invocations"},"content":{"rendered":"<p>Titre: Guide Al-Hajj et Al Umra Invocations;Auteur: Muhammed al-Jabiri;Edition: SANA;Support: Livre;Theme: Piliers de L&rsquo;ISLAM;Description: Al-Hajj (le pelerinage) est l&rsquo;un des cinq piliers de l&rsquo;Islam. Son accomplissement (pour ceux qui en ont les moyens), ob\u00e9it \u00e0 des r\u00e8gles bien d\u00e9finies. En r\u00e9pondant \u00e0 l&rsquo;invitation divine, le p\u00e8lerin se met en \u00e9tat de sacralisation (ihram). Destin\u00e9 aux p\u00e8lerins non arabophones, ou ma\u00eetrisant peu la langue arabe, cet ouvrage est con\u00e7u comme un guide. Pour chaque \u00e9tape, la transcription phon\u00e9tique des invocations est suivie par du texte arabe original et la traduction fran\u00e7aise est plac\u00e9e \u00e0 la fin de chaque rite.<\/p>\n","protected":false},"excerpt":{"rendered":"<p>Titre: Guide Al-Hajj et Al Umra Invocations;Auteur: Muhammed al-Jabiri;Edition: SANA;Support: Livre;Theme: Piliers de L&rsquo;ISLAM;Description: Al-Hajj (le pelerinage) est l&rsquo;un des cinq piliers de l&rsquo;Islam. Son accomplissement (pour ceux qui en ont les moyens), ob\u00e9it \u00e0 des r\u00e8gles bien d\u00e9finies. En r\u00e9pondant \u00e0 l&rsquo;invitation divine, le p\u00e8lerin se met en \u00e9tat de sacralisation (ihram). Destin\u00e9 aux p\u00e8lerins non arabophones, ou ma\u00eetrisant peu la langue arabe, cet ouvrage est con\u00e7u comme un guide. Pour chaque \u00e9tape, la transcription phon\u00e9tique des invocations est suivie par du texte arabe original et la traduction fran\u00e7aise est plac\u00e9e \u00e0 la fin de chaque rite.<\/p>\n","protected":false},"featured_media":37781,"comment_status":"open","ping_status":"closed","template":"","meta":[],"product_brand":[],"product_cat":[15],"product_tag":[],"class_list":{"0":"post-70","1":"product","2":"type-product","3":"status-publish","4":"has-post-thumbnail","6":"product_cat-non-classe","7":"pa_editeur-almadina","9":"first","10":"instock","11":"shipping-taxable","12":"purchasable","13":"product-type-simple"},"_links":{"self":[{"href":"https:\/\/lamaktaba.fr\/index.php\/wp-json\/wp\/v2\/product\/70","targetHints":{"allow":["GET"]}}],"collection":[{"href":"https:\/\/lamaktaba.fr\/index.php\/wp-json\/wp\/v2\/product"}],"about":[{"href":"https:\/\/lamaktaba.fr\/index.php\/wp-json\/wp\/v2\/types\/product"}],"replies":[{"embeddable":true,"href":"https:\/\/lamaktaba.fr\/index.php\/wp-json\/wp\/v2\/comments?post=70"}],"wp:featuredmedia":[{"embeddable":true,"href":"https:\/\/lamaktaba.fr\/index.php\/wp-json\/wp\/v2\/media\/37781"}],"wp:attachment":[{"href":"https:\/\/lamaktaba.fr\/index.php\/wp-json\/wp\/v2\/media?parent=70"}],"wp:term":[{"taxonomy":"product_brand","embeddable":true,"href":"https:\/\/lamaktaba.fr\/index.php\/wp-json\/wp\/v2\/product_brand?post=70"},{"taxonomy":"product_cat","embeddable":true,"href":"https:\/\/lamaktaba.fr\/index.php\/wp-json\/wp\/v2\/product_cat?post=70"},{"taxonomy":"product_tag","embeddable":true,"href":"https:\/\/lamaktaba.fr\/index.php\/wp-json\/wp\/v2\/product_tag?post=70"}],"curies":[{"name":"wp","href":"https:\/\/api.w.org\/{rel}","templated":true}]}}