{"id":65,"date":"2020-02-03T10:00:00","date_gmt":"2020-02-03T09:00:00","guid":{"rendered":"https:\/\/lamaktaba.fr\/index.php\/produit\/lauthentique-de-lexegese-du-verset-du-trone-%d8%b5%d8%ad%d9%8a%d8%ad-%d8%aa%d9%81%d8%b3%d9%8a%d8%b1-%d8%a2%d9%8a%d8%a9-%d8%a7%d9%84%d9%83%d8%b1%d8%b3%d9%8a-ibn-kathir\/"},"modified":"2025-04-01T12:43:58","modified_gmt":"2025-04-01T10:43:58","slug":"lauthentique-de-lexegese-du-verset-du-trone-d8b5d8add98ad8ad-d8aad981d8b3d98ad8b1-d8a2d98ad8a9-d8a7d984d983d8b1d8b3d98a-ibn-kathir","status":"publish","type":"product","link":"https:\/\/lamaktaba.fr\/index.php\/produit\/lauthentique-de-lexegese-du-verset-du-trone-d8b5d8add98ad8ad-d8aad981d8b3d98ad8b1-d8a2d98ad8a9-d8a7d984d983d8b1d8b3d98a-ibn-kathir","title":{"rendered":"L\u2019authentique de l\u2019ex\u00e9g\u00e8se du verset du Tr\u00f4ne, de Ibn Kathir, \u0635\u062d\u064a\u062d \u062a\u0641\u0633\u064a\u0631 \u0622\u064a\u0629 \u0627\u0644\u0643\u0631\u0633\u064a \u060c \u0627\u0628\u0646 \u0643\u062b\u064a\u0631, (Fran\u00e7ais- Arabe)"},"content":{"rendered":"<p>L\u2019authentique de l\u2019ex\u00e9g\u00e8se du verset du Tr\u00f4ne (Sahih Tafsir Ayat Al Kursi), de Ibn Kathir, \u0635\u062d\u064a\u062d \u062a\u0641\u0633\u064a\u0631 \u0622\u064a\u0629 \u0627\u0644\u0643\u0631\u0633\u064a \u060c \u0627\u0628\u0646 \u0643\u062b\u064a\u0631, (Fran\u00e7ais- Arabe);Ce petit livre permet de comprendre le sens du verset du Tr\u00f4ne (Ayat Al Kursi), car il s\u2019agit de la c\u00e9l\u00e8bre ex\u00e9g\u00e8se (ou tafsir) d\u2019Ibn Kathir, l\u2019un des plus \u00e9minents \u00e9rudits musulmans. Le verset du tr\u00f4ne rev\u00eat une grande importance. En effet, d\u2019apr\u00e8s un hadith authentique, le Messager (saw) dit qu\u2019il est le meilleur verset du Livre d\u2019 Allah.;On rapporte d\u2019apr\u00e8s Ubayy Ibn Ka\u2018b que le Proph\u00e8te (saw) l\u2019interrogea sur le plus grand verset du Livre de Dieu. \u00ab Dieu et Son Messager le savent mieux \u00bb, r\u00e9pondit-il. Et le Proph\u00e8te (saw) d\u2019ajouter: \u00ab C\u2019est le verset du Tr\u00f4ne. Que ce savoir t\u2019apporte le bonheur, \u00f4 Ab\u00fb Al-Mundhir \u00bb (Muslim)<\/p>\n","protected":false},"excerpt":{"rendered":"<p>L\u2019authentique de l\u2019ex\u00e9g\u00e8se du verset du Tr\u00f4ne (Sahih Tafsir Ayat Al Kursi), de Ibn Kathir, \u0635\u062d\u064a\u062d \u062a\u0641\u0633\u064a\u0631 \u0622\u064a\u0629 \u0627\u0644\u0643\u0631\u0633\u064a \u060c \u0627\u0628\u0646 \u0643\u062b\u064a\u0631, (Fran\u00e7ais- Arabe);Ce petit livre permet de comprendre le sens du verset du Tr\u00f4ne (Ayat Al Kursi), car il s\u2019agit de la c\u00e9l\u00e8bre ex\u00e9g\u00e8se (ou tafsir) d\u2019Ibn Kathir, l\u2019un des plus \u00e9minents \u00e9rudits musulmans. Le verset du tr\u00f4ne rev\u00eat une grande importance. En effet, d\u2019apr\u00e8s un hadith authentique, le Messager (saw) dit qu\u2019il est le meilleur verset du Livre d\u2019 Allah.;On rapporte d\u2019apr\u00e8s Ubayy Ibn Ka\u2018b que le Proph\u00e8te (saw) l\u2019interrogea sur le plus grand verset du Livre de Dieu. \u00ab Dieu et Son Messager le savent mieux \u00bb, r\u00e9pondit-il. Et le Proph\u00e8te (saw) d\u2019ajouter: \u00ab C\u2019est le verset du Tr\u00f4ne. Que ce savoir t\u2019apporte le bonheur, \u00f4 Ab\u00fb Al-Mundhir \u00bb (Muslim)<\/p>\n","protected":false},"featured_media":36830,"comment_status":"open","ping_status":"closed","template":"","meta":[],"product_brand":[],"product_cat":[1908],"product_tag":[],"class_list":{"0":"post-65","1":"product","2":"type-product","3":"status-publish","4":"has-post-thumbnail","6":"product_cat-tafsir-exegese","7":"pa_annee-381","8":"pa_auteur-ibn-kathir","9":"pa_editeur-maison-dennour-editions-2","10":"pa_format-8-x-12-cm","11":"pa_langue-francais-arabe","12":"pa_nombre-de-pages-415","13":"pa_reliure-souple","15":"first","16":"instock","17":"shipping-taxable","18":"purchasable","19":"product-type-simple"},"_links":{"self":[{"href":"https:\/\/lamaktaba.fr\/index.php\/wp-json\/wp\/v2\/product\/65","targetHints":{"allow":["GET"]}}],"collection":[{"href":"https:\/\/lamaktaba.fr\/index.php\/wp-json\/wp\/v2\/product"}],"about":[{"href":"https:\/\/lamaktaba.fr\/index.php\/wp-json\/wp\/v2\/types\/product"}],"replies":[{"embeddable":true,"href":"https:\/\/lamaktaba.fr\/index.php\/wp-json\/wp\/v2\/comments?post=65"}],"wp:featuredmedia":[{"embeddable":true,"href":"https:\/\/lamaktaba.fr\/index.php\/wp-json\/wp\/v2\/media\/36830"}],"wp:attachment":[{"href":"https:\/\/lamaktaba.fr\/index.php\/wp-json\/wp\/v2\/media?parent=65"}],"wp:term":[{"taxonomy":"product_brand","embeddable":true,"href":"https:\/\/lamaktaba.fr\/index.php\/wp-json\/wp\/v2\/product_brand?post=65"},{"taxonomy":"product_cat","embeddable":true,"href":"https:\/\/lamaktaba.fr\/index.php\/wp-json\/wp\/v2\/product_cat?post=65"},{"taxonomy":"product_tag","embeddable":true,"href":"https:\/\/lamaktaba.fr\/index.php\/wp-json\/wp\/v2\/product_tag?post=65"}],"curies":[{"name":"wp","href":"https:\/\/api.w.org\/{rel}","templated":true}]}}