{"id":63,"date":"2020-02-03T10:00:00","date_gmt":"2020-02-03T09:00:00","guid":{"rendered":"https:\/\/lamaktaba.fr\/index.php\/produit\/ceci-est-notre-religion-muhammad-al-ghazali\/"},"modified":"2025-04-01T12:45:09","modified_gmt":"2025-04-01T10:45:09","slug":"ceci-est-notre-religion-muhammad-al-ghazali","status":"publish","type":"product","link":"https:\/\/lamaktaba.fr\/index.php\/produit\/ceci-est-notre-religion-muhammad-al-ghazali","title":{"rendered":"Ceci est notre religion, de Muhammad Al-Ghaz\u00e2l\u00ee"},"content":{"rendered":"<p>Ceci est notre religion, de Muhammad Al-Ghaz\u00e2l\u00ee;L&rsquo;Isl\u00e2m est une question \u00e9quitable, qui -malheureusement- est tomb\u00e9e entre les mains de mauvais avocats. Bien souvent, en \u00e9coutant des gens parler de l&rsquo;Isl\u00e2m, j&rsquo;ai souhait\u00e9 qu&rsquo;ils se taisent et ne disent plus le moindre mot. Pour la plupart, ils ne connaissent pas la religion telle qu&rsquo;elle a \u00e9t\u00e9 r\u00e9v\u00e9l\u00e9e par Dieu, et le peu qu&rsquo;ils en comprennent, ils ne savent pas l&rsquo;expliquer de mani\u00e8re ad\u00e9quate.;Les musulmans feraient preuve d&rsquo;une grave n\u00e9gligence s&rsquo;ils n&rsquo;expliquaient pas leur religion avec pr\u00e9cision et \u00e9quit\u00e9, sans exag\u00e9rer dans un sens ni dans l&rsquo;autre, en s&rsquo;effor\u00e7ant uniquement de faire la lumi\u00e8re sur la v\u00e9rit\u00e9.;Lorsque la v\u00e9rit\u00e9 est claire, elle poss\u00e8de une aura qui attire les regards et les esprits. Les g\u00e9n\u00e9rations pr\u00e9sentes ont une soif de connaitre l&rsquo;Isl\u00e2m dans un langage souple et avec des preuves compr\u00e9hensibles. Ils ont besoin de le conna\u00eetre d&rsquo;une mani\u00e8re qui remplisse le vide psychologique notoire et r\u00e9fute les ambigu\u00eft\u00e9s forg\u00e9es de toutes pi\u00e8ces par les agents de l&rsquo;ath\u00e9isme et de la d\u00e9liquescence morale.;Nous poss\u00e9dons un Livre qui sera toujours d&rsquo;actualit\u00e9 et dont la richesse ne tarira jamais. Nous un Proph\u00e8te dont la biographie inspirera toujours et dont la Tradition demeurera pure. Comment pourrions-nous nous \u00e9garer avec ces rayons de Lumi\u00e8re ou nous sentir moroses dans ce monde agit\u00e9?;L&rsquo;auteur;Consid\u00e9r\u00e9 comme l&rsquo;un des plus \u00e9minents savants musulmans de notre temps, Muhammad Al-Ghazali est un auteur prolifique \u00e0 qui l&rsquo;on doit plus de quatre-ving-dix livres. Il est l&rsquo;un des principaux artisans de la r\u00e9novation islamique de notre temps. Tout comme l&rsquo;imam Ab\u00fb Hamid Al-Ghazali (1058-1111), Muhammad Al-Ghazali (1917-1996) s&rsquo;est d\u00e9ploy\u00e9, en s&rsquo;appuyant sur les enseignements de l&rsquo;Islam, \u00e0 revivifier et \u00e0 renouveler la religion ainsi qu&rsquo;\u00e0 susciter la vie dans le corps inerte de la communaut\u00e9.<\/p>\n","protected":false},"excerpt":{"rendered":"<p>Ceci est notre religion, de Muhammad Al-Ghaz\u00e2l\u00ee;L&rsquo;Isl\u00e2m est une question \u00e9quitable, qui -malheureusement- est tomb\u00e9e entre les mains de mauvais avocats. Bien souvent, en \u00e9coutant des gens parler de l&rsquo;Isl\u00e2m, j&rsquo;ai souhait\u00e9 qu&rsquo;ils se taisent et ne disent plus le moindre mot. Pour la plupart, ils ne connaissent pas la religion telle qu&rsquo;elle a \u00e9t\u00e9 r\u00e9v\u00e9l\u00e9e par Dieu, et le peu qu&rsquo;ils en comprennent, ils ne savent pas l&rsquo;expliquer de mani\u00e8re ad\u00e9quate.;Les musulmans feraient preuve d&rsquo;une grave n\u00e9gligence s&rsquo;ils n&rsquo;expliquaient pas leur religion avec pr\u00e9cision et \u00e9quit\u00e9, sans exag\u00e9rer dans un sens ni dans l&rsquo;autre, en s&rsquo;effor\u00e7ant uniquement de faire la lumi\u00e8re sur la v\u00e9rit\u00e9.;Lorsque la v\u00e9rit\u00e9 est claire, elle poss\u00e8de une aura qui attire les regards et les esprits. Les g\u00e9n\u00e9rations pr\u00e9sentes ont une soif de connaitre l&rsquo;Isl\u00e2m dans un langage souple et avec des preuves compr\u00e9hensibles. Ils ont besoin de le conna\u00eetre d&rsquo;une mani\u00e8re qui remplisse le vide psychologique notoire et r\u00e9fute les ambigu\u00eft\u00e9s forg\u00e9es de toutes pi\u00e8ces par les agents de l&rsquo;ath\u00e9isme et de la d\u00e9liquescence morale.;Nous poss\u00e9dons un Livre qui sera toujours d&rsquo;actualit\u00e9 et dont la richesse ne tarira jamais. Nous un Proph\u00e8te dont la biographie inspirera toujours et dont la Tradition demeurera pure. Comment pourrions-nous nous \u00e9garer avec ces rayons de Lumi\u00e8re ou nous sentir moroses dans ce monde agit\u00e9?;L&rsquo;auteur;Consid\u00e9r\u00e9 comme l&rsquo;un des plus \u00e9minents savants musulmans de notre temps, Muhammad Al-Ghazali est un auteur prolifique \u00e0 qui l&rsquo;on doit plus de quatre-ving-dix livres. Il est l&rsquo;un des principaux artisans de la r\u00e9novation islamique de notre temps. Tout comme l&rsquo;imam Ab\u00fb Hamid Al-Ghazali (1058-1111), Muhammad Al-Ghazali (1917-1996) s&rsquo;est d\u00e9ploy\u00e9, en s&rsquo;appuyant sur les enseignements de l&rsquo;Islam, \u00e0 revivifier et \u00e0 renouveler la religion ainsi qu&rsquo;\u00e0 susciter la vie dans le corps inerte de la communaut\u00e9.<\/p>\n","protected":false},"featured_media":37044,"comment_status":"open","ping_status":"closed","template":"","meta":[],"product_brand":[],"product_cat":[1924,1911,1937,1912,1931,1929],"product_tag":[],"class_list":{"0":"post-63","1":"product","2":"type-product","3":"status-publish","4":"has-post-thumbnail","6":"product_cat-jeune-ramadan","7":"product_cat-les-cinqs-piliers-de-lislam","8":"product_cat-pelerinage-hajj-et-omra","9":"product_cat-priere-salate","10":"product_cat-tawhid-unicite","11":"product_cat-zakat-et-aumone","12":"pa_annee-381","13":"pa_auteur-muhammad-al-ghazali","14":"pa_editeur-maison-dennour-editions-2","15":"pa_format-17-x-24-cm","16":"pa_langue-francais","17":"pa_nombre-de-pages-655","18":"pa_reliure-rigide","20":"first","21":"instock","22":"shipping-taxable","23":"purchasable","24":"product-type-simple"},"_links":{"self":[{"href":"https:\/\/lamaktaba.fr\/index.php\/wp-json\/wp\/v2\/product\/63","targetHints":{"allow":["GET"]}}],"collection":[{"href":"https:\/\/lamaktaba.fr\/index.php\/wp-json\/wp\/v2\/product"}],"about":[{"href":"https:\/\/lamaktaba.fr\/index.php\/wp-json\/wp\/v2\/types\/product"}],"replies":[{"embeddable":true,"href":"https:\/\/lamaktaba.fr\/index.php\/wp-json\/wp\/v2\/comments?post=63"}],"wp:featuredmedia":[{"embeddable":true,"href":"https:\/\/lamaktaba.fr\/index.php\/wp-json\/wp\/v2\/media\/37044"}],"wp:attachment":[{"href":"https:\/\/lamaktaba.fr\/index.php\/wp-json\/wp\/v2\/media?parent=63"}],"wp:term":[{"taxonomy":"product_brand","embeddable":true,"href":"https:\/\/lamaktaba.fr\/index.php\/wp-json\/wp\/v2\/product_brand?post=63"},{"taxonomy":"product_cat","embeddable":true,"href":"https:\/\/lamaktaba.fr\/index.php\/wp-json\/wp\/v2\/product_cat?post=63"},{"taxonomy":"product_tag","embeddable":true,"href":"https:\/\/lamaktaba.fr\/index.php\/wp-json\/wp\/v2\/product_tag?post=63"}],"curies":[{"name":"wp","href":"https:\/\/api.w.org\/{rel}","templated":true}]}}