{"id":62,"date":"2020-02-03T10:00:00","date_gmt":"2020-02-03T09:00:00","guid":{"rendered":"https:\/\/lamaktaba.fr\/index.php\/produit\/fadail-al-amal-les-vertus-des-bonnes-actions-%d9%81%d8%b6%d8%a7%d8%a6%d9%84-%d8%a7%d9%84%d8%a7%d8%b9%d9%85%d8%a7%d9%84-zakariyya-kandhalawi-version-traduite-revue-et-corrigee-par-abdennour-l\/"},"modified":"2025-04-01T12:47:00","modified_gmt":"2025-04-01T10:47:00","slug":"fadail-al-amal-les-vertus-des-bonnes-actions-d981d8b6d8a7d8a6d984-d8a7d984d8a7d8b9d985d8a7d984-zakariyya-kandhalawi-version-traduite-revue-et-corrigee-par-abdennour-l","status":"publish","type":"product","link":"https:\/\/lamaktaba.fr\/index.php\/produit\/fadail-al-amal-les-vertus-des-bonnes-actions-d981d8b6d8a7d8a6d984-d8a7d984d8a7d8b9d985d8a7d984-zakariyya-kandhalawi-version-traduite-revue-et-corrigee-par-abdennour-l","title":{"rendered":"Fad\u00e2&rsquo;il Al-A&rsquo;m\u00e2l &#8211; Les vertus des bonnes actions &#8211; \u0641\u0636\u0627\u0626\u0644 \u0627\u0644\u0627\u0639\u0645\u0627\u0644 &#8211; Zakariyya KANDHALAWI, version traduite, revue et corrig\u00e9e par Abdennour LOUIS"},"content":{"rendered":"<p>Sept livrets r\u00e9unis dans une oeuvre majeure \u00ab\u00a0Fadh\u00e2&rsquo;il Al-A&rsquo;m\u00e2l\u00a0\u00bb (Les vertus des bonnes actions)<br \/>Livret 1: R\u00e9cits de la vie des compagnons<br \/>Livret 2: Les vertus du Coran<br \/>Livret 3: Les vertus de la pri\u00e8re<br \/>Livret 4: Les vertus du rappel d&rsquo;Allah<br \/>Livret 5: Les vertus du Tabl\u00eegh<br \/>Livret 6: Les vertus du Ramadan<br \/>Livret 7: La d\u00e9g\u00e9n\u00e9rescence du monde musulman:soins et rem\u00e8des<br \/>L&rsquo;oeuvre, une compilation des \u00ab\u00a0FADHA&rsquo;IL\u00a0\u00bb du Sheikh Muhammad Zakariyya Kandhalawi (Qu&rsquo;Allah lui fasse mis\u00e9ricorde) est utilis\u00e9e dans les cercles du ta&rsquo;alim (enseignement) de nombreux pays du monde,elle est un pr\u00e9cieux bagage pour celui, qui voue des efforts \u00e0 la religion.<br \/>Notons que la r\u00e9vision de cette version a \u00e9t\u00e9 r\u00e9alis\u00e9e apr\u00e8s autorisation du Sheikh Enamoul Hassan (qu&rsquo;Allah sanctifie son secret et illumine sa tombe) qui fut le troisi\u00e8me responsable de cette mission.<br \/>Note de l&rsquo;auteur<br \/>Louange \u00e0 Allah et paix sur son Bien-Aim\u00e9<br \/>La traduction et la r\u00e9vision de cet ouvrage ont \u00e9t\u00e9 r\u00e9alis\u00e9es \u00e0 partir du texte anglais et fran\u00e7ais,tir\u00e9 de l&rsquo;original en langue ourdou et ce, gr\u00e2ce aux bons soins du Dr Sanaouallah Khan d&rsquo;Aligarh qu&rsquo;Allah le b\u00e9nisse.Les th\u00e9matiques \u00e9voqu\u00e9es: la D\u00e9g\u00e9n\u00e9rescence musulmane et son seul rem\u00e8de, les vertus de la pri\u00e8re, du Coran et du Tabl\u00eegh et du dikr.R\u00e9cits de la vie des compagnons et les vertus du Ramadan.Remerciements aux savants et fr\u00e8re de l\u2019Ile de la R\u00e9union: Mawl\u00e2n\u00e2 Isaac Gangat et Mawlana Ahmad Pattel qu&rsquo;Allah les prot\u00e8ge, \u00e9galement Mawl\u00e2n\u00e2 Hamidoullah Pattel, Ibrahim Soulaiman, Batchou et tous les autres fr\u00e8res qui ont contribu\u00e9 \u00e0 cette noble entreprise. Qu&rsquo;il r\u00e9compense \u00e9galement Oum Isma\u00ebl et le fr\u00e8re Rabia&rsquo;h qui re\u00e7urent la permission d&rsquo;Hazratji sans oublier Shaikh Mokhtar pour ses notes, et tous ceux qui ont permis la publication de cet ouvrage: principalement la famille Abdel Qadir qui l&rsquo;a fait pour le thawwab de leur fils d\u00e9c\u00e9d\u00e9 Abdoul Malik ainsi qu&rsquo;Isma\u00ebl, mon fils, qui a \u00e9galement g\u00e9n\u00e9reusement particip\u00e9. Enfin qu&rsquo;il r\u00e9compense tous les autres nombreux fr\u00e8res qui nous ont aid\u00e9s d&rsquo;une fa\u00e7on ou d&rsquo;une autre et dont l&rsquo;\u00e9num\u00e9ration ici serait trop longue&#8230;<br \/>Qu&rsquo;Allah les b\u00e9nissent et les acceptent tous dans leurs efforts pour l&rsquo;\u00e9dification du D\u00een.<\/p>\n","protected":false},"excerpt":{"rendered":"<p>Sept livrets r\u00e9unis dans une oeuvre majeure \u00ab\u00a0Fadh\u00e2&rsquo;il Al-A&rsquo;m\u00e2l\u00a0\u00bb (Les vertus des bonnes actions)Livret 1: R\u00e9cits de la vie des compagnonsLivret 2: Les vertus du CoranLivret 3: Les vertus de la pri\u00e8reLivret 4: Les vertus du rappel d&rsquo;AllahLivret 5: Les vertus du Tabl\u00eeghLivret 6: Les vertus du RamadanLivret 7: La d\u00e9g\u00e9n\u00e9rescence du monde musulman:soins et [&hellip;]<\/p>\n","protected":false},"featured_media":4523,"comment_status":"open","ping_status":"closed","template":"","meta":[],"product_brand":[],"product_cat":[15],"product_tag":[],"class_list":{"0":"post-62","1":"product","2":"type-product","3":"status-publish","4":"has-post-thumbnail","6":"product_cat-non-classe","7":"pa_editeur-alif","9":"first","10":"outofstock","11":"shipping-taxable","12":"purchasable","13":"product-type-simple"},"_links":{"self":[{"href":"https:\/\/lamaktaba.fr\/index.php\/wp-json\/wp\/v2\/product\/62","targetHints":{"allow":["GET"]}}],"collection":[{"href":"https:\/\/lamaktaba.fr\/index.php\/wp-json\/wp\/v2\/product"}],"about":[{"href":"https:\/\/lamaktaba.fr\/index.php\/wp-json\/wp\/v2\/types\/product"}],"replies":[{"embeddable":true,"href":"https:\/\/lamaktaba.fr\/index.php\/wp-json\/wp\/v2\/comments?post=62"}],"wp:featuredmedia":[{"embeddable":true,"href":"https:\/\/lamaktaba.fr\/index.php\/wp-json\/wp\/v2\/media\/4523"}],"wp:attachment":[{"href":"https:\/\/lamaktaba.fr\/index.php\/wp-json\/wp\/v2\/media?parent=62"}],"wp:term":[{"taxonomy":"product_brand","embeddable":true,"href":"https:\/\/lamaktaba.fr\/index.php\/wp-json\/wp\/v2\/product_brand?post=62"},{"taxonomy":"product_cat","embeddable":true,"href":"https:\/\/lamaktaba.fr\/index.php\/wp-json\/wp\/v2\/product_cat?post=62"},{"taxonomy":"product_tag","embeddable":true,"href":"https:\/\/lamaktaba.fr\/index.php\/wp-json\/wp\/v2\/product_tag?post=62"}],"curies":[{"name":"wp","href":"https:\/\/api.w.org\/{rel}","templated":true}]}}