{"id":58985,"date":"2023-09-12T15:32:21","date_gmt":"2023-09-12T13:32:21","guid":{"rendered":"https:\/\/lamaktaba.fr\/?post_type=product&#038;p=58985"},"modified":"2025-05-24T13:46:32","modified_gmt":"2025-05-24T11:46:32","slug":"tapis-de-priere-personnalise-prenom-brode-bicolore-personnalisable-broderie","status":"publish","type":"product","link":"https:\/\/lamaktaba.fr\/index.php\/produit\/tapis-de-priere-personnalise-prenom-brode-bicolore-personnalisable-broderie","title":{"rendered":"Tapis de pri\u00e8re personnalis\u00e9 pr\u00e9nom brod\u00e9 bicolore \u2013 personnalisable (Broderie)"},"content":{"rendered":"","protected":false},"excerpt":{"rendered":"","protected":false},"featured_media":58986,"comment_status":"open","ping_status":"closed","template":"","meta":[],"product_brand":[],"product_cat":[1518,1522,1519,1520,1521],"product_tag":[],"class_list":{"0":"post-58985","1":"product","2":"type-product","3":"status-publish","4":"has-post-thumbnail","6":"product_cat-coffrets-cadeaux","7":"product_cat-coffrets-cadeaux-femmes","8":"product_cat-coffrets-cadeaux-fille","9":"product_cat-coffrets-cadeaux-garcon","10":"product_cat-coffrets-cadeaux-hommes","12":"first","13":"instock","14":"shipping-taxable","15":"purchasable","16":"product-type-variable","17":"has-default-attributes"},"_links":{"self":[{"href":"https:\/\/lamaktaba.fr\/index.php\/wp-json\/wp\/v2\/product\/58985","targetHints":{"allow":["GET"]}}],"collection":[{"href":"https:\/\/lamaktaba.fr\/index.php\/wp-json\/wp\/v2\/product"}],"about":[{"href":"https:\/\/lamaktaba.fr\/index.php\/wp-json\/wp\/v2\/types\/product"}],"replies":[{"embeddable":true,"href":"https:\/\/lamaktaba.fr\/index.php\/wp-json\/wp\/v2\/comments?post=58985"}],"wp:featuredmedia":[{"embeddable":true,"href":"https:\/\/lamaktaba.fr\/index.php\/wp-json\/wp\/v2\/media\/58986"}],"wp:attachment":[{"href":"https:\/\/lamaktaba.fr\/index.php\/wp-json\/wp\/v2\/media?parent=58985"}],"wp:term":[{"taxonomy":"product_brand","embeddable":true,"href":"https:\/\/lamaktaba.fr\/index.php\/wp-json\/wp\/v2\/product_brand?post=58985"},{"taxonomy":"product_cat","embeddable":true,"href":"https:\/\/lamaktaba.fr\/index.php\/wp-json\/wp\/v2\/product_cat?post=58985"},{"taxonomy":"product_tag","embeddable":true,"href":"https:\/\/lamaktaba.fr\/index.php\/wp-json\/wp\/v2\/product_tag?post=58985"}],"curies":[{"name":"wp","href":"https:\/\/api.w.org\/{rel}","templated":true}]}}