{"id":57232,"date":"2023-04-01T21:43:32","date_gmt":"2023-04-01T19:43:32","guid":{"rendered":"https:\/\/lamaktaba.fr\/?post_type=product&#038;p=57232"},"modified":"2025-04-01T12:43:50","modified_gmt":"2025-04-01T10:43:50","slug":"coffret-mohammed-tapis-2-livres-tasbeeh","status":"publish","type":"product","link":"https:\/\/lamaktaba.fr\/index.php\/produit\/coffret-mohammed-tapis-2-livres-tasbeeh","title":{"rendered":"Coffret Mohammed ( Tapis, 2 livres, Tasbeeh)"},"content":{"rendered":"<p>Ce coffret est compos\u00e9 :\u00a0<\/p>\n<p>-D&rsquo;un tapis (personnalisable)<br \/>\n-D&rsquo;un livre la description de la pri\u00e8re du proph\u00e8te (que la pri\u00e8re d&rsquo;Allah et son salut soient sur lui)<br \/>\n-D&rsquo;un livre sur la vie du proph\u00e8te (que la pri\u00e8re d&rsquo;Allah et son salut soient sur lui)<br \/>\n-Un tasbeeh<\/p>\n","protected":false},"excerpt":{"rendered":"<p>Ce coffret est compos\u00e9 :\u00a0 -D&rsquo;un tapis (personnalisable) -D&rsquo;un livre la description de la pri\u00e8re du proph\u00e8te (que la pri\u00e8re d&rsquo;Allah et son salut soient sur lui) -D&rsquo;un livre sur la vie du proph\u00e8te (que la pri\u00e8re d&rsquo;Allah et son salut soient sur lui) -Un tasbeeh<\/p>\n","protected":false},"featured_media":57233,"comment_status":"open","ping_status":"closed","template":"","meta":[],"product_brand":[],"product_cat":[1522,1519,1520,1521],"product_tag":[],"class_list":{"0":"post-57232","1":"product","2":"type-product","3":"status-publish","4":"has-post-thumbnail","6":"product_cat-coffrets-cadeaux-femmes","7":"product_cat-coffrets-cadeaux-fille","8":"product_cat-coffrets-cadeaux-garcon","9":"product_cat-coffrets-cadeaux-hommes","11":"first","12":"instock","13":"shipping-taxable","14":"purchasable","15":"product-type-simple"},"_links":{"self":[{"href":"https:\/\/lamaktaba.fr\/index.php\/wp-json\/wp\/v2\/product\/57232","targetHints":{"allow":["GET"]}}],"collection":[{"href":"https:\/\/lamaktaba.fr\/index.php\/wp-json\/wp\/v2\/product"}],"about":[{"href":"https:\/\/lamaktaba.fr\/index.php\/wp-json\/wp\/v2\/types\/product"}],"replies":[{"embeddable":true,"href":"https:\/\/lamaktaba.fr\/index.php\/wp-json\/wp\/v2\/comments?post=57232"}],"wp:featuredmedia":[{"embeddable":true,"href":"https:\/\/lamaktaba.fr\/index.php\/wp-json\/wp\/v2\/media\/57233"}],"wp:attachment":[{"href":"https:\/\/lamaktaba.fr\/index.php\/wp-json\/wp\/v2\/media?parent=57232"}],"wp:term":[{"taxonomy":"product_brand","embeddable":true,"href":"https:\/\/lamaktaba.fr\/index.php\/wp-json\/wp\/v2\/product_brand?post=57232"},{"taxonomy":"product_cat","embeddable":true,"href":"https:\/\/lamaktaba.fr\/index.php\/wp-json\/wp\/v2\/product_cat?post=57232"},{"taxonomy":"product_tag","embeddable":true,"href":"https:\/\/lamaktaba.fr\/index.php\/wp-json\/wp\/v2\/product_tag?post=57232"}],"curies":[{"name":"wp","href":"https:\/\/api.w.org\/{rel}","templated":true}]}}