{"id":57228,"date":"2023-04-01T17:26:59","date_gmt":"2023-04-01T15:26:59","guid":{"rendered":"https:\/\/lamaktaba.fr\/?post_type=product&#038;p=57228"},"modified":"2025-04-01T12:43:54","modified_gmt":"2025-04-01T10:43:54","slug":"coffret-saada","status":"publish","type":"product","link":"https:\/\/lamaktaba.fr\/index.php\/produit\/coffret-saada","title":{"rendered":"Coffret Saada"},"content":{"rendered":"<p>Ce coffret est compos\u00e9 :\u00a0<\/p>\n<p>-D&rsquo;un tapis (personnalisable)<br \/>\n-D&rsquo;un calendrier rappels coraniques\u00a0<br \/>\n-D&rsquo;un livre \u00ab\u00a0comment r\u00e9ussir son mariage : 30 conseils du proph\u00e8te (que la pri\u00e8re d&rsquo;Allah et son salut soient sur lui)<br \/>\n-Un tasbeeh<\/p>\n","protected":false},"excerpt":{"rendered":"<p>Ce coffret est compos\u00e9 :\u00a0<\/p>\n<p>-D&rsquo;un tapis (personnalisable)<br \/>\n-D&rsquo;un calendrier rappels coraniques\u00a0<br \/>\n-D&rsquo;un livre \u00ab\u00a0comment r\u00e9ussir son mariage : 30 conseils du proph\u00e8te (que la pri\u00e8re d&rsquo;Allah et son salut soient sur lui)<br \/>\n-Un tasbeeh<\/p>\n","protected":false},"featured_media":57229,"comment_status":"open","ping_status":"closed","template":"","meta":[],"product_brand":[],"product_cat":[15,1522,1519],"product_tag":[],"class_list":{"0":"post-57228","1":"product","2":"type-product","3":"status-publish","4":"has-post-thumbnail","6":"product_cat-non-classe","7":"product_cat-coffrets-cadeaux-femmes","8":"product_cat-coffrets-cadeaux-fille","10":"first","11":"instock","12":"shipping-taxable","13":"purchasable","14":"product-type-simple"},"_links":{"self":[{"href":"https:\/\/lamaktaba.fr\/index.php\/wp-json\/wp\/v2\/product\/57228","targetHints":{"allow":["GET"]}}],"collection":[{"href":"https:\/\/lamaktaba.fr\/index.php\/wp-json\/wp\/v2\/product"}],"about":[{"href":"https:\/\/lamaktaba.fr\/index.php\/wp-json\/wp\/v2\/types\/product"}],"replies":[{"embeddable":true,"href":"https:\/\/lamaktaba.fr\/index.php\/wp-json\/wp\/v2\/comments?post=57228"}],"wp:featuredmedia":[{"embeddable":true,"href":"https:\/\/lamaktaba.fr\/index.php\/wp-json\/wp\/v2\/media\/57229"}],"wp:attachment":[{"href":"https:\/\/lamaktaba.fr\/index.php\/wp-json\/wp\/v2\/media?parent=57228"}],"wp:term":[{"taxonomy":"product_brand","embeddable":true,"href":"https:\/\/lamaktaba.fr\/index.php\/wp-json\/wp\/v2\/product_brand?post=57228"},{"taxonomy":"product_cat","embeddable":true,"href":"https:\/\/lamaktaba.fr\/index.php\/wp-json\/wp\/v2\/product_cat?post=57228"},{"taxonomy":"product_tag","embeddable":true,"href":"https:\/\/lamaktaba.fr\/index.php\/wp-json\/wp\/v2\/product_tag?post=57228"}],"curies":[{"name":"wp","href":"https:\/\/api.w.org\/{rel}","templated":true}]}}