{"id":57215,"date":"2023-04-01T15:56:08","date_gmt":"2023-04-01T13:56:08","guid":{"rendered":"https:\/\/lamaktaba.fr\/?post_type=product&#038;p=57215"},"modified":"2025-04-01T12:46:20","modified_gmt":"2025-04-01T10:46:20","slug":"coffret-hafsa","status":"publish","type":"product","link":"https:\/\/lamaktaba.fr\/index.php\/produit\/coffret-hafsa","title":{"rendered":"Coffret Hafsa (Tapis, 365 rappels coraniques, livre, tasbeeh)"},"content":{"rendered":"<p>Ce coffret est compos\u00e9 :<\/p>\n<ul>\n<li>D&rsquo;un tapis (personnalisable)<\/li>\n<li>D&rsquo;un calendrier rappels coraniques<\/li>\n<li>D&rsquo;un livre \u00ab\u00a0La femme savante \u00e0 l&rsquo;\u00e9poque du proph\u00e8te (que la pri\u00e8re d&rsquo;Allah et son salut soient sur lui)<\/li>\n<li>Un tasbeeh<\/li>\n<\/ul>\n","protected":false},"excerpt":{"rendered":"<p>Ce coffret est compos\u00e9 :\u00a0<\/p>\n<p>-D&rsquo;un tapis (personnalisable)<br \/>\n-D&rsquo;un calendrier rappels coraniques\u00a0<br \/>\n-D&rsquo;un livre \u00ab\u00a0La femme savante \u00e0 l&rsquo;\u00e9poque du proph\u00e8te (que la pri\u00e8re d&rsquo;Allah et son salut soient sur lui)<br \/>\n-Un tasbeeh<\/p>\n","protected":false},"featured_media":57219,"comment_status":"open","ping_status":"closed","template":"","meta":[],"product_brand":[],"product_cat":[15],"product_tag":[],"class_list":{"0":"post-57215","1":"product","2":"type-product","3":"status-publish","4":"has-post-thumbnail","6":"product_cat-non-classe","8":"first","9":"instock","10":"shipping-taxable","11":"purchasable","12":"product-type-simple"},"_links":{"self":[{"href":"https:\/\/lamaktaba.fr\/index.php\/wp-json\/wp\/v2\/product\/57215","targetHints":{"allow":["GET"]}}],"collection":[{"href":"https:\/\/lamaktaba.fr\/index.php\/wp-json\/wp\/v2\/product"}],"about":[{"href":"https:\/\/lamaktaba.fr\/index.php\/wp-json\/wp\/v2\/types\/product"}],"replies":[{"embeddable":true,"href":"https:\/\/lamaktaba.fr\/index.php\/wp-json\/wp\/v2\/comments?post=57215"}],"wp:featuredmedia":[{"embeddable":true,"href":"https:\/\/lamaktaba.fr\/index.php\/wp-json\/wp\/v2\/media\/57219"}],"wp:attachment":[{"href":"https:\/\/lamaktaba.fr\/index.php\/wp-json\/wp\/v2\/media?parent=57215"}],"wp:term":[{"taxonomy":"product_brand","embeddable":true,"href":"https:\/\/lamaktaba.fr\/index.php\/wp-json\/wp\/v2\/product_brand?post=57215"},{"taxonomy":"product_cat","embeddable":true,"href":"https:\/\/lamaktaba.fr\/index.php\/wp-json\/wp\/v2\/product_cat?post=57215"},{"taxonomy":"product_tag","embeddable":true,"href":"https:\/\/lamaktaba.fr\/index.php\/wp-json\/wp\/v2\/product_tag?post=57215"}],"curies":[{"name":"wp","href":"https:\/\/api.w.org\/{rel}","templated":true}]}}