{"id":56526,"date":"2023-03-03T14:03:51","date_gmt":"2023-03-03T13:03:51","guid":{"rendered":"https:\/\/lamaktaba.fr\/?post_type=product&#038;p=56526"},"modified":"2025-04-01T12:45:14","modified_gmt":"2025-04-01T10:45:14","slug":"coffret-esra","status":"publish","type":"product","link":"https:\/\/lamaktaba.fr\/index.php\/produit\/coffret-esra","title":{"rendered":"Coffret Esra &#8211; Tapis, livre, parfum, chapelet"},"content":{"rendered":"<p>Ce coffret est parfaitement adapt\u00e9 pour faire une jolie surprise \u00e0 une personne ch\u00e8re \u00e0 notre c\u0153ur. <\/p>\n<p>D&rsquo;apr\u00e8s Abou Houreira (qu&rsquo;Allah l&rsquo;agr\u00e9e), le Proph\u00e8te (que la pri\u00e8re d&rsquo;Allah et Son salut soient sur lui) a dit: \u00ab Faites vous des cadeaux alors vous vous aimerez \u00bb.<br \/>\n(Rapport\u00e9 par Boukhari dans Al Adab Al Moufrad n\u00b0594 et authentifi\u00e9 par Cheikh Albani dans Sahih Al Adab Al Moufrad n\u00b0462)<\/p>\n<p>Dans ce coffret nous vous proposons un tapis de qualit\u00e9 de couleur rose fonc\u00e9, dont la personnalisation est possible. Un livre traitant des femmes savantes du hadith, un joli parfum de la marque ADN ainsi qu\u2019un tasbeeh (chapelet).<\/p>\n","protected":false},"excerpt":{"rendered":"<p>Notre coffret Esra est compos\u00e9:<br \/>\n&#8211; d\u2019un tapis de pri\u00e8re rose fonc\u00e9. (Personnalisation possible)<br \/>\n&#8211; du livre \u201c Les femmes savantes du hadith\u201d de l\u2019\u00e9ditions al imam.<br \/>\n&#8211; d\u2019un parfum ADN (variable)<br \/>\n&#8211; d\u2019un tasbeeh (variable) <\/p>\n","protected":false},"featured_media":56528,"comment_status":"open","ping_status":"closed","template":"","meta":[],"product_brand":[],"product_cat":[1522,1519],"product_tag":[],"class_list":{"0":"post-56526","1":"product","2":"type-product","3":"status-publish","4":"has-post-thumbnail","6":"product_cat-coffrets-cadeaux-femmes","7":"product_cat-coffrets-cadeaux-fille","9":"first","10":"instock","11":"shipping-taxable","12":"purchasable","13":"product-type-simple"},"_links":{"self":[{"href":"https:\/\/lamaktaba.fr\/index.php\/wp-json\/wp\/v2\/product\/56526","targetHints":{"allow":["GET"]}}],"collection":[{"href":"https:\/\/lamaktaba.fr\/index.php\/wp-json\/wp\/v2\/product"}],"about":[{"href":"https:\/\/lamaktaba.fr\/index.php\/wp-json\/wp\/v2\/types\/product"}],"replies":[{"embeddable":true,"href":"https:\/\/lamaktaba.fr\/index.php\/wp-json\/wp\/v2\/comments?post=56526"}],"wp:featuredmedia":[{"embeddable":true,"href":"https:\/\/lamaktaba.fr\/index.php\/wp-json\/wp\/v2\/media\/56528"}],"wp:attachment":[{"href":"https:\/\/lamaktaba.fr\/index.php\/wp-json\/wp\/v2\/media?parent=56526"}],"wp:term":[{"taxonomy":"product_brand","embeddable":true,"href":"https:\/\/lamaktaba.fr\/index.php\/wp-json\/wp\/v2\/product_brand?post=56526"},{"taxonomy":"product_cat","embeddable":true,"href":"https:\/\/lamaktaba.fr\/index.php\/wp-json\/wp\/v2\/product_cat?post=56526"},{"taxonomy":"product_tag","embeddable":true,"href":"https:\/\/lamaktaba.fr\/index.php\/wp-json\/wp\/v2\/product_tag?post=56526"}],"curies":[{"name":"wp","href":"https:\/\/api.w.org\/{rel}","templated":true}]}}