{"id":55423,"date":"2022-12-02T17:13:07","date_gmt":"2022-12-02T16:13:07","guid":{"rendered":"https:\/\/lamaktaba.fr\/?post_type=product&#038;p=55423"},"modified":"2025-04-01T12:47:49","modified_gmt":"2025-04-01T10:47:49","slug":"bracelet-grave-bracelet-homme-acier-inoxydable-a-personnalise","status":"publish","type":"product","link":"https:\/\/lamaktaba.fr\/index.php\/produit\/bracelet-grave-bracelet-homme-acier-inoxydable-a-personnalise","title":{"rendered":"Bracelet Grav\u00e9 Bracelet Homme Acier Inoxydable \u00e0 personnalis\u00e9"},"content":{"rendered":"<p>Les bracelets \u00e0 graver sont une fa\u00e7on amusante et tendance de faire un cadeau. Ils re\u00e7oivent une finitions de tr\u00e8s bonne qualit\u00e9 avec une d\u00e9clinaison de bracelets en argent. Le syst\u00e8me de fermeture permet d&rsquo;\u00eatre enfil\u00e9 et retir\u00e9 tr\u00e8s facilement. Ces articles peuvent \u00eatre grav\u00e9s avec tout, des noms et des surnoms aux dates et aux mots pr\u00e9f\u00e9r\u00e9s gr\u00e2ce \u00e0 notre configurateur de produit. Ce qui est g\u00e9nial avec ces mod\u00e8les, \u00e9l\u00e9gants lorsqu&rsquo;ils sont port\u00e9s. Des bijoux \u00e0 graver comme celui-ci constituent \u00e9galement d&rsquo;excellents cadeaux pour les \u00eatres chers dans votre vie.<\/p>\n","protected":false},"excerpt":{"rendered":"<p>Les bracelets \u00e0 graver sont une fa\u00e7on amusante et tendance de faire un cadeau. Ils re\u00e7oivent une finitions de tr\u00e8s bonne qualit\u00e9 avec une d\u00e9clinaison de bracelets en argent. Le syst\u00e8me de fermeture permet d&rsquo;\u00eatre enfil\u00e9 et retir\u00e9 tr\u00e8s facilement. Ces articles peuvent \u00eatre grav\u00e9s avec tout, des noms et des surnoms aux dates et [&hellip;]<\/p>\n","protected":false},"featured_media":55424,"comment_status":"open","ping_status":"closed","template":"","meta":[],"product_brand":[],"product_cat":[1891],"product_tag":[],"class_list":{"0":"post-55423","1":"product","2":"type-product","3":"status-publish","4":"has-post-thumbnail","6":"product_cat-bijoux-et-accessoires","8":"first","9":"instock","10":"shipping-taxable","11":"purchasable","12":"product-type-simple"},"_links":{"self":[{"href":"https:\/\/lamaktaba.fr\/index.php\/wp-json\/wp\/v2\/product\/55423","targetHints":{"allow":["GET"]}}],"collection":[{"href":"https:\/\/lamaktaba.fr\/index.php\/wp-json\/wp\/v2\/product"}],"about":[{"href":"https:\/\/lamaktaba.fr\/index.php\/wp-json\/wp\/v2\/types\/product"}],"replies":[{"embeddable":true,"href":"https:\/\/lamaktaba.fr\/index.php\/wp-json\/wp\/v2\/comments?post=55423"}],"wp:featuredmedia":[{"embeddable":true,"href":"https:\/\/lamaktaba.fr\/index.php\/wp-json\/wp\/v2\/media\/55424"}],"wp:attachment":[{"href":"https:\/\/lamaktaba.fr\/index.php\/wp-json\/wp\/v2\/media?parent=55423"}],"wp:term":[{"taxonomy":"product_brand","embeddable":true,"href":"https:\/\/lamaktaba.fr\/index.php\/wp-json\/wp\/v2\/product_brand?post=55423"},{"taxonomy":"product_cat","embeddable":true,"href":"https:\/\/lamaktaba.fr\/index.php\/wp-json\/wp\/v2\/product_cat?post=55423"},{"taxonomy":"product_tag","embeddable":true,"href":"https:\/\/lamaktaba.fr\/index.php\/wp-json\/wp\/v2\/product_tag?post=55423"}],"curies":[{"name":"wp","href":"https:\/\/api.w.org\/{rel}","templated":true}]}}