{"id":55420,"date":"2022-12-02T16:50:59","date_gmt":"2022-12-02T15:50:59","guid":{"rendered":"https:\/\/lamaktaba.fr\/?post_type=product&#038;p=55420"},"modified":"2025-04-01T12:47:48","modified_gmt":"2025-04-01T10:47:48","slug":"bracelet-chaine-doree-enfant-bebe-personnalise-medaille-gravee","status":"publish","type":"product","link":"https:\/\/lamaktaba.fr\/index.php\/produit\/bracelet-chaine-doree-enfant-bebe-personnalise-medaille-gravee","title":{"rendered":"Bracelet cha\u00eene dor\u00e9e enfant \/ b\u00e9b\u00e9 personnalis\u00e9 m\u00e9daille grav\u00e9e"},"content":{"rendered":"<p>Votre b\u00e9b\u00e9 m\u00e9rite un bijou de grande ? Alors pourquoi ne pas lui offrir ce magnifique bracelet enfant personnalis\u00e9 ? Elle sera tellement fi\u00e8re de le porter ! Avec sa m\u00e9daille grav\u00e9e nuage et sa fine cha\u00eene, ce bracelet \u00e0 tout pour plaire. Rendez-le unique au monde en le personnalisant. Vous pouvez graver la m\u00e9daille avec son pr\u00e9nom ou sa date de naissance. Vous pourrez aussi rajouter une forme ou un dessin repr\u00e9sentant le message que vous voulez faire passer. Et au verso, vous pourrez graver son petit nom ou m\u00eame son expression favorite. Ce bracelet est un bijou personnalis\u00e9 que votre princesse portera toute son enfance. Un cadeau id\u00e9al pour une naissance, un bapt\u00eame ou un anniversaire.<\/p>\n","protected":false},"excerpt":{"rendered":"<div class=\"description__content\">\n<p>Pour commander votre bijou, choisissez votre type de personnalisation. Vous pouvez saisir un pr\u00e9nom ou choisir une jolie illustration exclusive. C&rsquo;est facile !<\/p>\n<\/div>\n","protected":false},"featured_media":55982,"comment_status":"open","ping_status":"closed","template":"","meta":[],"product_brand":[],"product_cat":[1891],"product_tag":[],"class_list":{"0":"post-55420","1":"product","2":"type-product","3":"status-publish","4":"has-post-thumbnail","6":"product_cat-bijoux-et-accessoires","8":"first","9":"instock","10":"shipping-taxable","11":"purchasable","12":"product-type-simple"},"_links":{"self":[{"href":"https:\/\/lamaktaba.fr\/index.php\/wp-json\/wp\/v2\/product\/55420","targetHints":{"allow":["GET"]}}],"collection":[{"href":"https:\/\/lamaktaba.fr\/index.php\/wp-json\/wp\/v2\/product"}],"about":[{"href":"https:\/\/lamaktaba.fr\/index.php\/wp-json\/wp\/v2\/types\/product"}],"replies":[{"embeddable":true,"href":"https:\/\/lamaktaba.fr\/index.php\/wp-json\/wp\/v2\/comments?post=55420"}],"wp:featuredmedia":[{"embeddable":true,"href":"https:\/\/lamaktaba.fr\/index.php\/wp-json\/wp\/v2\/media\/55982"}],"wp:attachment":[{"href":"https:\/\/lamaktaba.fr\/index.php\/wp-json\/wp\/v2\/media?parent=55420"}],"wp:term":[{"taxonomy":"product_brand","embeddable":true,"href":"https:\/\/lamaktaba.fr\/index.php\/wp-json\/wp\/v2\/product_brand?post=55420"},{"taxonomy":"product_cat","embeddable":true,"href":"https:\/\/lamaktaba.fr\/index.php\/wp-json\/wp\/v2\/product_cat?post=55420"},{"taxonomy":"product_tag","embeddable":true,"href":"https:\/\/lamaktaba.fr\/index.php\/wp-json\/wp\/v2\/product_tag?post=55420"}],"curies":[{"name":"wp","href":"https:\/\/api.w.org\/{rel}","templated":true}]}}