{"id":55404,"date":"2022-12-01T21:16:31","date_gmt":"2022-12-01T20:16:31","guid":{"rendered":"https:\/\/lamaktaba.fr\/?post_type=product&#038;p=55404"},"modified":"2025-04-01T12:47:48","modified_gmt":"2025-04-01T10:47:48","slug":"porte-cles-a-grave-en-forme-de-coeur-personnalisable","status":"publish","type":"product","link":"https:\/\/lamaktaba.fr\/index.php\/produit\/porte-cles-a-grave-en-forme-de-coeur-personnalisable","title":{"rendered":"Porte-cl\u00e9s \u00e0 grav\u00e9 en forme de coeur personnalisable"},"content":{"rendered":"<p>Petit porte-cl\u00e9s tr\u00e8s solide en m\u00e9tal argent\u00e9 brillant en forme de c\u0153ur. Gravure au recto et\/ou verso, un pr\u00e9nom, une date, le pictogramme de votre choix \u00e0 vous de choisir votre propre personnalisation. Fourni avec son anneau de clef.<\/p>\n<p>Offrez un cadeau repli d&rsquo;amour pour homme ou femme \u00e0 emporter partout avec soi. Un pr\u00e9sent grav\u00e9 hautement symbolique en forme de c\u0153ur \u00e0 offrir pour toutes les occasions, mariage, \u00e9v\u00e8nement&#8230; Nombreuses sont les occasions en amour pour lesquelles un cadeau symbolique \u00e0 plus de chance de faire plaisir. C&rsquo;est pourquoi offrir un porte-cl\u00e9s original avec la gravure de votre choix \u00e0 toutes ses chances. Personnalisez-le avec vos initiales, un petit mot doux, vos deux pr\u00e9noms\u2026 Cr\u00e9ez vite votre cadeau personnalis\u00e9 et 100% original directement sur notre site. Un cadeau rempli d&rsquo;amour \u00e0 partager<\/p>\n","protected":false},"excerpt":{"rendered":"<p>Discret et r\u00e9sistant ce magnifique porte clef saura trouver sa place aux c\u00f4t\u00e9s de vos cl\u00e9s. En forme de joli c\u0153ur, gravez sur ce porte-cl\u00e9s en m\u00e9tal argent\u00e9 brillant le pr\u00e9nom de votre moiti\u00e9, celle de vos enfants, un massage \u00e0 offrir&#8230; Laissez libre choix \u00e0 votre imagination.<\/p>\n<p>Notre avis : porte-cl\u00e9s parfait pour les textes de type pr\u00e9noms ou date. Moins id\u00e9al pour la gravure photo.<\/p>\n","protected":false},"featured_media":55407,"comment_status":"open","ping_status":"closed","template":"","meta":[],"product_brand":[],"product_cat":[1891],"product_tag":[],"class_list":{"0":"post-55404","1":"product","2":"type-product","3":"status-publish","4":"has-post-thumbnail","6":"product_cat-bijoux-et-accessoires","8":"first","9":"instock","10":"shipping-taxable","11":"purchasable","12":"product-type-simple"},"_links":{"self":[{"href":"https:\/\/lamaktaba.fr\/index.php\/wp-json\/wp\/v2\/product\/55404","targetHints":{"allow":["GET"]}}],"collection":[{"href":"https:\/\/lamaktaba.fr\/index.php\/wp-json\/wp\/v2\/product"}],"about":[{"href":"https:\/\/lamaktaba.fr\/index.php\/wp-json\/wp\/v2\/types\/product"}],"replies":[{"embeddable":true,"href":"https:\/\/lamaktaba.fr\/index.php\/wp-json\/wp\/v2\/comments?post=55404"}],"wp:featuredmedia":[{"embeddable":true,"href":"https:\/\/lamaktaba.fr\/index.php\/wp-json\/wp\/v2\/media\/55407"}],"wp:attachment":[{"href":"https:\/\/lamaktaba.fr\/index.php\/wp-json\/wp\/v2\/media?parent=55404"}],"wp:term":[{"taxonomy":"product_brand","embeddable":true,"href":"https:\/\/lamaktaba.fr\/index.php\/wp-json\/wp\/v2\/product_brand?post=55404"},{"taxonomy":"product_cat","embeddable":true,"href":"https:\/\/lamaktaba.fr\/index.php\/wp-json\/wp\/v2\/product_cat?post=55404"},{"taxonomy":"product_tag","embeddable":true,"href":"https:\/\/lamaktaba.fr\/index.php\/wp-json\/wp\/v2\/product_tag?post=55404"}],"curies":[{"name":"wp","href":"https:\/\/api.w.org\/{rel}","templated":true}]}}