{"id":54920,"date":"2022-10-17T09:55:52","date_gmt":"2022-10-17T07:55:52","guid":{"rendered":"https:\/\/lamaktaba.fr\/?post_type=product&#038;p=54920"},"modified":"2025-04-01T12:43:51","modified_gmt":"2025-04-01T10:43:51","slug":"aisha-mere-des-croyants-livre-de-reference-biographie-complete-de-aisha-aicha-epouse-du-prophete-saw-couverture-blanche-doree","status":"publish","type":"product","link":"https:\/\/lamaktaba.fr\/index.php\/produit\/aisha-mere-des-croyants-livre-de-reference-biographie-complete-de-aisha-aicha-epouse-du-prophete-saw-couverture-blanche-doree","title":{"rendered":"Aisha &#8211; M\u00e8re des Croyants (Livre de R\u00e9f\u00e9rence : Biographie compl\u00e8te de \u2018A\u2019isha \/ Aicha \u00e9pouse du Proph\u00e8te SAW) &#8211; Couverture blanche dor\u00e9e"},"content":{"rendered":"<p><strong>D\u2019apr\u00e8s les sources les plus authentiques du Coran et de la Sunna<\/strong><\/p>\n<p>Les \u00e9pouses du Proph\u00e8te (saw) sont les meilleurs exemples pour tous les croyants et les croyantes, Allah les \u00e9leva en faisant d\u2019elles les M\u00e8res des croyants. En effet, Il dit : \u00ab\u00a0Le Proph\u00e8te a plus de droit sur les croyants qu\u2019ils n\u2019en ont sur eux-m\u00eames ; et ses \u00e9pouses sont leurs m\u00e8res.\u00a0\u00bb (S33. V6).<\/p>\n<p>Cet ouvrage concis mais complet retrace la vie de \u2018\u00c2\u2019isha, la v\u00e9ridique, fille d&rsquo;Ab\u00fb Bakr , la plus aim\u00e9e par le Proph\u00e8te (saw) parmi ses \u00e9pouses apr\u00e8s Khad\u00eeja. De sa naissance jusqu\u2019\u00e0 son retour aupr\u00e8s du Seigneur,nous nous sommes bas\u00e9s sur les recherches des plus grands savants de l\u2019islam. Elle est LA dame vertueuse, pieuse, d\u00e9vou\u00e9e, asc\u00e8te, pure et purifi\u00e9e, qu\u2019Allah (SWT) a innocent\u00e9e du haut des sept Cieux.<\/p>\n<p>Ce livre d\u00e9crit aussi son environnement familial,sa vie conjugale aupr\u00e8s du meilleur des hommes, le Messager d\u2019Allah\u2039. Il dresse \u00e9galement le portrait complet de \u2018\u00c2\u2019isha, la femme la plus \u00e9rudite et la meilleure enseignante qu\u2019ait connue notre communaut\u00e9.Sont \u00e9voqu\u00e9s \u00e9galement son caract\u00e8re, ses savoirs,sa pi\u00e9t\u00e9, ses m\u00e9rites et sa vie religieuse.<\/p>\n<p>Il est question aussi dans ce livre, de d\u00e9fendre l\u2019honneur de notre M\u00e8re, qu\u2019ont essay\u00e9 d\u2019entacher les hypocrites et les m\u00e9cr\u00e9ants ; les hypocrites, par l\u2019horrible affaire de la calomnie, et les m\u00e9cr\u00e9ants, par la pol\u00e9mique concernant le jeune \u00e2ge de \u2018\u00c2\u2019isha au moment de son mariage b\u00e9ni.<\/p>\n<p>D\u00e9fendre \u2018\u00c2\u2019isha et reconna\u00eetre ses innombrables qualit\u00e9s, c\u2019est honorer notre noble Proph\u00e8te (saw) ! Pour ce faire, nous avons souhait\u00e9 nous appuyer sur des r\u00e9f\u00e9rences authentiques, afin que les croyants apprennent \u00e0 connaitre les m\u00e9rites et l\u2019ampleur de la science de leur M\u00e8re, \u2018\u00c2\u2019isha, qui compte parmi les cinq compagnons du Proph\u00e8te (saw) ayant rapport\u00e9 le plus de hadiths et qui fut parmi les meilleures femmes de la communaut\u00e9, si ce n\u2019est la meilleure.<\/p>\n<p>Partons donc \u00e0 la d\u00e9couverte d\u2019une des principales figures f\u00e9minines de l\u2019islam, un mod\u00e8le pour la communaut\u00e9 !<\/p>\n<p>Les versets coraniques sont \u00e9galement cit\u00e9s en langue arabe.<\/p>\n","protected":false},"excerpt":{"rendered":"<p>D\u2019apr\u00e8s les sources les plus authentiques du Coran et de la Sunna Les \u00e9pouses du Proph\u00e8te (saw) sont les meilleurs exemples pour tous les croyants et les croyantes, Allah les \u00e9leva en faisant d\u2019elles les M\u00e8res des croyants. En effet, Il dit : \u00ab\u00a0Le Proph\u00e8te a plus de droit sur les croyants qu\u2019ils n\u2019en ont [&hellip;]<\/p>\n","protected":false},"featured_media":54921,"comment_status":"open","ping_status":"closed","template":"","meta":[],"product_brand":[],"product_cat":[1907,1906],"product_tag":[],"class_list":{"0":"post-54920","1":"product","2":"type-product","3":"status-publish","4":"has-post-thumbnail","6":"product_cat-compagnons","7":"product_cat-femmes-livres","9":"first","10":"instock","11":"shipping-taxable","12":"purchasable","13":"product-type-simple"},"_links":{"self":[{"href":"https:\/\/lamaktaba.fr\/index.php\/wp-json\/wp\/v2\/product\/54920","targetHints":{"allow":["GET"]}}],"collection":[{"href":"https:\/\/lamaktaba.fr\/index.php\/wp-json\/wp\/v2\/product"}],"about":[{"href":"https:\/\/lamaktaba.fr\/index.php\/wp-json\/wp\/v2\/types\/product"}],"replies":[{"embeddable":true,"href":"https:\/\/lamaktaba.fr\/index.php\/wp-json\/wp\/v2\/comments?post=54920"}],"wp:featuredmedia":[{"embeddable":true,"href":"https:\/\/lamaktaba.fr\/index.php\/wp-json\/wp\/v2\/media\/54921"}],"wp:attachment":[{"href":"https:\/\/lamaktaba.fr\/index.php\/wp-json\/wp\/v2\/media?parent=54920"}],"wp:term":[{"taxonomy":"product_brand","embeddable":true,"href":"https:\/\/lamaktaba.fr\/index.php\/wp-json\/wp\/v2\/product_brand?post=54920"},{"taxonomy":"product_cat","embeddable":true,"href":"https:\/\/lamaktaba.fr\/index.php\/wp-json\/wp\/v2\/product_cat?post=54920"},{"taxonomy":"product_tag","embeddable":true,"href":"https:\/\/lamaktaba.fr\/index.php\/wp-json\/wp\/v2\/product_tag?post=54920"}],"curies":[{"name":"wp","href":"https:\/\/api.w.org\/{rel}","templated":true}]}}