{"id":51,"date":"2020-02-03T10:00:00","date_gmt":"2020-02-03T09:00:00","guid":{"rendered":"https:\/\/lamaktaba.fr\/index.php\/produit\/la-vie-de-muhammad-saws-de-etienne-dinet\/"},"modified":"2025-04-01T12:44:04","modified_gmt":"2025-04-01T10:44:04","slug":"la-vie-de-muhammad-saws-de-etienne-dinet","status":"publish","type":"product","link":"https:\/\/lamaktaba.fr\/index.php\/produit\/la-vie-de-muhammad-saws-de-etienne-dinet","title":{"rendered":"La vie de Muhammad (saws), de Etienne Dinet"},"content":{"rendered":"<p>La vie de Muhammad (saws), de Etienne Dinet;Les Musulmans l\u2019admettent comme v\u00e9ridique, mais il n\u2019est, pour eux, que semblable \u00e0 l\u2019image d\u2019une \u00e9toile refl\u00e9t\u00e9e sur la surface des eaux. La lueur tremblotante est descendue \u00e0 port\u00e9e de main, mais elle reste insaisissable, et combien p\u00e2le en comparaison de l\u2019astre qui l\u2019\u00e9met, et qui brille, au plus haut des cieux, d\u2019un \u00e9clat resplendissant\u00a0\u00bb. (Etienne Dinet).;\u00ab Dieu me proposa de changer pour moi, en or pur, tous les cailloux des environs de la Mecque, et je lui r\u00e9pondis: \u00ab O Seigneur, accorde-moi seulement d\u2019avoir faim un jour et d\u2019\u00eatre rassasi\u00e9 le lendemain, le jour o\u00f9 j\u2019aurai faim, je t\u2019implorerai, et le jour o\u00f9 je serai rassasi\u00e9, je te remercierai \u00bb Qu\u2019ai-je \u00e0 faire avec les biens de ce monde? Je suis comme un voyageur qui s\u2019\u00e9tend \u00e0 l\u2019ombre d\u2019un arbre, le soleil, en tournant, le rejoint, et il quitte cet arbre pour n\u2019y plus revenir, O Seigneur ! Fais-moi mourir pauvre et ressuscite-moi dans les rangs des pauvres ! \u00bb Le Proph\u00e8te Muhammad (saws).;Marque ASTROLABE R\u00e9f\u00e9rence 9782874460838;Fiche technique AUTEUR: &#8211; Etienne Dinet LANGUE: &#8211; Fran\u00e7ais ANNEE: &#8211; 2005 SUPPORT: &#8211; Livre THEME: &#8211; Muhammad, Vie du Proph\u00e8te \u00c9DITIONS: &#8211; Astrolabe Condition: &#8211; Neuf Nombre de Pages: &#8211; 350 FORMAT (CM): 14 x 21 cm Poids (kg): &#8211; 425 g EAN13: &#8211; 9782874460838 RELIURE: &#8211; Souple;R\u00e9f\u00e9rences sp\u00e9cifiques;Donnez votre avis;Aucun commentaire pour le moment<\/p>\n","protected":false},"excerpt":{"rendered":"<p>La vie de Muhammad (saws), de Etienne Dinet;Les Musulmans l\u2019admettent comme v\u00e9ridique, mais il n\u2019est, pour eux, que semblable \u00e0 l\u2019image d\u2019une \u00e9toile refl\u00e9t\u00e9e sur la surface des eaux. La lueur tremblotante est descendue \u00e0 port\u00e9e de main, mais elle reste insaisissable, et combien p\u00e2le en comparaison de l\u2019astre qui l\u2019\u00e9met, et qui brille, au plus haut des cieux, d\u2019un \u00e9clat resplendissant\u00a0\u00bb. (Etienne Dinet).;\u00ab Dieu me proposa de changer pour moi, en or pur, tous les cailloux des environs de la Mecque, et je lui r\u00e9pondis: \u00ab O Seigneur, accorde-moi seulement d\u2019avoir faim un jour et d\u2019\u00eatre rassasi\u00e9 le lendemain, le jour o\u00f9 j\u2019aurai faim, je t\u2019implorerai, et le jour o\u00f9 je serai rassasi\u00e9, je te remercierai \u00bb Qu\u2019ai-je \u00e0 faire avec les biens de ce monde? Je suis comme un voyageur qui s\u2019\u00e9tend \u00e0 l\u2019ombre d\u2019un arbre, le soleil, en tournant, le rejoint, et il quitte cet arbre pour n\u2019y plus revenir, O Seigneur ! Fais-moi mourir pauvre et ressuscite-moi dans les rangs des pauvres ! \u00bb Le Proph\u00e8te Muhammad (saws).;Marque ASTROLABE R\u00e9f\u00e9rence 9782874460838;Fiche technique AUTEUR: &#8211; Etienne Dinet LANGUE: &#8211; Fran\u00e7ais ANNEE: &#8211; 2005 SUPPORT: &#8211; Livre THEME: &#8211; Muhammad, Vie du Proph\u00e8te \u00c9DITIONS: &#8211; Astrolabe Condition: &#8211; Neuf Nombre de Pages: &#8211; 350 FORMAT (CM): 14 x 21 cm Poids (kg): &#8211; 425 g EAN13: &#8211; 9782874460838 RELIURE: &#8211; Souple;R\u00e9f\u00e9rences sp\u00e9cifiques;Donnez votre avis;Aucun commentaire pour le moment<\/p>\n","protected":false},"featured_media":4498,"comment_status":"open","ping_status":"closed","template":"","meta":[],"product_brand":[],"product_cat":[15],"product_tag":[],"class_list":{"0":"post-51","1":"product","2":"type-product","3":"status-publish","4":"has-post-thumbnail","6":"product_cat-non-classe","7":"pa_annee-1054","8":"pa_auteur-etienne-dinet","9":"pa_editeur-astrolabe","10":"pa_format-14-x-21-cm","11":"pa_langue-francais","12":"pa_nombre-de-pages-1305","13":"pa_reliure-souple","15":"first","16":"outofstock","17":"shipping-taxable","18":"purchasable","19":"product-type-simple"},"_links":{"self":[{"href":"https:\/\/lamaktaba.fr\/index.php\/wp-json\/wp\/v2\/product\/51","targetHints":{"allow":["GET"]}}],"collection":[{"href":"https:\/\/lamaktaba.fr\/index.php\/wp-json\/wp\/v2\/product"}],"about":[{"href":"https:\/\/lamaktaba.fr\/index.php\/wp-json\/wp\/v2\/types\/product"}],"replies":[{"embeddable":true,"href":"https:\/\/lamaktaba.fr\/index.php\/wp-json\/wp\/v2\/comments?post=51"}],"wp:featuredmedia":[{"embeddable":true,"href":"https:\/\/lamaktaba.fr\/index.php\/wp-json\/wp\/v2\/media\/4498"}],"wp:attachment":[{"href":"https:\/\/lamaktaba.fr\/index.php\/wp-json\/wp\/v2\/media?parent=51"}],"wp:term":[{"taxonomy":"product_brand","embeddable":true,"href":"https:\/\/lamaktaba.fr\/index.php\/wp-json\/wp\/v2\/product_brand?post=51"},{"taxonomy":"product_cat","embeddable":true,"href":"https:\/\/lamaktaba.fr\/index.php\/wp-json\/wp\/v2\/product_cat?post=51"},{"taxonomy":"product_tag","embeddable":true,"href":"https:\/\/lamaktaba.fr\/index.php\/wp-json\/wp\/v2\/product_tag?post=51"}],"curies":[{"name":"wp","href":"https:\/\/api.w.org\/{rel}","templated":true}]}}