{"id":50414,"date":"2022-04-10T10:29:54","date_gmt":"2022-04-10T08:29:54","guid":{"rendered":"https:\/\/lamaktaba.fr\/?post_type=product&#038;p=50414"},"modified":"2023-11-21T06:03:24","modified_gmt":"2023-11-21T05:03:24","slug":"coffret-cadeau-violet-ratiba-coran-citadelle-chapelet-tapis-de-priere","status":"publish","type":"product","link":"https:\/\/lamaktaba.fr\/index.php\/produit\/coffret-cadeau-violet-ratiba-coran-citadelle-chapelet-tapis-de-priere","title":{"rendered":"Coffret Cadeau violet \u00ab\u00a0Ratiba\u00a0\u00bb (Coran, Citadelle, Chapelet, tapis de pri\u00e8re)"},"content":{"rendered":"<p><span style=\"vertical-align: inherit;\"><span style=\"vertical-align: inherit;\"><span style=\"vertical-align: inherit;\"><span style=\"vertical-align: inherit;\">Voici une super id\u00e9e de pack cadeaux sur le th\u00e8me islam pour les femmes. Pour une m\u00e8re, une s\u0153ur ou l&rsquo;\u00e9pouse et pour diff\u00e9rents types d&rsquo;occasions (f\u00eates, mariages, etc.). Ce coffret cadeau ne passera pas inaper\u00e7u et r\u00e9jouira certainement la personne qui le recevra.<\/span><\/span><\/span><\/span><\/p>\n<h1 class=\"product_title entry-title\" data-sanitized-data-mce-fragment=\"1\"><span data-sanitized-data-mce-fragment=\"1\">Cette box est compos\u00e9e :<\/span><\/h1>\n<ul>\n<li>Le Noble Coran &#8211; Bilingue (fran\u00e7ais\/arabe) &#8211; Couverture aspect dain de couleur violet.<\/li>\n<li>La Citadelle du Musulman (Couleur rose) &#8211; \u062d\u0635\u0646 \u0627\u0644\u0645\u0633\u0644\u0645 &#8211; avec toutes les invocations quotidiennes en fran\u00e7ais\/arabe\/phon\u00e9tique<\/li>\n<li>Tapis de pri\u00e8re pour femmes en velours couleur unie rose (sans motifs) &#8211; Personnalisable<\/li>\n<li>Un chapelet<\/li>\n<\/ul>\n","protected":false},"excerpt":{"rendered":"<p><span style=\"vertical-align: inherit;\"><span style=\"vertical-align: inherit;\"><span style=\"vertical-align: inherit;\"><span style=\"vertical-align: inherit;\"><span style=\"vertical-align: inherit;\"><span style=\"vertical-align: inherit;\"><span style=\"vertical-align: inherit;\"><span style=\"vertical-align: inherit;\"><span style=\"vertical-align: inherit;\"><span style=\"vertical-align: inherit;\"><span style=\"vertical-align: inherit;\"><span style=\"vertical-align: inherit;\">Voici une super id\u00e9e de pack cadeaux sur le th\u00e8me islam pour les femmes. Pour une m\u00e8re, une s\u0153ur ou l&rsquo;\u00e9pouse et pour diff\u00e9rents types d&rsquo;occasions (f\u00eates, mariages, etc.). Ce coffret cadeau ne passera pas inaper\u00e7u et r\u00e9jouira certainement la personne qui le recevra.<\/span><\/span><\/span><\/span><\/span><\/span><\/span><\/span><\/span><\/span><\/span><\/span><\/p>\n","protected":false},"featured_media":45643,"comment_status":"open","ping_status":"closed","template":"","meta":[],"product_brand":[],"product_cat":[1518,1522,1519],"product_tag":[],"class_list":{"0":"post-50414","1":"product","2":"type-product","3":"status-publish","4":"has-post-thumbnail","6":"product_cat-coffrets-cadeaux","7":"product_cat-coffrets-cadeaux-femmes","8":"product_cat-coffrets-cadeaux-fille","10":"first","11":"outofstock","12":"shipping-taxable","13":"purchasable","14":"product-type-woosb"},"_links":{"self":[{"href":"https:\/\/lamaktaba.fr\/index.php\/wp-json\/wp\/v2\/product\/50414","targetHints":{"allow":["GET"]}}],"collection":[{"href":"https:\/\/lamaktaba.fr\/index.php\/wp-json\/wp\/v2\/product"}],"about":[{"href":"https:\/\/lamaktaba.fr\/index.php\/wp-json\/wp\/v2\/types\/product"}],"replies":[{"embeddable":true,"href":"https:\/\/lamaktaba.fr\/index.php\/wp-json\/wp\/v2\/comments?post=50414"}],"wp:featuredmedia":[{"embeddable":true,"href":"https:\/\/lamaktaba.fr\/index.php\/wp-json\/wp\/v2\/media\/45643"}],"wp:attachment":[{"href":"https:\/\/lamaktaba.fr\/index.php\/wp-json\/wp\/v2\/media?parent=50414"}],"wp:term":[{"taxonomy":"product_brand","embeddable":true,"href":"https:\/\/lamaktaba.fr\/index.php\/wp-json\/wp\/v2\/product_brand?post=50414"},{"taxonomy":"product_cat","embeddable":true,"href":"https:\/\/lamaktaba.fr\/index.php\/wp-json\/wp\/v2\/product_cat?post=50414"},{"taxonomy":"product_tag","embeddable":true,"href":"https:\/\/lamaktaba.fr\/index.php\/wp-json\/wp\/v2\/product_tag?post=50414"}],"curies":[{"name":"wp","href":"https:\/\/api.w.org\/{rel}","templated":true}]}}