{"id":50403,"date":"2022-04-10T09:34:11","date_gmt":"2022-04-10T07:34:11","guid":{"rendered":"https:\/\/lamaktaba.fr\/?post_type=product&#038;p=50403"},"modified":"2025-04-01T12:43:17","modified_gmt":"2025-04-01T10:43:17","slug":"khadija-la-mere-des-croyants-top-vente","status":"publish","type":"product","link":"https:\/\/lamaktaba.fr\/index.php\/produit\/khadija-la-mere-des-croyants-top-vente","title":{"rendered":"Khadija &#8211; La M\u00e8re des Croyants (top vente)"},"content":{"rendered":"<p>Khadija bint Khuwaylid (entre 555 et 560-619 \u00e0 La Mecque) est la premi\u00e8re \u00e9pouse du proph\u00e8te de l&rsquo;islam Muhammad. Elle est consid\u00e9r\u00e9e dans l\u2019islam comme \u00ab la m\u00e8re des croyants \u00bb, tout comme les autres femmes du proph\u00e8te de l&rsquo;islam.Traduction : Abu harun Salim<\/p>\n<ul>\n<li><strong>Auteur(s) :<\/strong>\u00a0Abd Al-Ham\u00eed AZ-ZAHRAW\u00ce<\/li>\n<li><strong>Editeur :<\/strong>\u00a0Editions AL-IMAM<\/li>\n<li><strong>Hauteur :\u00a0<\/strong>21 cm<\/li>\n<li><strong>Largeur :\u00a0<\/strong>14.80 cm<\/li>\n<li><strong>Ann\u00e9e :\u00a0<\/strong>2021<\/li>\n<li><strong>Page :\u00a0<\/strong>400<\/li>\n<li><strong>Couverture :\u00a0<\/strong>Rigide<\/li>\n<\/ul>\n","protected":false},"excerpt":{"rendered":"<p>Khadija bint Khuwaylid (entre 555 et 560-619 \u00e0 La Mecque) est la premi\u00e8re \u00e9pouse du proph\u00e8te de l&rsquo;islam Muhammad. Elle est consid\u00e9r\u00e9e dans l\u2019islam comme \u00ab la m\u00e8re des croyants \u00bb, tout comme les autres femmes du proph\u00e8te de l&rsquo;islam.<\/p>\n<p>Traduction : Abu harun Salim<\/p>\n","protected":false},"featured_media":50405,"comment_status":"open","ping_status":"closed","template":"","meta":[],"product_brand":[],"product_cat":[1907,1906],"product_tag":[],"class_list":{"0":"post-50403","1":"product","2":"type-product","3":"status-publish","4":"has-post-thumbnail","6":"product_cat-compagnons","7":"product_cat-femmes-livres","9":"first","10":"outofstock","11":"shipping-taxable","12":"purchasable","13":"product-type-simple"},"_links":{"self":[{"href":"https:\/\/lamaktaba.fr\/index.php\/wp-json\/wp\/v2\/product\/50403","targetHints":{"allow":["GET"]}}],"collection":[{"href":"https:\/\/lamaktaba.fr\/index.php\/wp-json\/wp\/v2\/product"}],"about":[{"href":"https:\/\/lamaktaba.fr\/index.php\/wp-json\/wp\/v2\/types\/product"}],"replies":[{"embeddable":true,"href":"https:\/\/lamaktaba.fr\/index.php\/wp-json\/wp\/v2\/comments?post=50403"}],"wp:featuredmedia":[{"embeddable":true,"href":"https:\/\/lamaktaba.fr\/index.php\/wp-json\/wp\/v2\/media\/50405"}],"wp:attachment":[{"href":"https:\/\/lamaktaba.fr\/index.php\/wp-json\/wp\/v2\/media?parent=50403"}],"wp:term":[{"taxonomy":"product_brand","embeddable":true,"href":"https:\/\/lamaktaba.fr\/index.php\/wp-json\/wp\/v2\/product_brand?post=50403"},{"taxonomy":"product_cat","embeddable":true,"href":"https:\/\/lamaktaba.fr\/index.php\/wp-json\/wp\/v2\/product_cat?post=50403"},{"taxonomy":"product_tag","embeddable":true,"href":"https:\/\/lamaktaba.fr\/index.php\/wp-json\/wp\/v2\/product_tag?post=50403"}],"curies":[{"name":"wp","href":"https:\/\/api.w.org\/{rel}","templated":true}]}}