{"id":50000,"date":"2022-04-04T09:24:08","date_gmt":"2022-04-04T07:24:08","guid":{"rendered":"https:\/\/lamaktaba.fr\/?post_type=product&#038;p=50000"},"modified":"2025-04-01T12:44:38","modified_gmt":"2025-04-01T10:44:38","slug":"parfum-el-nabil-musc-musc-tahara-intime-6ml","status":"publish","type":"product","link":"https:\/\/lamaktaba.fr\/index.php\/produit\/parfum-el-nabil-musc-musc-tahara-intime-6ml","title":{"rendered":"MUSC TAHARA &#8211; INTIMITY PERFUME"},"content":{"rendered":"<blockquote><p>D\u00e9couvrez ce parfum frais \u00e0 la texture cr\u00e9meuse aux notes de coton, de musc blanc, de fleurs de lotus blanc et de jasmin. Utilis\u00e9 par de nombreuses femmes dans le monde dans une d\u00e9marche de toilette intime et corporelle, ce parfum doux et sucr\u00e9 promet de respecter les parties les plus sensibles de votre corps tout en offrant une exp\u00e9rience olfactive incomparable.<\/p><\/blockquote>\n<p>Contenance : 6ml<\/p>\n","protected":false},"excerpt":{"rendered":"<p>D\u00e9couvrez ce parfum frais \u00e0 la texture cr\u00e9meuse aux notes de coton, de musc blanc, de fleurs de lotus blanc et de jasmin. Utilis\u00e9 par de nombreuses femmes dans le monde dans une d\u00e9marche de toilette intime et corporelle, ce parfum doux et sucr\u00e9 promet de respecter les parties les plus sensibles de votre corps tout en offrant une exp\u00e9rience olfactive incomparable.<\/p>\n","protected":false},"featured_media":50002,"comment_status":"open","ping_status":"closed","template":"","meta":[],"product_brand":[],"product_cat":[1928],"product_tag":[],"class_list":{"0":"post-50000","1":"product","2":"type-product","3":"status-publish","4":"has-post-thumbnail","6":"product_cat-beaute-soins-naturels-parfums","7":"pa_editeur-el-nabil","9":"first","10":"instock","11":"shipping-taxable","12":"purchasable","13":"product-type-simple"},"_links":{"self":[{"href":"https:\/\/lamaktaba.fr\/index.php\/wp-json\/wp\/v2\/product\/50000","targetHints":{"allow":["GET"]}}],"collection":[{"href":"https:\/\/lamaktaba.fr\/index.php\/wp-json\/wp\/v2\/product"}],"about":[{"href":"https:\/\/lamaktaba.fr\/index.php\/wp-json\/wp\/v2\/types\/product"}],"replies":[{"embeddable":true,"href":"https:\/\/lamaktaba.fr\/index.php\/wp-json\/wp\/v2\/comments?post=50000"}],"wp:featuredmedia":[{"embeddable":true,"href":"https:\/\/lamaktaba.fr\/index.php\/wp-json\/wp\/v2\/media\/50002"}],"wp:attachment":[{"href":"https:\/\/lamaktaba.fr\/index.php\/wp-json\/wp\/v2\/media?parent=50000"}],"wp:term":[{"taxonomy":"product_brand","embeddable":true,"href":"https:\/\/lamaktaba.fr\/index.php\/wp-json\/wp\/v2\/product_brand?post=50000"},{"taxonomy":"product_cat","embeddable":true,"href":"https:\/\/lamaktaba.fr\/index.php\/wp-json\/wp\/v2\/product_cat?post=50000"},{"taxonomy":"product_tag","embeddable":true,"href":"https:\/\/lamaktaba.fr\/index.php\/wp-json\/wp\/v2\/product_tag?post=50000"}],"curies":[{"name":"wp","href":"https:\/\/api.w.org\/{rel}","templated":true}]}}