{"id":47907,"date":"2022-01-24T21:05:22","date_gmt":"2022-01-24T20:05:22","guid":{"rendered":"https:\/\/lamaktaba.fr\/index.php\/produit\/explications-des-noms-dallah-dapres-abd-ar-rahman-sadi\/"},"modified":"2025-04-01T12:44:30","modified_gmt":"2025-04-01T10:44:30","slug":"explications-des-noms-dallah-dapres-abd-ar-rahman-sadi","status":"publish","type":"product","link":"https:\/\/lamaktaba.fr\/index.php\/produit\/explications-des-noms-dallah-dapres-abd-ar-rahman-sadi","title":{"rendered":"Explications des noms d&rsquo;Allah d&rsquo;apr\u00e8s Abd Ar-Rahman Sa&rsquo;di"},"content":{"rendered":"<p>EXPLICATIONS DES NOMS D&rsquo;ALLAH;Il n&rsquo;est pas de plus immense besoin pour les \u00e2mes que de conna\u00eetre leur Cr\u00e9ateur, de L&rsquo;aimer, de L&rsquo;\u00e9voquer, de s&rsquo;en r\u00e9jouir, et de se rapprocher de Lui. Tout cela n&rsquo;est possible qu&rsquo;\u00e0 travers la connaisance de Ses Noms et Attributs, plus il conna\u00eet Allah, L&rsquo;invoque et se rapproche de Lui. Au contraire, plus il ignore les beaux noms d&rsquo;Allah et Ses Attributs, plus il m\u00e9connait Allah, le d\u00e9teste et s&rsquo;\u00e9loigne de Lui. Et Allah estime son serviteur selon l&rsquo;estime que celui-ci lui accorde.\u00a0\u00bb Ibn Al Qayyim;Cet ouvrage explique chacun des noms d&rsquo;Allah, un part un;ALLAH;AR-RAHMAN;AR-RAHIM;AL-BARR;AL-KARIM;AL-JAWWAD;AL-WAHHAB&#8230;;Marque DAR ALMUSLIM Editions R\u00e9f\u00e9rence 9782917113363;Fiche technique AUTEUR: &#8211; Cheikh &lsquo;abd al-razaq al badr et cheikh abd ar-rahman sa&rsquo;d\u00ee LANGUE: -.Fran\u00e7ais ANNEE: &#8211; 2010 SUPPORT: &#8211; Livre THEME: &#8211; Piliers de la Foi \u00c9DITIONS: &#8211; ALMUSLIM Condition: &#8211; Neuf FORMAT (CM): 21 X 15 CM Poids (kg): &#8211; 0.184 RELIURE: &#8211; Souple EAN13: &#8211; 9782917113363;R\u00e9f\u00e9rences sp\u00e9cifiques Donnez votre avis;Aucun commentaire pour le moment<\/p>\n","protected":false},"excerpt":{"rendered":"<p>EXPLICATIONS DES NOMS D&rsquo;ALLAH;Il n&rsquo;est pas de plus immense besoin pour les \u00e2mes que de conna\u00eetre leur Cr\u00e9ateur, de L&rsquo;aimer, de L&rsquo;\u00e9voquer, de s&rsquo;en r\u00e9jouir, et de se rapprocher de Lui. Tout cela n&rsquo;est possible qu&rsquo;\u00e0 travers la connaisance de Ses Noms et Attributs, plus il conna\u00eet Allah, L&rsquo;invoque et se rapproche de Lui. Au [&hellip;]<\/p>\n","protected":false},"featured_media":47908,"comment_status":"open","ping_status":"closed","template":"","meta":[],"product_brand":[],"product_cat":[1919,1931],"product_tag":[],"class_list":{"0":"post-47907","1":"product","2":"type-product","3":"status-publish","4":"has-post-thumbnail","6":"product_cat-comprendre-lislam","7":"product_cat-tawhid-unicite","8":"pa_annee-667","9":"pa_auteur-cheikh-abd-al-razaq-al-badr-et-cheikh-abd-ar-rahman-sadi","10":"pa_editeur-almuslim","11":"pa_format-21-x-15-cm","12":"pa_langue-francais","13":"pa_reliure-souple","15":"first","16":"outofstock","17":"shipping-taxable","18":"purchasable","19":"product-type-simple"},"_links":{"self":[{"href":"https:\/\/lamaktaba.fr\/index.php\/wp-json\/wp\/v2\/product\/47907","targetHints":{"allow":["GET"]}}],"collection":[{"href":"https:\/\/lamaktaba.fr\/index.php\/wp-json\/wp\/v2\/product"}],"about":[{"href":"https:\/\/lamaktaba.fr\/index.php\/wp-json\/wp\/v2\/types\/product"}],"replies":[{"embeddable":true,"href":"https:\/\/lamaktaba.fr\/index.php\/wp-json\/wp\/v2\/comments?post=47907"}],"wp:featuredmedia":[{"embeddable":true,"href":"https:\/\/lamaktaba.fr\/index.php\/wp-json\/wp\/v2\/media\/47908"}],"wp:attachment":[{"href":"https:\/\/lamaktaba.fr\/index.php\/wp-json\/wp\/v2\/media?parent=47907"}],"wp:term":[{"taxonomy":"product_brand","embeddable":true,"href":"https:\/\/lamaktaba.fr\/index.php\/wp-json\/wp\/v2\/product_brand?post=47907"},{"taxonomy":"product_cat","embeddable":true,"href":"https:\/\/lamaktaba.fr\/index.php\/wp-json\/wp\/v2\/product_cat?post=47907"},{"taxonomy":"product_tag","embeddable":true,"href":"https:\/\/lamaktaba.fr\/index.php\/wp-json\/wp\/v2\/product_tag?post=47907"}],"curies":[{"name":"wp","href":"https:\/\/api.w.org\/{rel}","templated":true}]}}