{"id":47903,"date":"2022-01-24T21:05:18","date_gmt":"2022-01-24T20:05:18","guid":{"rendered":"https:\/\/lamaktaba.fr\/index.php\/produit\/la-mort-et-le-jugement-dernier\/"},"modified":"2025-04-01T12:45:26","modified_gmt":"2025-04-01T10:45:26","slug":"la-mort-et-le-jugement-dernier","status":"publish","type":"product","link":"https:\/\/lamaktaba.fr\/index.php\/produit\/la-mort-et-le-jugement-dernier","title":{"rendered":"la Mort et le jugement dernier"},"content":{"rendered":"<p>Titre: la Mort et le jugement dernier;Auteur: Fdal Haja;Edition: UNIVERSEL;Support: Livre;Theme: Piliers de la FOI;Description: La vie ici-bas ne repr\u00e9sente que des \u00e9preuves \u00e0 surmonter et n\u2019est qu\u2019un passage vers la vie \u00e9ternelle de l\u2019Au-del\u00e0. Ce livre cherche \u00e0 le rappeler, se basant sur le Coran, les hadiths et les commentaires des savants pieux.<\/p>\n","protected":false},"excerpt":{"rendered":"<p>Titre: la Mort et le jugement dernier;Auteur: Fdal Haja;Edition: UNIVERSEL;Support: Livre;Theme: Piliers de la FOI;Description: La vie ici-bas ne repr\u00e9sente que des \u00e9preuves \u00e0 surmonter et n\u2019est qu\u2019un passage vers la vie \u00e9ternelle de l\u2019Au-del\u00e0. Ce livre cherche \u00e0 le rappeler, se basant sur le Coran, les hadiths et les commentaires des savants pieux.<\/p>\n","protected":false},"featured_media":47904,"comment_status":"open","ping_status":"closed","template":"","meta":[],"product_brand":[],"product_cat":[15],"product_tag":[],"class_list":{"0":"post-47903","1":"product","2":"type-product","3":"status-publish","4":"has-post-thumbnail","6":"product_cat-non-classe","7":"pa_auteur-fdal-haja","9":"first","10":"instock","11":"shipping-taxable","12":"purchasable","13":"product-type-simple"},"_links":{"self":[{"href":"https:\/\/lamaktaba.fr\/index.php\/wp-json\/wp\/v2\/product\/47903","targetHints":{"allow":["GET"]}}],"collection":[{"href":"https:\/\/lamaktaba.fr\/index.php\/wp-json\/wp\/v2\/product"}],"about":[{"href":"https:\/\/lamaktaba.fr\/index.php\/wp-json\/wp\/v2\/types\/product"}],"replies":[{"embeddable":true,"href":"https:\/\/lamaktaba.fr\/index.php\/wp-json\/wp\/v2\/comments?post=47903"}],"wp:featuredmedia":[{"embeddable":true,"href":"https:\/\/lamaktaba.fr\/index.php\/wp-json\/wp\/v2\/media\/47904"}],"wp:attachment":[{"href":"https:\/\/lamaktaba.fr\/index.php\/wp-json\/wp\/v2\/media?parent=47903"}],"wp:term":[{"taxonomy":"product_brand","embeddable":true,"href":"https:\/\/lamaktaba.fr\/index.php\/wp-json\/wp\/v2\/product_brand?post=47903"},{"taxonomy":"product_cat","embeddable":true,"href":"https:\/\/lamaktaba.fr\/index.php\/wp-json\/wp\/v2\/product_cat?post=47903"},{"taxonomy":"product_tag","embeddable":true,"href":"https:\/\/lamaktaba.fr\/index.php\/wp-json\/wp\/v2\/product_tag?post=47903"}],"curies":[{"name":"wp","href":"https:\/\/api.w.org\/{rel}","templated":true}]}}