{"id":47901,"date":"2022-01-24T21:05:13","date_gmt":"2022-01-24T20:05:13","guid":{"rendered":"https:\/\/lamaktaba.fr\/index.php\/produit\/le-mariage-un-nouveau-depart-dans-la-vie-de-muhammad-ibn-ibrahim-al-hamad\/"},"modified":"2025-04-01T12:44:34","modified_gmt":"2025-04-01T10:44:34","slug":"le-mariage-un-nouveau-depart-dans-la-vie-de-muhammad-ibn-ibrahim-al-hamad","status":"publish","type":"product","link":"https:\/\/lamaktaba.fr\/index.php\/produit\/le-mariage-un-nouveau-depart-dans-la-vie-de-muhammad-ibn-ibrahim-al-hamad","title":{"rendered":"Le mariage, un nouveau d\u00e9part dans la vie, de Muhammad Ibn Ibr\u00e2h\u00eem al-Hamad"},"content":{"rendered":"<p>Le mariage, un nouveau d\u00e9part dans la vie, de Muhammad Ibn Ibr\u00e2h\u00eem al-Hamad (\u00c9dition revue et corrig\u00e9e);Ce livre constitue le premier volet d&rsquo;une collection intitul\u00e9e \u00ab\u00a0Nouveau d\u00e9part&#8230; \u00a0\u00bb et compos\u00e9 de trois ouvrages, les deux autres \u00e9tant \u00ab\u00a0Nouveau d\u00e9part avec mon \u00e9pouse\u00a0\u00bb et \u00ab\u00a0Nouveau d\u00e9part avec mon mari\u00a0\u00bb.;C&rsquo;est un livre qui a comme vocation d&rsquo;aider les pr\u00e9tendants au mariage ainsi que les couples, \u00e0 mieux comprendre les buts et sagesses du mariage. Ce travail a aussi pour ambition d&rsquo;exposer, mais aussi et surtout de corriger les erreurs les plus courantes lors des d\u00e9marches du pr\u00e9tendant, de la c\u00e9r\u00e9monie du mariage et de la vie conjugale au quotidien.;Nous conseillons aux fr\u00e8res et s\u0153urs sur le point de se marier, ainsi qu&rsquo;a ceux et celles qui le sont d\u00e9j\u00e0 de lire attentivement cet ouvrage et de profiter des pr\u00e9cieux conseils qu&rsquo;il contient, pour que le bonheur conjugal ne soit plus un r\u00eave ou un but inaccessible mais une r\u00e9alit\u00e9 concr\u00e8te&#8230; pour que la vie conjugale ne soit plus une routine ni un calvaire ou un \u00ab\u00a0passage oblig\u00e9\u00a0\u00bb, mais plut\u00f4t une voie menant au Paradis, par la volont\u00e9 d&rsquo;Allah.<\/p>\n","protected":false},"excerpt":{"rendered":"<p>Le mariage, un nouveau d\u00e9part dans la vie, de Muhammad Ibn Ibr\u00e2h\u00eem al-Hamad (\u00c9dition revue et corrig\u00e9e);Ce livre constitue le premier volet d&rsquo;une collection intitul\u00e9e \u00ab\u00a0Nouveau d\u00e9part&#8230; \u00a0\u00bb et compos\u00e9 de trois ouvrages, les deux autres \u00e9tant \u00ab\u00a0Nouveau d\u00e9part avec mon \u00e9pouse\u00a0\u00bb et \u00ab\u00a0Nouveau d\u00e9part avec mon mari\u00a0\u00bb.;C&rsquo;est un livre qui a comme vocation d&rsquo;aider [&hellip;]<\/p>\n","protected":false},"featured_media":47902,"comment_status":"open","ping_status":"closed","template":"","meta":[],"product_brand":[],"product_cat":[15],"product_tag":[],"class_list":{"0":"post-47901","1":"product","2":"type-product","3":"status-publish","4":"has-post-thumbnail","6":"product_cat-non-classe","7":"pa_annee-378","8":"pa_auteur-muhammad-ibn-ibrahim-al-hamad","9":"pa_editeur-alhadith","10":"pa_format-14-5-x-21-5-cm","11":"pa_nombre-de-pages-1464","12":"pa_reliure-souple","14":"first","15":"instock","16":"shipping-taxable","17":"purchasable","18":"product-type-simple"},"_links":{"self":[{"href":"https:\/\/lamaktaba.fr\/index.php\/wp-json\/wp\/v2\/product\/47901","targetHints":{"allow":["GET"]}}],"collection":[{"href":"https:\/\/lamaktaba.fr\/index.php\/wp-json\/wp\/v2\/product"}],"about":[{"href":"https:\/\/lamaktaba.fr\/index.php\/wp-json\/wp\/v2\/types\/product"}],"replies":[{"embeddable":true,"href":"https:\/\/lamaktaba.fr\/index.php\/wp-json\/wp\/v2\/comments?post=47901"}],"wp:featuredmedia":[{"embeddable":true,"href":"https:\/\/lamaktaba.fr\/index.php\/wp-json\/wp\/v2\/media\/47902"}],"wp:attachment":[{"href":"https:\/\/lamaktaba.fr\/index.php\/wp-json\/wp\/v2\/media?parent=47901"}],"wp:term":[{"taxonomy":"product_brand","embeddable":true,"href":"https:\/\/lamaktaba.fr\/index.php\/wp-json\/wp\/v2\/product_brand?post=47901"},{"taxonomy":"product_cat","embeddable":true,"href":"https:\/\/lamaktaba.fr\/index.php\/wp-json\/wp\/v2\/product_cat?post=47901"},{"taxonomy":"product_tag","embeddable":true,"href":"https:\/\/lamaktaba.fr\/index.php\/wp-json\/wp\/v2\/product_tag?post=47901"}],"curies":[{"name":"wp","href":"https:\/\/api.w.org\/{rel}","templated":true}]}}