{"id":47895,"date":"2022-01-24T21:04:59","date_gmt":"2022-01-24T20:04:59","guid":{"rendered":"https:\/\/lamaktaba.fr\/index.php\/produit\/cahier-decriture-arabe-%d9%83%d8%b1%d8%a7%d8%b3-%d8%a7%d9%84%d8%ae%d8%b7-%d8%a7%d9%84%d8%b9%d8%b1%d8%a8%d9%8a-edition-tawhid\/"},"modified":"2025-04-01T12:44:09","modified_gmt":"2025-04-01T10:44:09","slug":"cahier-decriture-arabe-edition-tawhid","status":"publish","type":"product","link":"https:\/\/lamaktaba.fr\/index.php\/produit\/cahier-decriture-arabe-edition-tawhid","title":{"rendered":"Cahier d&rsquo;\u00e9criture arabe &#8211; \u0643\u0631\u0627\u0633 \u0627\u0644\u062e\u0637 \u0627\u0644\u0639\u0631\u0628\u064a &#8211; Edition Tawhid"},"content":{"rendered":"<p>Cahier d&rsquo;\u00e9criture arabe &#8211; \u0643\u0631\u0627\u0633 \u0627\u0644\u062e\u0637 \u0627\u0644\u0639\u0631\u0628\u064a;Indispensable pour apprendre les bases de l&rsquo;\u00e9criture arabe, cet ouvrage propose d&rsquo;apprendre chaque lettre, dans toutes ses graphies, avec chaque voyelle, puis de les utiliser dans les mots.;La p\u00e9dagogie se veut \u00e0 la fois simple, utile et efficace. Au fil de chaque page, l&rsquo;\u00e9tudiant pourra ainsi parfaire son \u00e9criture et se familiariser ainsi avec la langue arabe<\/p>\n","protected":false},"excerpt":{"rendered":"<p>Cahier d&rsquo;\u00e9criture arabe &#8211; \u0643\u0631\u0627\u0633 \u0627\u0644\u062e\u0637 \u0627\u0644\u0639\u0631\u0628\u064a;Indispensable pour apprendre les bases de l&rsquo;\u00e9criture arabe, cet ouvrage propose d&rsquo;apprendre chaque lettre, dans toutes ses graphies, avec chaque voyelle, puis de les utiliser dans les mots.;La p\u00e9dagogie se veut \u00e0 la fois simple, utile et efficace. Au fil de chaque page, l&rsquo;\u00e9tudiant pourra ainsi parfaire son \u00e9criture [&hellip;]<\/p>\n","protected":false},"featured_media":47896,"comment_status":"open","ping_status":"closed","template":"","meta":[],"product_brand":[],"product_cat":[15],"product_tag":[],"class_list":{"0":"post-47895","1":"product","2":"type-product","3":"status-publish","4":"has-post-thumbnail","6":"product_cat-non-classe","7":"pa_editeur-tawhid","8":"pa_format-21-5-cm-x-27-cm","9":"pa_langue-arabe-francais","10":"pa_nombre-de-pages-1412","11":"pa_reliure-rigide","13":"first","14":"outofstock","15":"shipping-taxable","16":"purchasable","17":"product-type-simple"},"_links":{"self":[{"href":"https:\/\/lamaktaba.fr\/index.php\/wp-json\/wp\/v2\/product\/47895","targetHints":{"allow":["GET"]}}],"collection":[{"href":"https:\/\/lamaktaba.fr\/index.php\/wp-json\/wp\/v2\/product"}],"about":[{"href":"https:\/\/lamaktaba.fr\/index.php\/wp-json\/wp\/v2\/types\/product"}],"replies":[{"embeddable":true,"href":"https:\/\/lamaktaba.fr\/index.php\/wp-json\/wp\/v2\/comments?post=47895"}],"wp:featuredmedia":[{"embeddable":true,"href":"https:\/\/lamaktaba.fr\/index.php\/wp-json\/wp\/v2\/media\/47896"}],"wp:attachment":[{"href":"https:\/\/lamaktaba.fr\/index.php\/wp-json\/wp\/v2\/media?parent=47895"}],"wp:term":[{"taxonomy":"product_brand","embeddable":true,"href":"https:\/\/lamaktaba.fr\/index.php\/wp-json\/wp\/v2\/product_brand?post=47895"},{"taxonomy":"product_cat","embeddable":true,"href":"https:\/\/lamaktaba.fr\/index.php\/wp-json\/wp\/v2\/product_cat?post=47895"},{"taxonomy":"product_tag","embeddable":true,"href":"https:\/\/lamaktaba.fr\/index.php\/wp-json\/wp\/v2\/product_tag?post=47895"}],"curies":[{"name":"wp","href":"https:\/\/api.w.org\/{rel}","templated":true}]}}