{"id":47876,"date":"2022-01-24T21:04:37","date_gmt":"2022-01-24T20:04:37","guid":{"rendered":"https:\/\/lamaktaba.fr\/index.php\/produit\/huile-de-menthe-mint-oil-100-naturel-100-ml-livre\/"},"modified":"2025-04-01T12:45:02","modified_gmt":"2025-04-01T10:45:02","slug":"huile-de-menthe-mint-oil-100-naturel-100-ml-livre","status":"publish","type":"product","link":"https:\/\/lamaktaba.fr\/index.php\/produit\/huile-de-menthe-mint-oil-100-naturel-100-ml-livre","title":{"rendered":"Huile de Menthe (Mint Oil) &#8211; 100% Naturel &#8211; 100 ml &#8211; Livre"},"content":{"rendered":"<p>L\u2019huile MENTHE TAMEEM. L\u2019huile beaut\u00e9 menthe, \u00e9puisement nerveux, massage des tempes ainsi que tout le corps. Ne contient ni conservateurs, ni produits chimiques.;Chaque lot que nous vendons est s\u00e9lectionn\u00e9 par nos experts sur la base de son analyse chromatographique, en vue d&rsquo;une qualit\u00e9 optimale.<\/p>\n","protected":false},"excerpt":{"rendered":"<p>L\u2019huile MENTHE TAMEEM. L\u2019huile beaut\u00e9 menthe, \u00e9puisement nerveux, massage des tempes ainsi que tout le corps. Ne contient ni conservateurs, ni produits chimiques.;Chaque lot que nous vendons est s\u00e9lectionn\u00e9 par nos experts sur la base de son analyse chromatographique, en vue d&rsquo;une qualit\u00e9 optimale.<\/p>\n","protected":false},"featured_media":47877,"comment_status":"open","ping_status":"closed","template":"","meta":[],"product_brand":[],"product_cat":[15],"product_tag":[],"class_list":{"0":"post-47876","1":"product","2":"type-product","3":"status-publish","4":"has-post-thumbnail","6":"product_cat-non-classe","7":"pa_editeur-tameem-paris-huiles-cosmetiques","8":"pa_format-100-ml","9":"pa_langue-francais","11":"first","12":"outofstock","13":"shipping-taxable","14":"purchasable","15":"product-type-simple"},"_links":{"self":[{"href":"https:\/\/lamaktaba.fr\/index.php\/wp-json\/wp\/v2\/product\/47876","targetHints":{"allow":["GET"]}}],"collection":[{"href":"https:\/\/lamaktaba.fr\/index.php\/wp-json\/wp\/v2\/product"}],"about":[{"href":"https:\/\/lamaktaba.fr\/index.php\/wp-json\/wp\/v2\/types\/product"}],"replies":[{"embeddable":true,"href":"https:\/\/lamaktaba.fr\/index.php\/wp-json\/wp\/v2\/comments?post=47876"}],"wp:featuredmedia":[{"embeddable":true,"href":"https:\/\/lamaktaba.fr\/index.php\/wp-json\/wp\/v2\/media\/47877"}],"wp:attachment":[{"href":"https:\/\/lamaktaba.fr\/index.php\/wp-json\/wp\/v2\/media?parent=47876"}],"wp:term":[{"taxonomy":"product_brand","embeddable":true,"href":"https:\/\/lamaktaba.fr\/index.php\/wp-json\/wp\/v2\/product_brand?post=47876"},{"taxonomy":"product_cat","embeddable":true,"href":"https:\/\/lamaktaba.fr\/index.php\/wp-json\/wp\/v2\/product_cat?post=47876"},{"taxonomy":"product_tag","embeddable":true,"href":"https:\/\/lamaktaba.fr\/index.php\/wp-json\/wp\/v2\/product_tag?post=47876"}],"curies":[{"name":"wp","href":"https:\/\/api.w.org\/{rel}","templated":true}]}}