{"id":47867,"date":"2022-01-24T21:04:25","date_gmt":"2022-01-24T20:04:25","guid":{"rendered":"https:\/\/lamaktaba.fr\/index.php\/produit\/lenfer-lauthentique-de-la-description-de-lenfer-et-ses-supplices-limam-ibn-kathir-livre\/"},"modified":"2025-04-01T12:44:16","modified_gmt":"2025-04-01T10:44:16","slug":"lenfer-lauthentique-de-la-description-de-lenfer-et-ses-supplices-limam-ibn-kathir-livre","status":"publish","type":"product","link":"https:\/\/lamaktaba.fr\/index.php\/produit\/lenfer-lauthentique-de-la-description-de-lenfer-et-ses-supplices-limam-ibn-kathir-livre","title":{"rendered":"L&rsquo;enfer (L\u2019authentique de la description de L&rsquo;Enfer et ses supplices) &#8211; L&rsquo;imam Ibn Kathir &#8211; Livre"},"content":{"rendered":"<p>Titre complet: \u00ab\u00a0L\u2019authentique de la description de L\u2019ENFER et ses supplices\u00a0\u00bb (\u0635\u062d\u064a\u062d \u0643\u062a\u0627\u0628 \u0635\u0641\u0629 \u0627\u0644\u0646\u0627\u0631 \u0648 \u0645\u0627 \u0641\u064a\u0647\u0627 \u0645\u0646 \u0627\u0644\u0639\u0630\u0627\u0628 \u0627\u0644\u0623\u0644\u064a\u0645) Par l\u2019imam Ibn Kath\u00eer Ad-Dimashq\u00ee;Allah a fait du Paradis la demeure de ceux qu&rsquo;Il a guid\u00e9, et de l&rsquo;enfer la demeure de ceux qui ont m\u00e9rit\u00e9 l&rsquo;\u00e9garement parmi les m\u00e9cr\u00e9ants et les d\u00e9sob\u00e9issants. C&rsquo;est pourquoi Allah nous met en garde contre l&rsquo;enfer et tout ce qui peut y amener comme parole et acte.;Ibn Kathir nous donne une description de l&rsquo;enfer d&rsquo;un impact cons\u00e9quent sur l&rsquo;\u00e2me insouciante qui a grand besoin qu&rsquo;on l&rsquo;\u00e9xorte, la motive et la menace.;Livre en fran\u00e7ais, les versets coraniques sont \u00e9galement cit\u00e9s en langue arabe.<\/p>\n","protected":false},"excerpt":{"rendered":"<p>Titre complet: \u00ab\u00a0L\u2019authentique de la description de L\u2019ENFER et ses supplices\u00a0\u00bb (\u0635\u062d\u064a\u062d \u0643\u062a\u0627\u0628 \u0635\u0641\u0629 \u0627\u0644\u0646\u0627\u0631 \u0648 \u0645\u0627 \u0641\u064a\u0647\u0627 \u0645\u0646 \u0627\u0644\u0639\u0630\u0627\u0628 \u0627\u0644\u0623\u0644\u064a\u0645) Par l\u2019imam Ibn Kath\u00eer Ad-Dimashq\u00ee;Allah a fait du Paradis la demeure de ceux qu&rsquo;Il a guid\u00e9, et de l&rsquo;enfer la demeure de ceux qui ont m\u00e9rit\u00e9 l&rsquo;\u00e9garement parmi les m\u00e9cr\u00e9ants et les d\u00e9sob\u00e9issants. C&rsquo;est [&hellip;]<\/p>\n","protected":false},"featured_media":47868,"comment_status":"open","ping_status":"closed","template":"","meta":[],"product_brand":[],"product_cat":[15],"product_tag":[],"class_list":{"0":"post-47867","1":"product","2":"type-product","3":"status-publish","4":"has-post-thumbnail","6":"product_cat-non-classe","7":"pa_auteur-limam-ibn-kathir-2","8":"pa_editeur-dar-al-muslim","9":"pa_format-14-x-21-cm","10":"pa_langue-francais-arabe","11":"pa_nombre-de-pages-445","13":"first","14":"instock","15":"shipping-taxable","16":"purchasable","17":"product-type-simple"},"_links":{"self":[{"href":"https:\/\/lamaktaba.fr\/index.php\/wp-json\/wp\/v2\/product\/47867","targetHints":{"allow":["GET"]}}],"collection":[{"href":"https:\/\/lamaktaba.fr\/index.php\/wp-json\/wp\/v2\/product"}],"about":[{"href":"https:\/\/lamaktaba.fr\/index.php\/wp-json\/wp\/v2\/types\/product"}],"replies":[{"embeddable":true,"href":"https:\/\/lamaktaba.fr\/index.php\/wp-json\/wp\/v2\/comments?post=47867"}],"wp:featuredmedia":[{"embeddable":true,"href":"https:\/\/lamaktaba.fr\/index.php\/wp-json\/wp\/v2\/media\/47868"}],"wp:attachment":[{"href":"https:\/\/lamaktaba.fr\/index.php\/wp-json\/wp\/v2\/media?parent=47867"}],"wp:term":[{"taxonomy":"product_brand","embeddable":true,"href":"https:\/\/lamaktaba.fr\/index.php\/wp-json\/wp\/v2\/product_brand?post=47867"},{"taxonomy":"product_cat","embeddable":true,"href":"https:\/\/lamaktaba.fr\/index.php\/wp-json\/wp\/v2\/product_cat?post=47867"},{"taxonomy":"product_tag","embeddable":true,"href":"https:\/\/lamaktaba.fr\/index.php\/wp-json\/wp\/v2\/product_tag?post=47867"}],"curies":[{"name":"wp","href":"https:\/\/api.w.org\/{rel}","templated":true}]}}