{"id":47857,"date":"2022-01-24T21:04:09","date_gmt":"2022-01-24T20:04:09","guid":{"rendered":"https:\/\/lamaktaba.fr\/index.php\/produit\/comment-jai-decouvert-lislam-dapres-emilie-bramlet\/"},"modified":"2025-04-01T12:44:35","modified_gmt":"2025-04-01T10:44:35","slug":"comment-jai-decouvert-lislam-dapres-emilie-bramlet","status":"publish","type":"product","link":"https:\/\/lamaktaba.fr\/index.php\/produit\/comment-jai-decouvert-lislam-dapres-emilie-bramlet","title":{"rendered":"comment j&rsquo;ai d\u00e9couvert l&rsquo;islam d\u2019apr\u00e8s Emilie Bramlet"},"content":{"rendered":"<p>Titre: comment j&rsquo;ai d\u00e9couvert l&rsquo;islam;Auteur: Emilie Bramlet;Edition: ALHADITH;Support: Livre;Theme: soci\u00e9t\u00e9 &#038; t\u00e9moignages;C&rsquo;est le r\u00e9cit d&rsquo;une qu\u00eate de la v\u00e9rit\u00e9 enfouie au plus profond de chacun. D&rsquo;un cheminement aboutissant inexorablement \u00e0 la d\u00e9couverte du secret de l&rsquo;existence. Le destin d&rsquo;une jeune m\u00e8re am\u00e9ricaine que tout en elle et autour d&rsquo;elle appelait \u00e0 son Cr\u00e9ateur.<\/p>\n","protected":false},"excerpt":{"rendered":"<p>Titre: comment j&rsquo;ai d\u00e9couvert l&rsquo;islam;Auteur: Emilie Bramlet;Edition: ALHADITH;Support: Livre;Theme: soci\u00e9t\u00e9 &#038; t\u00e9moignages;C&rsquo;est le r\u00e9cit d&rsquo;une qu\u00eate de la v\u00e9rit\u00e9 enfouie au plus profond de chacun. D&rsquo;un cheminement aboutissant inexorablement \u00e0 la d\u00e9couverte du secret de l&rsquo;existence. Le destin d&rsquo;une jeune m\u00e8re am\u00e9ricaine que tout en elle et autour d&rsquo;elle appelait \u00e0 son Cr\u00e9ateur.<\/p>\n","protected":false},"featured_media":47858,"comment_status":"open","ping_status":"closed","template":"","meta":[],"product_brand":[],"product_cat":[1919,1918],"product_tag":[],"class_list":{"0":"post-47857","1":"product","2":"type-product","3":"status-publish","4":"has-post-thumbnail","6":"product_cat-comprendre-lislam","7":"product_cat-initiation-a-lislam","8":"pa_auteur-emilie-bramlet","9":"pa_editeur-alhadith","11":"first","12":"outofstock","13":"shipping-taxable","14":"purchasable","15":"product-type-simple"},"_links":{"self":[{"href":"https:\/\/lamaktaba.fr\/index.php\/wp-json\/wp\/v2\/product\/47857","targetHints":{"allow":["GET"]}}],"collection":[{"href":"https:\/\/lamaktaba.fr\/index.php\/wp-json\/wp\/v2\/product"}],"about":[{"href":"https:\/\/lamaktaba.fr\/index.php\/wp-json\/wp\/v2\/types\/product"}],"replies":[{"embeddable":true,"href":"https:\/\/lamaktaba.fr\/index.php\/wp-json\/wp\/v2\/comments?post=47857"}],"wp:featuredmedia":[{"embeddable":true,"href":"https:\/\/lamaktaba.fr\/index.php\/wp-json\/wp\/v2\/media\/47858"}],"wp:attachment":[{"href":"https:\/\/lamaktaba.fr\/index.php\/wp-json\/wp\/v2\/media?parent=47857"}],"wp:term":[{"taxonomy":"product_brand","embeddable":true,"href":"https:\/\/lamaktaba.fr\/index.php\/wp-json\/wp\/v2\/product_brand?post=47857"},{"taxonomy":"product_cat","embeddable":true,"href":"https:\/\/lamaktaba.fr\/index.php\/wp-json\/wp\/v2\/product_cat?post=47857"},{"taxonomy":"product_tag","embeddable":true,"href":"https:\/\/lamaktaba.fr\/index.php\/wp-json\/wp\/v2\/product_tag?post=47857"}],"curies":[{"name":"wp","href":"https:\/\/api.w.org\/{rel}","templated":true}]}}