{"id":47849,"date":"2022-01-24T21:03:57","date_gmt":"2022-01-24T20:03:57","guid":{"rendered":"https:\/\/lamaktaba.fr\/index.php\/produit\/le-mariage-tardif-problemes-et-solutions-de-rana-al-shaar\/"},"modified":"2025-04-01T12:44:16","modified_gmt":"2025-04-01T10:44:16","slug":"le-mariage-tardif-problemes-et-solutions-de-rana-al-shaar","status":"publish","type":"product","link":"https:\/\/lamaktaba.fr\/index.php\/produit\/le-mariage-tardif-problemes-et-solutions-de-rana-al-shaar","title":{"rendered":"Le mariage tardif: Probl\u00e8mes et solutions, de Ran\u00e2 al-Sha&rsquo;\u00e2r"},"content":{"rendered":"<p>Le mariage tardif: Probl\u00e8mes et solutions, de Ran\u00e2 al-Sha&rsquo;\u00e2r;\u00c0 travers le monde, les statistiques et les \u00e9tudes parlent d&rsquo;elles-m\u00eames. On se marie de plus en plus tard, on a des enfants de plus en plus tard. Dans de nombreuses soci\u00e9t\u00e9s, on se marie \u00e9galement de moins en moins souvent.;Chez les musulmans, le ph\u00e9nom\u00e8ne du mariage tardif prend une ampleur inqui\u00e9tante et concerne les croyants des diff\u00e9rentes couches de la soci\u00e9t\u00e9. Les raisons sont multiples et complexes. Ainsi, il serait simpliste de penser que ce ph\u00e9nom\u00e8ne trouve son origine dans un seul facteur, \u00e0 savoir le suivi des passions,comme on l&rsquo;entend trop souvent.;Notre auteur prend le contrepied de cette vision binaire et monte, \u00e0 travers ce travail s\u00e9rieux et fourni, que le mariage tardif est la cons\u00e9quence de facteur socio-\u00e9conomiques, coutumiers, psychologiques, etc. Elle explique \u00e9galement que la plupart des gens qui vieillissent c\u00e9libataires sont avant tout les victimes, et non des coupables \u00e0 fustiger.;Cependant, Rana al-Sha&rsquo;\u00e2r ne se contente pas de d\u00e9noncer. Elle propose \u00e9galement des solutions et des rem\u00e8des pour contrabalancer cette tendance n\u00e9faste et remettre le mariage des jeunes et ses bienfaits \u00e0 l&rsquo;ordre du jour. Un livre incontournable donc \u00e0 propos d&rsquo;un sujet tr\u00e8s r\u00e9pandu, mais fort peu \u00e9tudi\u00e9.;Marque ALHADITH Editions R\u00e9f\u00e9rence 9782875450159;Fiche technique AUTEUR: &#8211; Ran\u00e2 al-Sha&rsquo;\u00e2r LANGUE: -.Fran\u00e7ais ANNEE: &#8211; 2012 SUPPORT: &#8211; Livre THEME: &#8211; Mariage, Soci\u00e9t\u00e9 \u00c9DITIONS: &#8211; Al-Hadith Condition: &#8211; Neuf Nombre de Pages: &#8211; 80 FORMAT (CM): 14.5 x 21 cm Poids (kg): &#8211; 114 g RELIURE: &#8211; Souple.Traduction: &#8211; Hood Jhumka EAN13: &#8211; 9782875450159;R\u00e9f\u00e9rences sp\u00e9cifiques Donnez votre avis;Aucun commentaire pour le moment<\/p>\n","protected":false},"excerpt":{"rendered":"<p>Le mariage tardif: Probl\u00e8mes et solutions, de Ran\u00e2 al-Sha&rsquo;\u00e2r;\u00c0 travers le monde, les statistiques et les \u00e9tudes parlent d&rsquo;elles-m\u00eames. On se marie de plus en plus tard, on a des enfants de plus en plus tard. Dans de nombreuses soci\u00e9t\u00e9s, on se marie \u00e9galement de moins en moins souvent.;Chez les musulmans, le ph\u00e9nom\u00e8ne du mariage [&hellip;]<\/p>\n","protected":false},"featured_media":47850,"comment_status":"open","ping_status":"closed","template":"","meta":[],"product_brand":[],"product_cat":[1920],"product_tag":[],"class_list":{"0":"post-47849","1":"product","2":"type-product","3":"status-publish","4":"has-post-thumbnail","6":"product_cat-mariage-et-famille","7":"pa_annee-378","8":"pa_auteur-rana-al-shaar","9":"pa_editeur-al-hadith-2","10":"pa_format-14-5-x-21-cm","11":"pa_langue-francais","12":"pa_nombre-de-pages-507","13":"pa_reliure-souple","15":"first","16":"outofstock","17":"shipping-taxable","18":"purchasable","19":"product-type-simple"},"_links":{"self":[{"href":"https:\/\/lamaktaba.fr\/index.php\/wp-json\/wp\/v2\/product\/47849","targetHints":{"allow":["GET"]}}],"collection":[{"href":"https:\/\/lamaktaba.fr\/index.php\/wp-json\/wp\/v2\/product"}],"about":[{"href":"https:\/\/lamaktaba.fr\/index.php\/wp-json\/wp\/v2\/types\/product"}],"replies":[{"embeddable":true,"href":"https:\/\/lamaktaba.fr\/index.php\/wp-json\/wp\/v2\/comments?post=47849"}],"wp:featuredmedia":[{"embeddable":true,"href":"https:\/\/lamaktaba.fr\/index.php\/wp-json\/wp\/v2\/media\/47850"}],"wp:attachment":[{"href":"https:\/\/lamaktaba.fr\/index.php\/wp-json\/wp\/v2\/media?parent=47849"}],"wp:term":[{"taxonomy":"product_brand","embeddable":true,"href":"https:\/\/lamaktaba.fr\/index.php\/wp-json\/wp\/v2\/product_brand?post=47849"},{"taxonomy":"product_cat","embeddable":true,"href":"https:\/\/lamaktaba.fr\/index.php\/wp-json\/wp\/v2\/product_cat?post=47849"},{"taxonomy":"product_tag","embeddable":true,"href":"https:\/\/lamaktaba.fr\/index.php\/wp-json\/wp\/v2\/product_tag?post=47849"}],"curies":[{"name":"wp","href":"https:\/\/api.w.org\/{rel}","templated":true}]}}