{"id":47824,"date":"2022-01-24T21:03:11","date_gmt":"2022-01-24T20:03:11","guid":{"rendered":"https:\/\/lamaktaba.fr\/index.php\/produit\/labrege-de-la-sira-du-prophete-psl-avec-illustrations\/"},"modified":"2025-04-01T12:44:12","modified_gmt":"2025-04-01T10:44:12","slug":"labrege-de-la-sira-du-prophete-psl-avec-illustrations","status":"publish","type":"product","link":"https:\/\/lamaktaba.fr\/index.php\/produit\/labrege-de-la-sira-du-prophete-psl-avec-illustrations","title":{"rendered":"l&rsquo;abr\u00e9g\u00e9 de la sira du proph\u00e8te (psl) &#8211; avec illustrations"},"content":{"rendered":"<p>L\u2019abr\u00e9g\u00e9 de la S\u00eera du Proph\u00e8te (sws), comme l\u2019indique son titre, retrace bri\u00e8vement les \u00e9tapes essentielles de la vie de Muhammad (sws), l\u2019ultime Proph\u00e8te et Envoy\u00e9 de Dieu. Le but \u00e9tant de permettre \u00e0 ceux qui ne disposent pas de beaucoup de temps ou qui h\u00e9sitent \u00e0 tenter la lecture de livres plus ou moins volumineux sur le sujet, de cerner la quintessence du message de l\u2019islam et de d\u00e9couvrir les diff\u00e9rentes figures de Muhammad (sws) l\u2019homme et le Messager de Dieu. Cet opuscule renferme, en plus, un floril\u00e8ge des paroles de l\u2019Envoy\u00e9 de Dieu (sws). Le tout rappelle aussi clairement et succinctement que possible ce qu\u2019est l\u2019islam, \u00e0 quoi il invite et quelle morale pr\u00f4ne-t-il.<\/p>\n","protected":false},"excerpt":{"rendered":"<p>L\u2019abr\u00e9g\u00e9 de la S\u00eera du Proph\u00e8te (sws), comme l\u2019indique son titre, retrace bri\u00e8vement les \u00e9tapes essentielles de la vie de Muhammad (sws), l\u2019ultime Proph\u00e8te et Envoy\u00e9 de Dieu. Le but \u00e9tant de permettre \u00e0 ceux qui ne disposent pas de beaucoup de temps ou qui h\u00e9sitent \u00e0 tenter la lecture de livres plus ou moins [&hellip;]<\/p>\n","protected":false},"featured_media":47825,"comment_status":"open","ping_status":"closed","template":"","meta":[],"product_brand":[],"product_cat":[1895,1897],"product_tag":[],"class_list":{"0":"post-47824","1":"product","2":"type-product","3":"status-publish","4":"has-post-thumbnail","6":"product_cat-les-prophetes","7":"product_cat-vie-du-prophete-saw","8":"pa_annee-378","9":"pa_editeur-maison-dennour-2","10":"pa_nombre-de-pages-1101","12":"first","13":"instock","14":"shipping-taxable","15":"purchasable","16":"product-type-simple"},"_links":{"self":[{"href":"https:\/\/lamaktaba.fr\/index.php\/wp-json\/wp\/v2\/product\/47824","targetHints":{"allow":["GET"]}}],"collection":[{"href":"https:\/\/lamaktaba.fr\/index.php\/wp-json\/wp\/v2\/product"}],"about":[{"href":"https:\/\/lamaktaba.fr\/index.php\/wp-json\/wp\/v2\/types\/product"}],"replies":[{"embeddable":true,"href":"https:\/\/lamaktaba.fr\/index.php\/wp-json\/wp\/v2\/comments?post=47824"}],"wp:featuredmedia":[{"embeddable":true,"href":"https:\/\/lamaktaba.fr\/index.php\/wp-json\/wp\/v2\/media\/47825"}],"wp:attachment":[{"href":"https:\/\/lamaktaba.fr\/index.php\/wp-json\/wp\/v2\/media?parent=47824"}],"wp:term":[{"taxonomy":"product_brand","embeddable":true,"href":"https:\/\/lamaktaba.fr\/index.php\/wp-json\/wp\/v2\/product_brand?post=47824"},{"taxonomy":"product_cat","embeddable":true,"href":"https:\/\/lamaktaba.fr\/index.php\/wp-json\/wp\/v2\/product_cat?post=47824"},{"taxonomy":"product_tag","embeddable":true,"href":"https:\/\/lamaktaba.fr\/index.php\/wp-json\/wp\/v2\/product_tag?post=47824"}],"curies":[{"name":"wp","href":"https:\/\/api.w.org\/{rel}","templated":true}]}}