{"id":47822,"date":"2022-01-24T21:03:04","date_gmt":"2022-01-24T20:03:04","guid":{"rendered":"https:\/\/lamaktaba.fr\/index.php\/produit\/bibam-decouvre-les-fruits-et-legumes\/"},"modified":"2025-04-01T12:47:45","modified_gmt":"2025-04-01T10:47:45","slug":"bibam-decouvre-les-fruits-et-legumes","status":"publish","type":"product","link":"https:\/\/lamaktaba.fr\/index.php\/produit\/bibam-decouvre-les-fruits-et-legumes","title":{"rendered":"Bibam d\u00e9couvre les fruits et l\u00e9gumes"},"content":{"rendered":"<p>Bibam d\u00e9couvre les fruits et l\u00e9gumes (0-3 ans) Tr\u00e8s attachant, Bibam se fait l&rsquo;ami de votre bambin pour l&rsquo;accompagner dans ses premiers pas en islam. A travers les diff\u00e9rents \u00e9l\u00e9ments de la nature, ils vont ensemble faire connaissance avec les fruits et les l\u00e9gumes, la Cr\u00e9ation d&rsquo;Allah, notre Supr\u00eame Cr\u00e9ateur.;- Gr\u00e2ce \u00e0 sa petite poign\u00e9e, votre bout de chou pourra transporter ses livres partout;- De magnifiques illustrations en 3D pour \u00e9merveiller son regard;- De nouvelles notions (Go\u00fbt des fruits) pour \u00e9veiller ses sens;- Une agr\u00e9able rencontre avec les \u00e9l\u00e9ments de la nature qui l&rsquo;entourent au quotidien;Marque -PIXELGRAF Editions R\u00e9f\u00e9rence 9782753600584;Fiche technique AUTEUR: &#8211; \u00c8quipe de Pixelgraf LANGUE: -.Fran\u00e7ais SUPPORT: &#8211; Livre THEME: &#8211; Biblioth\u00e8que des Enfants \u00c9DITIONS: &#8211; Famillemusulmane Condition: &#8211; Neuf Nombre de Pages: &#8211; 8 FORMAT (CM): 21 x 16 cm RELIURE: &#8211; Rigide EAN13: &#8211; 9782753600584;R\u00e9f\u00e9rences sp\u00e9cifiques Donnez votre avis;Aucun commentaire pour le moment<\/p>\n","protected":false},"excerpt":{"rendered":"<p>Bibam d\u00e9couvre les fruits et l\u00e9gumes (0-3 ans) Tr\u00e8s attachant, Bibam se fait l&rsquo;ami de votre bambin pour l&rsquo;accompagner dans ses premiers pas en islam. A travers les diff\u00e9rents \u00e9l\u00e9ments de la nature, ils vont ensemble faire connaissance avec les fruits et les l\u00e9gumes, la Cr\u00e9ation d&rsquo;Allah, notre Supr\u00eame Cr\u00e9ateur.;- Gr\u00e2ce \u00e0 sa petite poign\u00e9e, [&hellip;]<\/p>\n","protected":false},"featured_media":47823,"comment_status":"open","ping_status":"closed","template":"","meta":[],"product_brand":[],"product_cat":[1910,1909],"product_tag":[],"class_list":{"0":"post-47822","1":"product","2":"type-product","3":"status-publish","4":"has-post-thumbnail","6":"product_cat-education","7":"product_cat-enfants","8":"pa_auteur-equipe-de-pixelgraf","9":"pa_editeur-famillemusulmane","10":"pa_format-21-x-16-cm","11":"pa_langue-francais","12":"pa_nombre-de-pages-1161","13":"pa_reliure-rigide","15":"first","16":"outofstock","17":"shipping-taxable","18":"purchasable","19":"product-type-simple"},"_links":{"self":[{"href":"https:\/\/lamaktaba.fr\/index.php\/wp-json\/wp\/v2\/product\/47822","targetHints":{"allow":["GET"]}}],"collection":[{"href":"https:\/\/lamaktaba.fr\/index.php\/wp-json\/wp\/v2\/product"}],"about":[{"href":"https:\/\/lamaktaba.fr\/index.php\/wp-json\/wp\/v2\/types\/product"}],"replies":[{"embeddable":true,"href":"https:\/\/lamaktaba.fr\/index.php\/wp-json\/wp\/v2\/comments?post=47822"}],"wp:featuredmedia":[{"embeddable":true,"href":"https:\/\/lamaktaba.fr\/index.php\/wp-json\/wp\/v2\/media\/47823"}],"wp:attachment":[{"href":"https:\/\/lamaktaba.fr\/index.php\/wp-json\/wp\/v2\/media?parent=47822"}],"wp:term":[{"taxonomy":"product_brand","embeddable":true,"href":"https:\/\/lamaktaba.fr\/index.php\/wp-json\/wp\/v2\/product_brand?post=47822"},{"taxonomy":"product_cat","embeddable":true,"href":"https:\/\/lamaktaba.fr\/index.php\/wp-json\/wp\/v2\/product_cat?post=47822"},{"taxonomy":"product_tag","embeddable":true,"href":"https:\/\/lamaktaba.fr\/index.php\/wp-json\/wp\/v2\/product_tag?post=47822"}],"curies":[{"name":"wp","href":"https:\/\/api.w.org\/{rel}","templated":true}]}}