{"id":47815,"date":"2022-01-24T21:02:54","date_gmt":"2022-01-24T20:02:54","guid":{"rendered":"https:\/\/lamaktaba.fr\/index.php\/produit\/poupee-musulmane-chifa-parlante-version-de-luxe-vetement-blanc-jeu-jouet-2\/"},"modified":"2025-04-01T12:46:06","modified_gmt":"2025-04-01T10:46:06","slug":"poupee-musulmane-chifa-parlante-version-de-luxe-vetement-blanc-jeu-jouet-2","status":"publish","type":"product","link":"https:\/\/lamaktaba.fr\/index.php\/produit\/poupee-musulmane-chifa-parlante-version-de-luxe-vetement-blanc-jeu-jouet-2","title":{"rendered":"Poup\u00e9e musulmane \u00ab\u00a0Chifa\u00a0\u00bb parlante (version de luxe) &#8211; V\u00eatement blanc &#8211; Jeu \/ jouet"},"content":{"rendered":"<p>D\u00e9couvrez la nouvelle version de luxe de la poup\u00e9e musulmane \u00ab\u00a0Chifa\u00a0\u00bb qui parle en fran\u00e7ais et arabe !;Vous ne serez pas d\u00e9\u00e7us par cette tr\u00e8s jolie poup\u00e9e avec r\u00e9glage du volume sonore et son de tr\u00e8s bonne qualit\u00e9&#8230;;Assal\u00e2mou \u2018alaykoum ! Je suis la poup\u00e9e \u201cChifa\u201d. Viens apprendre avec moi: l\u2019attestation de foi, les sourates Al-F\u00e2tiha, Al-Ikhlass et les deux sourates protectrices (Al-Falaq et An-N\u00e2s), ainsi que le verset du Tr\u00f4ne (Ayat Al-Kours\u00ee)&#8230;;Sais tu que signifie Chif\u00e2&rsquo; en arabe? C\u2019est la \u201cGu\u00e9rison\u201d.;Orientica a le plaisir de vous pr\u00e9senter cette grande poup\u00e9e musulmane de luxe qui parle en fran\u00e7ais et arabe pour vous apprendre le Coran et les invocations ! Avec ses tr\u00e8s beaux v\u00eatements, ce sera inchAllah la nouvelle poup\u00e9e ch\u00e9rie de votre fille !;En appuyant sur la poup\u00e9e ou on la serrant contre soit, elle se met \u00e0 parler, il est possible de changer la piste audio ou d&rsquo;arr\u00eater la lecture par simple pression. Pour une dur\u00e9e totale d&rsquo;environ 5 minutes de lecture (Saint Coran et invocations).;Avec la poup\u00e9e Chifa, vous apprendrez ou r\u00e9viserez;Les sourates importantes et indispensables du Saint Coran.;Les invocations \u00e0 dire avant de dormir, quand on se r\u00e9veille, pour se prot\u00e9ger contre tout mal, pour gu\u00e9rir lorsqu\u2019on tombe malade, etc. Note: Fonctionne avec trois petites piles fournies et facilement rempla\u00e7ables.;Cette nouvelle poup\u00e9e est tr\u00e8s robuste, elle ne se d\u00e9t\u00e9riore pas facilement&#8230;;Ne convient pas aux enfants de moins de 3 ans.;Remarque: La majorit\u00e9 des savants musulmans autorisent l&rsquo;usage des poup\u00e9es et nounours (jouets) pour les enfants, voici quelques fatwa (en langue arabe) de savants contemporains connus autorisant l&rsquo;usage des poup\u00e9es et nounours;Cheikh Al-&lsquo;Uthaymin;Cheikh Al-Mosleh;Cheikh Al-&lsquo;Ubaykan;\u0627\u0644\u062f\u0643\u062a\u0648\u0631 \u0632\u064a\u0646 \u0627\u0644\u0639\u0627\u0628\u062f\u064a\u0646 \u0628\u0644\u0627\u0641\u0631\u064a\u062c;Cheikh Al-Mouslih;Autres&#8230;;Par contre, il faut savoir que les savants musulmans sont unanimes que les poup\u00e9es ou statues pour d\u00e9corer la maison ne sont pas autoris\u00e9es&#8230;;Poup\u00e9e livr\u00e9e avec une seule robe blanche   foulard comme sur la photo.;La m\u00eame poup\u00e9e existe avec des v\u00eatements roses.<\/p>\n","protected":false},"excerpt":{"rendered":"<p>D\u00e9couvrez la nouvelle version de luxe de la poup\u00e9e musulmane \u00ab\u00a0Chifa\u00a0\u00bb qui parle en fran\u00e7ais et arabe !;Vous ne serez pas d\u00e9\u00e7us par cette tr\u00e8s jolie poup\u00e9e avec r\u00e9glage du volume sonore et son de tr\u00e8s bonne qualit\u00e9&#8230;;Assal\u00e2mou \u2018alaykoum ! Je suis la poup\u00e9e \u201cChifa\u201d. Viens apprendre avec moi: l\u2019attestation de foi, les sourates Al-F\u00e2tiha, [&hellip;]<\/p>\n","protected":false},"featured_media":47816,"comment_status":"open","ping_status":"closed","template":"","meta":[],"product_brand":[],"product_cat":[1947],"product_tag":[],"class_list":{"0":"post-47815","1":"product","2":"type-product","3":"status-publish","4":"has-post-thumbnail","6":"product_cat-ludoeducatif-jouets","7":"pa_editeur-orientica","8":"pa_format-hauteur-de-la-poupee-34-cm-boite-10-x-19-x-39-cm","9":"pa_langue-francais-arabe","11":"first","12":"outofstock","13":"shipping-taxable","14":"purchasable","15":"product-type-simple"},"_links":{"self":[{"href":"https:\/\/lamaktaba.fr\/index.php\/wp-json\/wp\/v2\/product\/47815","targetHints":{"allow":["GET"]}}],"collection":[{"href":"https:\/\/lamaktaba.fr\/index.php\/wp-json\/wp\/v2\/product"}],"about":[{"href":"https:\/\/lamaktaba.fr\/index.php\/wp-json\/wp\/v2\/types\/product"}],"replies":[{"embeddable":true,"href":"https:\/\/lamaktaba.fr\/index.php\/wp-json\/wp\/v2\/comments?post=47815"}],"wp:featuredmedia":[{"embeddable":true,"href":"https:\/\/lamaktaba.fr\/index.php\/wp-json\/wp\/v2\/media\/47816"}],"wp:attachment":[{"href":"https:\/\/lamaktaba.fr\/index.php\/wp-json\/wp\/v2\/media?parent=47815"}],"wp:term":[{"taxonomy":"product_brand","embeddable":true,"href":"https:\/\/lamaktaba.fr\/index.php\/wp-json\/wp\/v2\/product_brand?post=47815"},{"taxonomy":"product_cat","embeddable":true,"href":"https:\/\/lamaktaba.fr\/index.php\/wp-json\/wp\/v2\/product_cat?post=47815"},{"taxonomy":"product_tag","embeddable":true,"href":"https:\/\/lamaktaba.fr\/index.php\/wp-json\/wp\/v2\/product_tag?post=47815"}],"curies":[{"name":"wp","href":"https:\/\/api.w.org\/{rel}","templated":true}]}}