{"id":47775,"date":"2022-01-24T21:00:50","date_gmt":"2022-01-24T20:00:50","guid":{"rendered":"https:\/\/lamaktaba.fr\/index.php\/produit\/lhypocrisie-serie-la-corruption-du-coeur-de-muhammad-salih-al-munajjid\/"},"modified":"2025-04-01T12:44:42","modified_gmt":"2025-04-01T10:44:42","slug":"lhypocrisie-serie-la-corruption-du-coeur-de-muhammad-salih-al-munajjid","status":"publish","type":"product","link":"https:\/\/lamaktaba.fr\/index.php\/produit\/lhypocrisie-serie-la-corruption-du-coeur-de-muhammad-salih-al-munajjid","title":{"rendered":"L&rsquo;hypocrisie &#8211; S\u00e9rie la corruption du c\u0153ur- De Muhammad Salih al-Munajjid"},"content":{"rendered":"<p>L\u2019hypocrisie est une maladie d\u00e9sastreuse, une perversion grave et un mal qui se r\u00e9pand. Si l\u2019homme n\u2019aime pas \u00eatre hypocrite, il peut tomber dans l\u2019hypocrisie \u00e0 son insu, notamment celle dite pratique ou mineure. La principale caract\u00e9ristique de l&rsquo;hypocrite est qu&rsquo;il pr\u00e9tend \u00eatre sinc\u00e8re alors qu\u2019il sait qu\u2019il ment, il affirme \u00eatre digne de confiance tout en sachant qu\u2019il est tra\u00eetre, il pr\u00e9tend tenir ses engagements alors qu\u2019il les viole. Il lance des calomnies tout en sachant qu\u2019elles sont fausses, car toute son \u00e9thique est bas\u00e9e sur l\u2019imposture et la supercherie.<\/p>\n","protected":false},"excerpt":{"rendered":"<p>L\u2019hypocrisie est une maladie d\u00e9sastreuse, une perversion grave et un mal qui se r\u00e9pand. Si l\u2019homme n\u2019aime pas \u00eatre hypocrite, il peut tomber dans l\u2019hypocrisie \u00e0 son insu, notamment celle dite pratique ou mineure. La principale caract\u00e9ristique de l&rsquo;hypocrite est qu&rsquo;il pr\u00e9tend \u00eatre sinc\u00e8re alors qu\u2019il sait qu\u2019il ment, il affirme \u00eatre digne de confiance [&hellip;]<\/p>\n","protected":false},"featured_media":47776,"comment_status":"open","ping_status":"closed","template":"","meta":[],"product_brand":[],"product_cat":[1936],"product_tag":[],"class_list":{"0":"post-47775","1":"product","2":"type-product","3":"status-publish","4":"has-post-thumbnail","6":"product_cat-roqya-et-sante","7":"pa_annee-446","8":"pa_auteur-muhammad-al-munajjid","9":"pa_editeur-alhadith","10":"pa_format-115cm-x-165cm","11":"pa_langue-francais","12":"pa_nombre-de-pages-1663","13":"pa_reliure-souple","15":"first","16":"outofstock","17":"shipping-taxable","18":"purchasable","19":"product-type-simple"},"_links":{"self":[{"href":"https:\/\/lamaktaba.fr\/index.php\/wp-json\/wp\/v2\/product\/47775","targetHints":{"allow":["GET"]}}],"collection":[{"href":"https:\/\/lamaktaba.fr\/index.php\/wp-json\/wp\/v2\/product"}],"about":[{"href":"https:\/\/lamaktaba.fr\/index.php\/wp-json\/wp\/v2\/types\/product"}],"replies":[{"embeddable":true,"href":"https:\/\/lamaktaba.fr\/index.php\/wp-json\/wp\/v2\/comments?post=47775"}],"wp:featuredmedia":[{"embeddable":true,"href":"https:\/\/lamaktaba.fr\/index.php\/wp-json\/wp\/v2\/media\/47776"}],"wp:attachment":[{"href":"https:\/\/lamaktaba.fr\/index.php\/wp-json\/wp\/v2\/media?parent=47775"}],"wp:term":[{"taxonomy":"product_brand","embeddable":true,"href":"https:\/\/lamaktaba.fr\/index.php\/wp-json\/wp\/v2\/product_brand?post=47775"},{"taxonomy":"product_cat","embeddable":true,"href":"https:\/\/lamaktaba.fr\/index.php\/wp-json\/wp\/v2\/product_cat?post=47775"},{"taxonomy":"product_tag","embeddable":true,"href":"https:\/\/lamaktaba.fr\/index.php\/wp-json\/wp\/v2\/product_tag?post=47775"}],"curies":[{"name":"wp","href":"https:\/\/api.w.org\/{rel}","templated":true}]}}