{"id":47773,"date":"2022-01-24T21:00:41","date_gmt":"2022-01-24T20:00:41","guid":{"rendered":"https:\/\/lamaktaba.fr\/index.php\/produit\/la-confiance-en-allah-serie-la-purification-du-coeur-de-muhammad-salih-al-munajjid\/"},"modified":"2025-04-01T12:44:09","modified_gmt":"2025-04-01T10:44:09","slug":"la-confiance-en-allah-serie-la-purification-du-coeur-de-muhammad-salih-al-munajjid","status":"publish","type":"product","link":"https:\/\/lamaktaba.fr\/index.php\/produit\/la-confiance-en-allah-serie-la-purification-du-coeur-de-muhammad-salih-al-munajjid","title":{"rendered":"La confiance en Allah- S\u00e9rie la purification du c\u0153ur- De Muhammad Salih al-Munajjid"},"content":{"rendered":"<p>Le tawakkul signifie la confiance que chaque croyant doit placer en son Cr\u00e9ateur. Il s&rsquo;agit d&rsquo;une station spirituelle \u00e9lev\u00e9e et difficile \u00e0 r\u00e9aliser car elle implique d&rsquo;abandonner notre attachement mat\u00e9rialiste \u00e0 ce monde pour se rattacher \u00e0 notre Seigneur. Pour arriver \u00e0 r\u00e9aliser ces finalit\u00e9s supr\u00eames et nobles de notre foi, il faut d&rsquo;abord en prendre connaissance. Tel est le but de ce livre: expliquer la nature du placement de confiance et la mani\u00e8re de lui donner vie dans notre quotidien.<\/p>\n","protected":false},"excerpt":{"rendered":"<p>Le tawakkul signifie la confiance que chaque croyant doit placer en son Cr\u00e9ateur. Il s&rsquo;agit d&rsquo;une station spirituelle \u00e9lev\u00e9e et difficile \u00e0 r\u00e9aliser car elle implique d&rsquo;abandonner notre attachement mat\u00e9rialiste \u00e0 ce monde pour se rattacher \u00e0 notre Seigneur. Pour arriver \u00e0 r\u00e9aliser ces finalit\u00e9s supr\u00eames et nobles de notre foi, il faut d&rsquo;abord en [&hellip;]<\/p>\n","protected":false},"featured_media":47774,"comment_status":"open","ping_status":"closed","template":"","meta":[],"product_brand":[],"product_cat":[15],"product_tag":[],"class_list":{"0":"post-47773","1":"product","2":"type-product","3":"status-publish","4":"has-post-thumbnail","6":"product_cat-non-classe","7":"pa_auteur-muhammad-salih-al-munajjid","8":"pa_editeur-alhadith","9":"pa_format-115cm-x-165cm","10":"pa_langue-francais","11":"pa_nombre-de-pages-507","12":"pa_reliure-souple","14":"first","15":"outofstock","16":"shipping-taxable","17":"purchasable","18":"product-type-simple"},"_links":{"self":[{"href":"https:\/\/lamaktaba.fr\/index.php\/wp-json\/wp\/v2\/product\/47773","targetHints":{"allow":["GET"]}}],"collection":[{"href":"https:\/\/lamaktaba.fr\/index.php\/wp-json\/wp\/v2\/product"}],"about":[{"href":"https:\/\/lamaktaba.fr\/index.php\/wp-json\/wp\/v2\/types\/product"}],"replies":[{"embeddable":true,"href":"https:\/\/lamaktaba.fr\/index.php\/wp-json\/wp\/v2\/comments?post=47773"}],"wp:featuredmedia":[{"embeddable":true,"href":"https:\/\/lamaktaba.fr\/index.php\/wp-json\/wp\/v2\/media\/47774"}],"wp:attachment":[{"href":"https:\/\/lamaktaba.fr\/index.php\/wp-json\/wp\/v2\/media?parent=47773"}],"wp:term":[{"taxonomy":"product_brand","embeddable":true,"href":"https:\/\/lamaktaba.fr\/index.php\/wp-json\/wp\/v2\/product_brand?post=47773"},{"taxonomy":"product_cat","embeddable":true,"href":"https:\/\/lamaktaba.fr\/index.php\/wp-json\/wp\/v2\/product_cat?post=47773"},{"taxonomy":"product_tag","embeddable":true,"href":"https:\/\/lamaktaba.fr\/index.php\/wp-json\/wp\/v2\/product_tag?post=47773"}],"curies":[{"name":"wp","href":"https:\/\/api.w.org\/{rel}","templated":true}]}}