{"id":47746,"date":"2022-01-24T20:58:27","date_gmt":"2022-01-24T19:58:27","guid":{"rendered":"https:\/\/lamaktaba.fr\/index.php\/produit\/huile-de-soin-et-entretien-pour-la-barbe-50ml-aaliyah-cosmetique\/"},"modified":"2025-04-01T12:46:07","modified_gmt":"2025-04-01T10:46:07","slug":"huile-de-soin-et-entretien-pour-la-barbe-50ml-aaliyah-cosmetique","status":"publish","type":"product","link":"https:\/\/lamaktaba.fr\/index.php\/produit\/huile-de-soin-et-entretien-pour-la-barbe-50ml-aaliyah-cosmetique","title":{"rendered":"Huile de soin et entretien pour la barbe 50ml Aaliyah &#8211; Cosm\u00e9tique"},"content":{"rendered":"<p>L&rsquo;huile de soin pour la barbe Aaliyah de la marque Note33 adoucit et nourrit la barbe, renforc\u00e9 par l&rsquo;huile de ricin connue pour son action fortifiante tout en acc\u00e9l\u00e9rant la repousse et sa teneur en acides gras essentiels et en vitamine E. Pour un entretien au quotidien, conditionne votre barbe, adoucit et nourrit en profondeur le poil et la peau en laissant un parfum subtil.;Utilisation;Appliquez une petite quantit\u00e9 d\u2019huile Aaliyah dans la paume de votre main. Massez sur une barbe propre et proc\u00e9der \u00e0 un l\u00e9ger brossage.<\/p>\n","protected":false},"excerpt":{"rendered":"<p>L&rsquo;huile de soin pour la barbe Aaliyah de la marque Note33 adoucit et nourrit la barbe, renforc\u00e9 par l&rsquo;huile de ricin connue pour son action fortifiante tout en acc\u00e9l\u00e9rant la repousse et sa teneur en acides gras essentiels et en vitamine E. Pour un entretien au quotidien, conditionne votre barbe, adoucit et nourrit en profondeur [&hellip;]<\/p>\n","protected":false},"featured_media":47747,"comment_status":"open","ping_status":"closed","template":"","meta":[],"product_brand":[],"product_cat":[131],"product_tag":[],"class_list":{"0":"post-47746","1":"product","2":"type-product","3":"status-publish","4":"has-post-thumbnail","6":"product_cat-beaute-soins-naturels-cosmetique","7":"pa_format-50-ml","9":"first","10":"outofstock","11":"shipping-taxable","12":"purchasable","13":"product-type-simple"},"_links":{"self":[{"href":"https:\/\/lamaktaba.fr\/index.php\/wp-json\/wp\/v2\/product\/47746","targetHints":{"allow":["GET"]}}],"collection":[{"href":"https:\/\/lamaktaba.fr\/index.php\/wp-json\/wp\/v2\/product"}],"about":[{"href":"https:\/\/lamaktaba.fr\/index.php\/wp-json\/wp\/v2\/types\/product"}],"replies":[{"embeddable":true,"href":"https:\/\/lamaktaba.fr\/index.php\/wp-json\/wp\/v2\/comments?post=47746"}],"wp:featuredmedia":[{"embeddable":true,"href":"https:\/\/lamaktaba.fr\/index.php\/wp-json\/wp\/v2\/media\/47747"}],"wp:attachment":[{"href":"https:\/\/lamaktaba.fr\/index.php\/wp-json\/wp\/v2\/media?parent=47746"}],"wp:term":[{"taxonomy":"product_brand","embeddable":true,"href":"https:\/\/lamaktaba.fr\/index.php\/wp-json\/wp\/v2\/product_brand?post=47746"},{"taxonomy":"product_cat","embeddable":true,"href":"https:\/\/lamaktaba.fr\/index.php\/wp-json\/wp\/v2\/product_cat?post=47746"},{"taxonomy":"product_tag","embeddable":true,"href":"https:\/\/lamaktaba.fr\/index.php\/wp-json\/wp\/v2\/product_tag?post=47746"}],"curies":[{"name":"wp","href":"https:\/\/api.w.org\/{rel}","templated":true}]}}