{"id":47736,"date":"2022-01-24T20:57:36","date_gmt":"2022-01-24T19:57:36","guid":{"rendered":"https:\/\/lamaktaba.fr\/index.php\/produit\/jeu-japprends-lalphabet-arabe-56-pieces-de-puzzle-a-assembler-educatfal-des-3-ans\/"},"modified":"2025-04-01T12:46:02","modified_gmt":"2025-04-01T10:46:02","slug":"jeu-japprends-lalphabet-arabe-56-pieces-de-puzzle-a-assembler-educatfal-des-3-ans","status":"publish","type":"product","link":"https:\/\/lamaktaba.fr\/index.php\/produit\/jeu-japprends-lalphabet-arabe-56-pieces-de-puzzle-a-assembler-educatfal-des-3-ans","title":{"rendered":"Jeu J&rsquo;apprends l&rsquo;Alphabet Arabe (56 pi\u00e8ces de Puzzle \u00e0 assembler) &#8211; Educatfal (D\u00e8s 3 ans)"},"content":{"rendered":"<p>J&rsquo;apprends l&rsquo;Alphabet Arabe;Cartes &#8211; Puzzle autocorrectif &#8211; Jeu d&rsquo;association pour apprendre l&rsquo;alphabet Arabe (D\u00e8s 3 ans) &#8211; Educatfal;Jeu d\u2019association \u00e0 travers lequel votre enfant va d\u00e9couvrir les lettres et leurs diff\u00e9rentes formes d\u2019\u00e9critures, mais aussi enrichir son vocabulaire arabe avec 28 mots illustr\u00e9s. Un livret vous est fourni incluant les r\u00e8gles du jeu, un guide de prononciation des lettres, un guide de conversation et la phon\u00e9tique.<\/p>\n","protected":false},"excerpt":{"rendered":"<p>J&rsquo;apprends l&rsquo;Alphabet Arabe;Cartes &#8211; Puzzle autocorrectif &#8211; Jeu d&rsquo;association pour apprendre l&rsquo;alphabet Arabe (D\u00e8s 3 ans) &#8211; Educatfal;Jeu d\u2019association \u00e0 travers lequel votre enfant va d\u00e9couvrir les lettres et leurs diff\u00e9rentes formes d\u2019\u00e9critures, mais aussi enrichir son vocabulaire arabe avec 28 mots illustr\u00e9s. Un livret vous est fourni incluant les r\u00e8gles du jeu, un guide [&hellip;]<\/p>\n","protected":false},"featured_media":47737,"comment_status":"open","ping_status":"closed","template":"","meta":[],"product_brand":[],"product_cat":[15],"product_tag":[],"class_list":{"0":"post-47736","1":"product","2":"type-product","3":"status-publish","4":"has-post-thumbnail","6":"product_cat-non-classe","7":"pa_format-195-x-143-cm","8":"pa_langue-francais-arabe","10":"first","11":"outofstock","12":"shipping-taxable","13":"purchasable","14":"product-type-simple"},"_links":{"self":[{"href":"https:\/\/lamaktaba.fr\/index.php\/wp-json\/wp\/v2\/product\/47736","targetHints":{"allow":["GET"]}}],"collection":[{"href":"https:\/\/lamaktaba.fr\/index.php\/wp-json\/wp\/v2\/product"}],"about":[{"href":"https:\/\/lamaktaba.fr\/index.php\/wp-json\/wp\/v2\/types\/product"}],"replies":[{"embeddable":true,"href":"https:\/\/lamaktaba.fr\/index.php\/wp-json\/wp\/v2\/comments?post=47736"}],"wp:featuredmedia":[{"embeddable":true,"href":"https:\/\/lamaktaba.fr\/index.php\/wp-json\/wp\/v2\/media\/47737"}],"wp:attachment":[{"href":"https:\/\/lamaktaba.fr\/index.php\/wp-json\/wp\/v2\/media?parent=47736"}],"wp:term":[{"taxonomy":"product_brand","embeddable":true,"href":"https:\/\/lamaktaba.fr\/index.php\/wp-json\/wp\/v2\/product_brand?post=47736"},{"taxonomy":"product_cat","embeddable":true,"href":"https:\/\/lamaktaba.fr\/index.php\/wp-json\/wp\/v2\/product_cat?post=47736"},{"taxonomy":"product_tag","embeddable":true,"href":"https:\/\/lamaktaba.fr\/index.php\/wp-json\/wp\/v2\/product_tag?post=47736"}],"curies":[{"name":"wp","href":"https:\/\/api.w.org\/{rel}","templated":true}]}}