{"id":47727,"date":"2022-01-24T20:56:34","date_gmt":"2022-01-24T19:56:34","guid":{"rendered":"https:\/\/lamaktaba.fr\/index.php\/produit\/salaam-bebe-le-journal-islamique-du-bebe-rose\/"},"modified":"2025-04-01T12:43:43","modified_gmt":"2025-04-01T10:43:43","slug":"salaam-bebe-le-journal-islamique-du-bebe-rose","status":"publish","type":"product","link":"https:\/\/lamaktaba.fr\/index.php\/produit\/salaam-bebe-le-journal-islamique-du-bebe-rose","title":{"rendered":"Salaam B\u00e9b\u00e9: Le journal islamique du B\u00e9b\u00e9 (Rose)"},"content":{"rendered":"<p>Salaam B\u00e9b\u00e9: Le journal islamique du B\u00e9b\u00e9 (Rose);Un nouveau-n\u00e9 sur terre, un cadeau d\u2019Allah, l\u2019un des \u00e9v\u00e8nements les plus merveilleux dans la vie. Il se passe tellement de choses et le temps s\u2019\u00e9coule. Personne ne voudrait oublier aucun de ces beaux moments. Salaam B\u00e9b\u00e9 est le journal islamique de b\u00e9b\u00e9, un journal o\u00f9 on peut suivre le d\u00e9veloppement de B\u00e9b\u00e9, et o\u00f9 sont d\u00e9crites les diff\u00e9rentes \u00e9tapes importantes ainsi que les \u00e9v\u00e9nements particuliers de b\u00e9b\u00e9.;Ce livre pr\u00eate une attention particuli\u00e8re aux diff\u00e9rents \u00e9v\u00e9nements islamiques comme la f\u00eate de naissance (Aqiqah), l\u2019Aid-Fitr, l\u2019Aid al Adha et bien plus encore. En outre il y a suffisamment d\u2019espace disponible pour les photos et autre contenu personnel. En bref, ce livre est un superbe cadeau \u00e0 offrir et \u00e0 recevoir !<\/p>\n","protected":false},"excerpt":{"rendered":"<p>Salaam B\u00e9b\u00e9: Le journal islamique du B\u00e9b\u00e9 (Rose);Un nouveau-n\u00e9 sur terre, un cadeau d\u2019Allah, l\u2019un des \u00e9v\u00e8nements les plus merveilleux dans la vie. Il se passe tellement de choses et le temps s\u2019\u00e9coule. Personne ne voudrait oublier aucun de ces beaux moments. Salaam B\u00e9b\u00e9 est le journal islamique de b\u00e9b\u00e9, un journal o\u00f9 on peut [&hellip;]<\/p>\n","protected":false},"featured_media":47728,"comment_status":"open","ping_status":"closed","template":"","meta":[],"product_brand":[],"product_cat":[1910],"product_tag":[],"class_list":{"0":"post-47727","1":"product","2":"type-product","3":"status-publish","4":"has-post-thumbnail","6":"product_cat-education","7":"pa_annee-369","8":"pa_auteur-compose-par-graphic-pencil-inspire-par-amanah-talhaoui","9":"pa_editeur-hadieth-benelux-editions","10":"pa_format-205-x-188-cm","11":"pa_langue-francais","12":"pa_nombre-de-pages-384","13":"pa_reliure-rigide","15":"first","16":"instock","17":"shipping-taxable","18":"purchasable","19":"product-type-simple"},"_links":{"self":[{"href":"https:\/\/lamaktaba.fr\/index.php\/wp-json\/wp\/v2\/product\/47727","targetHints":{"allow":["GET"]}}],"collection":[{"href":"https:\/\/lamaktaba.fr\/index.php\/wp-json\/wp\/v2\/product"}],"about":[{"href":"https:\/\/lamaktaba.fr\/index.php\/wp-json\/wp\/v2\/types\/product"}],"replies":[{"embeddable":true,"href":"https:\/\/lamaktaba.fr\/index.php\/wp-json\/wp\/v2\/comments?post=47727"}],"wp:featuredmedia":[{"embeddable":true,"href":"https:\/\/lamaktaba.fr\/index.php\/wp-json\/wp\/v2\/media\/47728"}],"wp:attachment":[{"href":"https:\/\/lamaktaba.fr\/index.php\/wp-json\/wp\/v2\/media?parent=47727"}],"wp:term":[{"taxonomy":"product_brand","embeddable":true,"href":"https:\/\/lamaktaba.fr\/index.php\/wp-json\/wp\/v2\/product_brand?post=47727"},{"taxonomy":"product_cat","embeddable":true,"href":"https:\/\/lamaktaba.fr\/index.php\/wp-json\/wp\/v2\/product_cat?post=47727"},{"taxonomy":"product_tag","embeddable":true,"href":"https:\/\/lamaktaba.fr\/index.php\/wp-json\/wp\/v2\/product_tag?post=47727"}],"curies":[{"name":"wp","href":"https:\/\/api.w.org\/{rel}","templated":true}]}}