{"id":47721,"date":"2022-01-24T20:55:55","date_gmt":"2022-01-24T19:55:55","guid":{"rendered":"https:\/\/lamaktaba.fr\/index.php\/produit\/les-invocations-apres-la-priere-dapres-sulayman-al-kharashi-2\/"},"modified":"2025-04-01T12:43:12","modified_gmt":"2025-04-01T10:43:12","slug":"les-invocations-apres-la-priere-dapres-sulayman-al-kharashi-2","status":"publish","type":"product","link":"https:\/\/lamaktaba.fr\/index.php\/produit\/les-invocations-apres-la-priere-dapres-sulayman-al-kharashi-2","title":{"rendered":"Les invocations apr\u00e8s la pri\u00e8re d&rsquo;apr\u00e8s Sulayman al-Kharashi"},"content":{"rendered":"<p>Les invocations apr\u00e8s la pri\u00e8re d&rsquo;apr\u00e8s Sulayman al-Kharashi;La pri\u00e8re est le moment o\u00f9 le musulman est le plus proche de Son Seigneur, l&rsquo;instant d&rsquo;intimit\u00e9 par excellence entre le serviteur et son Ma\u00eetre. Cette relation privil\u00e9gi\u00e9e qu&rsquo;entretient le croyant avec son Cr\u00e9ateur ne s&rsquo;interrompt pas compl\u00e8tement avec les salutations en fin de pri\u00e8re, les formules d&rsquo;\u00e9vocations et d&rsquo;invocations l&rsquo;illustrent de mani\u00e8re on ne peut plus claire. Elles rappellent au Musulman qu&rsquo;il doit constamment se souvenir d&rsquo;Allah (azawajal) qui ne cesse de le voir, de l&rsquo;entendre et de l&rsquo;exaucer, m\u00eame apr\u00e8s la pri\u00e8re.<\/p>\n","protected":false},"excerpt":{"rendered":"<p>Les invocations apr\u00e8s la pri\u00e8re d&rsquo;apr\u00e8s Sulayman al-Kharashi;La pri\u00e8re est le moment o\u00f9 le musulman est le plus proche de Son Seigneur, l&rsquo;instant d&rsquo;intimit\u00e9 par excellence entre le serviteur et son Ma\u00eetre. Cette relation privil\u00e9gi\u00e9e qu&rsquo;entretient le croyant avec son Cr\u00e9ateur ne s&rsquo;interrompt pas compl\u00e8tement avec les salutations en fin de pri\u00e8re, les formules d&rsquo;\u00e9vocations [&hellip;]<\/p>\n","protected":false},"featured_media":55179,"comment_status":"open","ping_status":"closed","template":"","meta":[],"product_brand":[],"product_cat":[1901,1912],"product_tag":[],"class_list":{"0":"post-47721","1":"product","2":"type-product","3":"status-publish","4":"has-post-thumbnail","6":"product_cat-invocations-douaa","7":"product_cat-priere-salate","8":"pa_annee-830","9":"pa_auteur-sulayman-al-kharashi","10":"pa_editeur-alhadith","11":"pa_format-10-5-x-14-cm","12":"pa_langue-francais","13":"pa_nombre-de-pages-431","14":"pa_reliure-souple","16":"first","17":"instock","18":"shipping-taxable","19":"purchasable","20":"product-type-simple"},"_links":{"self":[{"href":"https:\/\/lamaktaba.fr\/index.php\/wp-json\/wp\/v2\/product\/47721","targetHints":{"allow":["GET"]}}],"collection":[{"href":"https:\/\/lamaktaba.fr\/index.php\/wp-json\/wp\/v2\/product"}],"about":[{"href":"https:\/\/lamaktaba.fr\/index.php\/wp-json\/wp\/v2\/types\/product"}],"replies":[{"embeddable":true,"href":"https:\/\/lamaktaba.fr\/index.php\/wp-json\/wp\/v2\/comments?post=47721"}],"wp:featuredmedia":[{"embeddable":true,"href":"https:\/\/lamaktaba.fr\/index.php\/wp-json\/wp\/v2\/media\/55179"}],"wp:attachment":[{"href":"https:\/\/lamaktaba.fr\/index.php\/wp-json\/wp\/v2\/media?parent=47721"}],"wp:term":[{"taxonomy":"product_brand","embeddable":true,"href":"https:\/\/lamaktaba.fr\/index.php\/wp-json\/wp\/v2\/product_brand?post=47721"},{"taxonomy":"product_cat","embeddable":true,"href":"https:\/\/lamaktaba.fr\/index.php\/wp-json\/wp\/v2\/product_cat?post=47721"},{"taxonomy":"product_tag","embeddable":true,"href":"https:\/\/lamaktaba.fr\/index.php\/wp-json\/wp\/v2\/product_tag?post=47721"}],"curies":[{"name":"wp","href":"https:\/\/api.w.org\/{rel}","templated":true}]}}