{"id":47682,"date":"2022-01-24T20:55:12","date_gmt":"2022-01-24T19:55:12","guid":{"rendered":"https:\/\/lamaktaba.fr\/index.php\/produit\/japprends-la-vertu-et-les-bonnes-manieres-avec-salah-le-pardon-equipe-editoriale-orientica-livre\/"},"modified":"2025-04-01T12:43:49","modified_gmt":"2025-04-01T10:43:49","slug":"japprends-la-vertu-et-les-bonnes-manieres-avec-salah-le-pardon-equipe-editoriale-orientica-livre","status":"publish","type":"product","link":"https:\/\/lamaktaba.fr\/index.php\/produit\/japprends-la-vertu-et-les-bonnes-manieres-avec-salah-le-pardon-equipe-editoriale-orientica-livre","title":{"rendered":"J&rsquo;apprends la vertu et les bonnes mani\u00e8res avec S\u00e2lah: Le pardon &#8211; Equipe \u00e9ditoriale Orientica &#8211; Livre"},"content":{"rendered":"<p>Le pardon expliqu\u00e9 aux enfants gr\u00e2ce \u00e0 des r\u00e9cits \u00e9ducatifs sur les belles qualit\u00e9s&#8230;;S\u00e2lah\u00a0\u00bb en langue arabe signifie une personne qui est de nature bonne et qui fait du bien autour de lui (une personne bienfaisante, un exemple \u00e0 suivre, un saint&#8230;);Le d\u00e9vouement, le pardon, la fraternit\u00e9, la reconnaissance, la;loyaut\u00e9, l\u2019optimisme, la prudence, la sensibilit\u00e9, le calme et;la tol\u00e9rance. Comment enseigner ces qualit\u00e9s aux enfants?;\u201cJ\u2019apprends la vertu et les bonnes mani\u00e8res avec S\u00e2lah (2);10 r\u00e9cits \u00e9ducatifs sur les belles qualit\u00e9s\u201d montre, de fa\u00e7on;amusante, l\u2019importance de ces vertus dans l\u2019\u00e9ducation des enfants.;Chaque r\u00e9cit comporte d\u2019importants conseils ainsi que des rappels;\u00e9manant essentiellement de la sagesse musulmane, visant \u00e0 rendre;effectif l\u2019apprentissage de ces qualit\u00e9s chez l\u2019enfant.;Les 10 livres de cette deuxi\u00e8me collection sont adapt\u00e9s aux enfants \u00e0 partir de 4 ans.<\/p>\n","protected":false},"excerpt":{"rendered":"<p>Le pardon expliqu\u00e9 aux enfants gr\u00e2ce \u00e0 des r\u00e9cits \u00e9ducatifs sur les belles qualit\u00e9s&#8230;;S\u00e2lah\u00a0\u00bb en langue arabe signifie une personne qui est de nature bonne et qui fait du bien autour de lui (une personne bienfaisante, un exemple \u00e0 suivre, un saint&#8230;);Le d\u00e9vouement, le pardon, la fraternit\u00e9, la reconnaissance, la;loyaut\u00e9, l\u2019optimisme, la prudence, la sensibilit\u00e9, [&hellip;]<\/p>\n","protected":false},"featured_media":47683,"comment_status":"open","ping_status":"closed","template":"","meta":[],"product_brand":[],"product_cat":[15],"product_tag":[],"class_list":{"0":"post-47682","1":"product","2":"type-product","3":"status-publish","4":"has-post-thumbnail","6":"product_cat-non-classe","7":"pa_auteur-equipe-editoriale-orientica","8":"pa_editeur-orientica","9":"pa_format-155-x-155-cm","10":"pa_langue-francais","11":"pa_nombre-de-pages-653","13":"first","14":"outofstock","15":"shipping-taxable","16":"purchasable","17":"product-type-simple"},"_links":{"self":[{"href":"https:\/\/lamaktaba.fr\/index.php\/wp-json\/wp\/v2\/product\/47682","targetHints":{"allow":["GET"]}}],"collection":[{"href":"https:\/\/lamaktaba.fr\/index.php\/wp-json\/wp\/v2\/product"}],"about":[{"href":"https:\/\/lamaktaba.fr\/index.php\/wp-json\/wp\/v2\/types\/product"}],"replies":[{"embeddable":true,"href":"https:\/\/lamaktaba.fr\/index.php\/wp-json\/wp\/v2\/comments?post=47682"}],"wp:featuredmedia":[{"embeddable":true,"href":"https:\/\/lamaktaba.fr\/index.php\/wp-json\/wp\/v2\/media\/47683"}],"wp:attachment":[{"href":"https:\/\/lamaktaba.fr\/index.php\/wp-json\/wp\/v2\/media?parent=47682"}],"wp:term":[{"taxonomy":"product_brand","embeddable":true,"href":"https:\/\/lamaktaba.fr\/index.php\/wp-json\/wp\/v2\/product_brand?post=47682"},{"taxonomy":"product_cat","embeddable":true,"href":"https:\/\/lamaktaba.fr\/index.php\/wp-json\/wp\/v2\/product_cat?post=47682"},{"taxonomy":"product_tag","embeddable":true,"href":"https:\/\/lamaktaba.fr\/index.php\/wp-json\/wp\/v2\/product_tag?post=47682"}],"curies":[{"name":"wp","href":"https:\/\/api.w.org\/{rel}","templated":true}]}}