{"id":47680,"date":"2022-01-24T20:55:10","date_gmt":"2022-01-24T19:55:10","guid":{"rendered":"https:\/\/lamaktaba.fr\/index.php\/produit\/pupitre-porte-livre-sur-pied-metallique-posture-station-debout-ou-assis\/"},"modified":"2025-04-01T12:46:01","modified_gmt":"2025-04-01T10:46:01","slug":"pupitre-porte-livre-sur-pied-metallique-posture-station-debout-ou-assis","status":"publish","type":"product","link":"https:\/\/lamaktaba.fr\/index.php\/produit\/pupitre-porte-livre-sur-pied-metallique-posture-station-debout-ou-assis","title":{"rendered":"Pupitre &#8211; Porte Livre sur pied m\u00e9tallique &#8211; posture station debout ou assis"},"content":{"rendered":"<p>Plateaux en bois usin\u00e9. Bois d\u2019une qualit\u00e9 attrayante, rev\u00eatu d&rsquo;une couche protectrice. La base est con\u00e7ue sur un socle en fonte pour assurer une stabilit\u00e9 par rapport \u00e0 la taille globale des Livres support\u00e9. Les m\u00e9taux sont inoxydables. Une grande Facilit\u00e9 d&rsquo;installation et d\u00e9mant\u00e8lement. adapter pour une posture assise sur une chaise ou debout.;Plateau en Bois a angle variable;Colonne m\u00e9tallique inoxydable variable;Base m\u00e9tallique lourde;Finition et Qualit\u00e9;Poids souple;Simplicit\u00e9 du montage et du d\u00e9montage;Boite d\u2019emballage pour protection lors du transport;Poids totale: 2,8 Kg;Marque rowadpub R\u00e9f\u00e9rence 3700495412667;R\u00e9f\u00e9rences sp\u00e9cifiques Donnez votre avis;Aucun commentaire pour le moment<\/p>\n","protected":false},"excerpt":{"rendered":"<p>Plateaux en bois usin\u00e9. Bois d\u2019une qualit\u00e9 attrayante, rev\u00eatu d&rsquo;une couche protectrice. La base est con\u00e7ue sur un socle en fonte pour assurer une stabilit\u00e9 par rapport \u00e0 la taille globale des Livres support\u00e9. Les m\u00e9taux sont inoxydables. Une grande Facilit\u00e9 d&rsquo;installation et d\u00e9mant\u00e8lement. adapter pour une posture assise sur une chaise ou debout.;Plateau en [&hellip;]<\/p>\n","protected":false},"featured_media":47681,"comment_status":"open","ping_status":"closed","template":"","meta":[],"product_brand":[],"product_cat":[15],"product_tag":[],"class_list":{"0":"post-47680","1":"product","2":"type-product","3":"status-publish","4":"has-post-thumbnail","6":"product_cat-non-classe","8":"first","9":"outofstock","10":"shipping-taxable","11":"purchasable","12":"product-type-simple"},"_links":{"self":[{"href":"https:\/\/lamaktaba.fr\/index.php\/wp-json\/wp\/v2\/product\/47680","targetHints":{"allow":["GET"]}}],"collection":[{"href":"https:\/\/lamaktaba.fr\/index.php\/wp-json\/wp\/v2\/product"}],"about":[{"href":"https:\/\/lamaktaba.fr\/index.php\/wp-json\/wp\/v2\/types\/product"}],"replies":[{"embeddable":true,"href":"https:\/\/lamaktaba.fr\/index.php\/wp-json\/wp\/v2\/comments?post=47680"}],"wp:featuredmedia":[{"embeddable":true,"href":"https:\/\/lamaktaba.fr\/index.php\/wp-json\/wp\/v2\/media\/47681"}],"wp:attachment":[{"href":"https:\/\/lamaktaba.fr\/index.php\/wp-json\/wp\/v2\/media?parent=47680"}],"wp:term":[{"taxonomy":"product_brand","embeddable":true,"href":"https:\/\/lamaktaba.fr\/index.php\/wp-json\/wp\/v2\/product_brand?post=47680"},{"taxonomy":"product_cat","embeddable":true,"href":"https:\/\/lamaktaba.fr\/index.php\/wp-json\/wp\/v2\/product_cat?post=47680"},{"taxonomy":"product_tag","embeddable":true,"href":"https:\/\/lamaktaba.fr\/index.php\/wp-json\/wp\/v2\/product_tag?post=47680"}],"curies":[{"name":"wp","href":"https:\/\/api.w.org\/{rel}","templated":true}]}}