{"id":47670,"date":"2022-01-24T20:54:46","date_gmt":"2022-01-24T19:54:46","guid":{"rendered":"https:\/\/lamaktaba.fr\/index.php\/produit\/les-houroufs-en-boite-28-figurines-aimantees-en-bois-le-monde-des-houroufs\/"},"modified":"2025-04-01T12:45:32","modified_gmt":"2025-04-01T10:45:32","slug":"les-houroufs-en-boite-28-figurines-aimantees-en-bois-le-monde-des-houroufs","status":"publish","type":"product","link":"https:\/\/lamaktaba.fr\/index.php\/produit\/les-houroufs-en-boite-28-figurines-aimantees-en-bois-le-monde-des-houroufs","title":{"rendered":"Les Houroufs en bo\u00eete &#8211; 28 Figurines aimant\u00e9es en bois &#8211; Le Monde des Houroufs"},"content":{"rendered":"<p>Les Houroufs en bo\u00eete &#8211; 28 Figurines aimant\u00e9es en bois &#8211; Le Monde des Houroufs;Retrouvez en compl\u00e9ment du livre, les 28 personnages du monde des Houroufs, repr\u00e9sentant les 28 lettres de l&rsquo;alphabet arabe sous format aimant\u00e9. Ces figurines aimant\u00e9es pourront \u00eatre utilis\u00e9es pour composer des mots en arabe en retrouvant les lettres qui les composent.;Les Houroufs aimant\u00e9s en bois vous offre une multiplicit\u00e9 de jeu de manipulation, d\u2019exercices autour de la construction de mots en arabe. Dans un joli coffret, retrouvez nos 28 personnages pr\u00e9f\u00e9r\u00e9s pour poursuivre le voyage dans le monde des mots.;Caract\u00e9ristiques de Houroufs en boite;Coffret contenant 28 figurines aimant\u00e9es en bois d\u2019environ 7 cm.;Coffret: 15 x 11,5 x 4 cm<\/p>\n","protected":false},"excerpt":{"rendered":"<p>Les Houroufs en bo\u00eete &#8211; 28 Figurines aimant\u00e9es en bois &#8211; Le Monde des Houroufs;Retrouvez en compl\u00e9ment du livre, les 28 personnages du monde des Houroufs, repr\u00e9sentant les 28 lettres de l&rsquo;alphabet arabe sous format aimant\u00e9. Ces figurines aimant\u00e9es pourront \u00eatre utilis\u00e9es pour composer des mots en arabe en retrouvant les lettres qui les composent.;Les [&hellip;]<\/p>\n","protected":false},"featured_media":47671,"comment_status":"open","ping_status":"closed","template":"","meta":[],"product_brand":[],"product_cat":[1934],"product_tag":[],"class_list":{"0":"post-47670","1":"product","2":"type-product","3":"status-publish","4":"has-post-thumbnail","6":"product_cat-jeux-de-societe","7":"pa_format-15-x-11-x-4-cm","8":"pa_langue-arabe","10":"first","11":"instock","12":"shipping-taxable","13":"purchasable","14":"product-type-simple"},"_links":{"self":[{"href":"https:\/\/lamaktaba.fr\/index.php\/wp-json\/wp\/v2\/product\/47670","targetHints":{"allow":["GET"]}}],"collection":[{"href":"https:\/\/lamaktaba.fr\/index.php\/wp-json\/wp\/v2\/product"}],"about":[{"href":"https:\/\/lamaktaba.fr\/index.php\/wp-json\/wp\/v2\/types\/product"}],"replies":[{"embeddable":true,"href":"https:\/\/lamaktaba.fr\/index.php\/wp-json\/wp\/v2\/comments?post=47670"}],"wp:featuredmedia":[{"embeddable":true,"href":"https:\/\/lamaktaba.fr\/index.php\/wp-json\/wp\/v2\/media\/47671"}],"wp:attachment":[{"href":"https:\/\/lamaktaba.fr\/index.php\/wp-json\/wp\/v2\/media?parent=47670"}],"wp:term":[{"taxonomy":"product_brand","embeddable":true,"href":"https:\/\/lamaktaba.fr\/index.php\/wp-json\/wp\/v2\/product_brand?post=47670"},{"taxonomy":"product_cat","embeddable":true,"href":"https:\/\/lamaktaba.fr\/index.php\/wp-json\/wp\/v2\/product_cat?post=47670"},{"taxonomy":"product_tag","embeddable":true,"href":"https:\/\/lamaktaba.fr\/index.php\/wp-json\/wp\/v2\/product_tag?post=47670"}],"curies":[{"name":"wp","href":"https:\/\/api.w.org\/{rel}","templated":true}]}}