{"id":47663,"date":"2022-01-24T20:54:26","date_gmt":"2022-01-24T19:54:26","guid":{"rendered":"https:\/\/lamaktaba.fr\/index.php\/produit\/365-rappels-coraniques-source-dinspiration-pour-tous-les-jours-de-lannee\/"},"modified":"2025-04-01T12:43:04","modified_gmt":"2025-04-01T10:43:04","slug":"365-rappels-coraniques-source-dinspiration-pour-tous-les-jours-de-lannee","status":"publish","type":"product","link":"https:\/\/lamaktaba.fr\/index.php\/produit\/365-rappels-coraniques-source-dinspiration-pour-tous-les-jours-de-lannee","title":{"rendered":"365 Rappels coraniques (Source d&rsquo;inspiration pour tous les jours de l&rsquo;ann\u00e9e)"},"content":{"rendered":"<p>365 Rappels coraniques;\u201cCertes, c\u2019est par l\u2019\u00e9vocation d\u2019Allah que les c\u0153urs se tranquillisent\u201d Sourate 13 verset 28;Si toi aussi tu es \u00e0 la recherche d\u2019une mani\u00e8re simple et agr\u00e9able et d\u2019une source d\u2019inspiration pour en apprendre plus sur notre religion et d\u2019un moyen de se parfaire, pour s\u2019inspirer et se rappeler des commandements de notre Cr\u00e9ateur. une chose qui ne demande aucun effort e qui pourtant redonne \u00e0 ton coeur plus d\u2019amour pour Allah.;Nous vous pr\u00e9sentons avec grand plaisir les 365 rappels Coraniques. De nos jours tout va tellement vite, les jours passent. Parfois, il est n\u00e9cessaire de prendre un moment de r\u00e9pit et se rappeler du v\u00e9ritable objectif de notre vie ici-bas.;Les 365 rappels coranique ont \u00e9t\u00e9 cr\u00e9es d\u2019une mani\u00e8re tr\u00e8s agr\u00e9able pour un usage optimal pour petit et grand. c \u2019est une source d\u2019 inspiration mais aussi de tranquillit\u00e9. C\u2019est une mine d\u2019informations et \u00e0 la fois un moment de d\u00e9tente. De cette fa\u00e7on tu b\u00e9n\u00e9ficieras quotidiennement d\u2019un rappel des paroles d\u2019Allah et gagneras chaque jour des hassanaat, tout au long de l\u2019ann\u00e9e.<\/p>\n","protected":false},"excerpt":{"rendered":"<p>365 Rappels coraniques;\u201cCertes, c\u2019est par l\u2019\u00e9vocation d\u2019Allah que les c\u0153urs se tranquillisent\u201d Sourate 13 verset 28;Si toi aussi tu es \u00e0 la recherche d\u2019une mani\u00e8re simple et agr\u00e9able et d\u2019une source d\u2019inspiration pour en apprendre plus sur notre religion et d\u2019un moyen de se parfaire, pour s\u2019inspirer et se rappeler des commandements de notre Cr\u00e9ateur. [&hellip;]<\/p>\n","protected":false},"featured_media":47664,"comment_status":"open","ping_status":"closed","template":"","meta":[],"product_brand":[],"product_cat":[1921,1904],"product_tag":[],"class_list":{"0":"post-47663","1":"product","2":"type-product","3":"status-publish","4":"has-post-thumbnail","6":"product_cat-exhortation","7":"product_cat-saint-coran","8":"pa_annee-369","9":"pa_auteur-compose-par-fatima-faouzi-conception-graphic-pencil","10":"pa_editeur-hadieth-benelux","11":"pa_format-11-x-16-5-cm","12":"pa_langue-francais","13":"pa_reliure-rigide-spirale","15":"first","16":"instock","17":"shipping-taxable","18":"purchasable","19":"product-type-simple"},"_links":{"self":[{"href":"https:\/\/lamaktaba.fr\/index.php\/wp-json\/wp\/v2\/product\/47663","targetHints":{"allow":["GET"]}}],"collection":[{"href":"https:\/\/lamaktaba.fr\/index.php\/wp-json\/wp\/v2\/product"}],"about":[{"href":"https:\/\/lamaktaba.fr\/index.php\/wp-json\/wp\/v2\/types\/product"}],"replies":[{"embeddable":true,"href":"https:\/\/lamaktaba.fr\/index.php\/wp-json\/wp\/v2\/comments?post=47663"}],"wp:featuredmedia":[{"embeddable":true,"href":"https:\/\/lamaktaba.fr\/index.php\/wp-json\/wp\/v2\/media\/47664"}],"wp:attachment":[{"href":"https:\/\/lamaktaba.fr\/index.php\/wp-json\/wp\/v2\/media?parent=47663"}],"wp:term":[{"taxonomy":"product_brand","embeddable":true,"href":"https:\/\/lamaktaba.fr\/index.php\/wp-json\/wp\/v2\/product_brand?post=47663"},{"taxonomy":"product_cat","embeddable":true,"href":"https:\/\/lamaktaba.fr\/index.php\/wp-json\/wp\/v2\/product_cat?post=47663"},{"taxonomy":"product_tag","embeddable":true,"href":"https:\/\/lamaktaba.fr\/index.php\/wp-json\/wp\/v2\/product_tag?post=47663"}],"curies":[{"name":"wp","href":"https:\/\/api.w.org\/{rel}","templated":true}]}}