{"id":47661,"date":"2022-01-24T20:54:17","date_gmt":"2022-01-24T19:54:17","guid":{"rendered":"https:\/\/lamaktaba.fr\/index.php\/produit\/histoires-des-prophetes-de-ibn-kathir-iiph-editions\/"},"modified":"2025-04-01T12:46:01","modified_gmt":"2025-04-01T10:46:01","slug":"histoires-des-prophetes-de-ibn-kathir-iiph-editions","status":"publish","type":"product","link":"https:\/\/lamaktaba.fr\/index.php\/produit\/histoires-des-prophetes-de-ibn-kathir-iiph-editions","title":{"rendered":"Histoires des Proph\u00e8tes, de Ibn Kathir, IIPH \u00c9ditions"},"content":{"rendered":"<p>Histoires des Proph\u00e8tes, de Ibn Kathir (Qisas Al Anbiyae);Chaque proph\u00e8te et Messsager envoy\u00e9 \u00e0 l&rsquo; humanit\u00e9 \u00e9tait porteur du m\u00eame message: tous invit\u00e8rent les gens \u00e0 n&rsquo;adorer qu&rsquo;Allah. Tout en citant les versets coraniques et les hadiths li\u00e9s \u00e0 ces Proph\u00e8tes, ce livre met en lumi\u00e8re leur cot\u00e9 humain, tant et si bien qu&rsquo;ils apparaissent vivants au lecteur. Les d\u00e9tails minutieux permettent au lecteur de s&rsquo;inspirer de leurs personnalit\u00e9s, de comprendre le sens de leur message et de les d\u00e9couvrir ou red\u00e9couvrir dans de nouvelles perspectives.;Histoires des proph\u00e8tes est l&rsquo;une des \u0153uvres les plus compl\u00e8tes du tr\u00e8s renomm\u00e9 savant Ibn Kathir. Ce livre islamique authentique est le travail d&rsquo;un historien et expert en hadiths qui d\u00e9taille la vie des Proph\u00e8tes mentionn\u00e9s dans le Coran.;Ce livre est un tr\u00e9sor pour l&rsquo;\u00e9tudiant d\u00e9sirant en savoir plus sur les Proph\u00e8tes, le chercheur en qu\u00eate de r\u00e9f\u00e9rences authentiques, ou toute personne souhaitant s&rsquo;informer sur la vie des nobles Proph\u00e8tes.<\/p>\n","protected":false},"excerpt":{"rendered":"<p>Histoires des Proph\u00e8tes, de Ibn Kathir (Qisas Al Anbiyae);Chaque proph\u00e8te et Messsager envoy\u00e9 \u00e0 l&rsquo; humanit\u00e9 \u00e9tait porteur du m\u00eame message: tous invit\u00e8rent les gens \u00e0 n&rsquo;adorer qu&rsquo;Allah. Tout en citant les versets coraniques et les hadiths li\u00e9s \u00e0 ces Proph\u00e8tes, ce livre met en lumi\u00e8re leur cot\u00e9 humain, tant et si bien qu&rsquo;ils apparaissent [&hellip;]<\/p>\n","protected":false},"featured_media":47662,"comment_status":"open","ping_status":"closed","template":"","meta":[],"product_brand":[],"product_cat":[15],"product_tag":[],"class_list":{"0":"post-47661","1":"product","2":"type-product","3":"status-publish","4":"has-post-thumbnail","6":"product_cat-non-classe","7":"pa_auteur-imam-imadouddin-aboul-fida-ismail-ibn-kathir-ad-dimachki","8":"pa_editeur-iiph","9":"pa_langue-francais","10":"pa_reliure-rigide","12":"first","13":"outofstock","14":"shipping-taxable","15":"purchasable","16":"product-type-simple"},"_links":{"self":[{"href":"https:\/\/lamaktaba.fr\/index.php\/wp-json\/wp\/v2\/product\/47661","targetHints":{"allow":["GET"]}}],"collection":[{"href":"https:\/\/lamaktaba.fr\/index.php\/wp-json\/wp\/v2\/product"}],"about":[{"href":"https:\/\/lamaktaba.fr\/index.php\/wp-json\/wp\/v2\/types\/product"}],"replies":[{"embeddable":true,"href":"https:\/\/lamaktaba.fr\/index.php\/wp-json\/wp\/v2\/comments?post=47661"}],"wp:featuredmedia":[{"embeddable":true,"href":"https:\/\/lamaktaba.fr\/index.php\/wp-json\/wp\/v2\/media\/47662"}],"wp:attachment":[{"href":"https:\/\/lamaktaba.fr\/index.php\/wp-json\/wp\/v2\/media?parent=47661"}],"wp:term":[{"taxonomy":"product_brand","embeddable":true,"href":"https:\/\/lamaktaba.fr\/index.php\/wp-json\/wp\/v2\/product_brand?post=47661"},{"taxonomy":"product_cat","embeddable":true,"href":"https:\/\/lamaktaba.fr\/index.php\/wp-json\/wp\/v2\/product_cat?post=47661"},{"taxonomy":"product_tag","embeddable":true,"href":"https:\/\/lamaktaba.fr\/index.php\/wp-json\/wp\/v2\/product_tag?post=47661"}],"curies":[{"name":"wp","href":"https:\/\/api.w.org\/{rel}","templated":true}]}}